{"id":1624,"date":"2017-09-15T10:46:43","date_gmt":"2017-09-15T08:46:43","guid":{"rendered":"https:\/\/wegeblw.pl\/index.php\/produkt\/vmware-academic-basic-support-subscription-vcenter-server-7-standard-for-vsphere-7-per-instance-for-1-year-vcs7stdgsssa\/"},"modified":"2026-04-08T07:27:50","modified_gmt":"2026-04-08T05:27:50","slug":"vmware-academic-basic-support-subscription-vcenter-server-7-standard-for-vsphere-7-per-instance-for-1-year-vcs7stdgsssa","status":"publish","type":"product","link":"https:\/\/wegeblw.pl\/index.php\/produkt\/vmware-academic-basic-support-subscription-vcenter-server-7-standard-for-vsphere-7-per-instance-for-1-year-vcs7stdgsssa\/","title":{"rendered":"Vmware Academic Basic Support\/Subscription vCenter Server 7 Standard for vSphere 7 (Per Instance) for 1 year (VCS7STDGSSSA)"},"content":{"rendered":"<p>Potas 360 mg cytrynian potasu &#8211; 120 kapsu\u0142ek<\/p>\n<p>Minera\u0142y i witaminy<\/p>\n<p>kasztany cena, farfale, przek\u0105ski do szko\u0142y dla dzieci, musli tropikalne, oliwa do sma\u017cenia, laboratorium kosmetyczne krak\u00f3w, onlynio, cukier trzcinowy a cukier bia\u0142y, chleb orkiszowy dla cukrzyka, orzechy makadamia, vege bigos, tapioka z czego jest, ry\u017cowy, pranie bez p\u0142ynu do p\u0142ukania, witamina c stanlab, tabletki skrzyp, jab\u0142ko mutsu, najlepsza owsianka, maslan sodu, bu\u0142ki proteinowe<\/p>\n<p>yyyyy<\/p>\n","protected":false},"excerpt":{"rendered":"<p>Potas 360 mg cytrynian potasu &#8211; 120 kapsu\u0142ek Minera\u0142y i witaminy kasztany cena, farfale, przek\u0105ski do szko\u0142y dla dzieci, musli&hellip;<\/p>\n","protected":false},"featured_media":1625,"comment_status":"closed","ping_status":"open","template":"","meta":[],"product_cat":[207],"product_tag":[872,712,735,817],"class_list":["post-1624","product","type-product","status-publish","has-post-thumbnail","hentry","product_cat-pozostale-oprogramowanie","product_tag-bis-ethylhexyloxyphenol-methoxyphenyl-triazine","product_tag-dynia-pieczona","product_tag-na-dobranoc","product_tag-niepasteryzowane-mleko"],"_links":{"self":[{"href":"https:\/\/wegeblw.pl\/index.php\/wp-json\/wp\/v2\/product\/1624","targetHints":{"allow":["GET"]}}],"collection":[{"href":"https:\/\/wegeblw.pl\/index.php\/wp-json\/wp\/v2\/product"}],"about":[{"href":"https:\/\/wegeblw.pl\/index.php\/wp-json\/wp\/v2\/types\/product"}],"replies":[{"embeddable":true,"href":"https:\/\/wegeblw.pl\/index.php\/wp-json\/wp\/v2\/comments?post=1624"}],"wp:featuredmedia":[{"embeddable":true,"href":"https:\/\/wegeblw.pl\/index.php\/wp-json\/wp\/v2\/media\/1625"}],"wp:attachment":[{"href":"https:\/\/wegeblw.pl\/index.php\/wp-json\/wp\/v2\/media?parent=1624"}],"wp:term":[{"taxonomy":"product_cat","embeddable":true,"href":"https:\/\/wegeblw.pl\/index.php\/wp-json\/wp\/v2\/product_cat?post=1624"},{"taxonomy":"product_tag","embeddable":true,"href":"https:\/\/wegeblw.pl\/index.php\/wp-json\/wp\/v2\/product_tag?post=1624"}],"curies":[{"name":"wp","href":"https:\/\/api.w.org\/{rel}","templated":true}]}}