{"id":1642,"date":"2022-12-03T11:24:31","date_gmt":"2022-12-03T10:24:31","guid":{"rendered":"https:\/\/wegeblw.pl\/?post_type=product&#038;p=1642"},"modified":"2026-04-09T01:10:31","modified_gmt":"2026-04-08T23:10:31","slug":"doctor-life-squalene-skwalen-1000-mg-60-kaps","status":"publish","type":"product","link":"https:\/\/wegeblw.pl\/index.php\/produkt\/doctor-life-squalene-skwalen-1000-mg-60-kaps\/","title":{"rendered":"Doctor Life Squalene skwalen 1000 mg 60 kaps"},"content":{"rendered":"<p>Wybierz wi\u0119kszy komfort z technologi\u0105 Fresh&amp;Black, aby spa\u0107 w ch\u0142odzie i ciemno\u015bci. Samono\u015bna kopu\u0142a, kt\u00f3r\u0105 mo\u017cna przenosi\u0107 po roz\u0142o\u017ceniu. Struktura samono\u015bna. \u0141atwy monta\u017c stela\u017ca. Sypialnia 197 X 210 cm. Maks. wys. u\u017cytkowa: 116 cm Wymiary pokrowca: 60 x 20 x 18 cm waga: 4,1 kg Boczne wentylacje, tkanina Fresh and Black, aby dobrze spa\u0107. Opatentowana zewn\u0119trzna tkanina namiotu: FRESH &amp; BLACK 99% zaciemnienia. Odporno\u015b\u0107 na wiatr 40 km\/godz. (si\u0142a 5): testowany w tunelu aerodynamicznym. Test s\u0142upa wody (Schmerber): Tropik &gt; 2000 mm. Pod\u0142oga sypialni &gt; 5000 mm. Cz\u0119\u015bci zamienne dost\u0119pne on-line lub w serwisie Decathlon.<\/p>\n<p>Namioty<\/p>\n<p>makaron ryzowy z, herbella, ciastko jaglane, sok z karczocha, kandyzowana sk\u00f3rka z cytryny, vermis, kostki do zmywarki, slomki, viridian pregnancy complex, sok grejpfrutowy, mozzarella kulki, chia cena<\/p>\n<p>yyyyy<\/p>\n","protected":false},"excerpt":{"rendered":"<p>Wybierz wi\u0119kszy komfort z technologi\u0105 Fresh&amp;Black, aby spa\u0107 w ch\u0142odzie i ciemno\u015bci. Samono\u015bna kopu\u0142a, kt\u00f3r\u0105 mo\u017cna przenosi\u0107 po roz\u0142o\u017ceniu. Struktura&hellip;<\/p>\n","protected":false},"featured_media":1643,"comment_status":"closed","ping_status":"open","template":"","meta":[],"product_cat":[81],"product_tag":[774,839,785],"class_list":["post-1642","product","type-product","status-publish","has-post-thumbnail","hentry","product_cat-uklad-krazenia-i-serce","product_tag-cytryny-ekologiczne","product_tag-mleko-niepasteryzowane","product_tag-riyal-green"],"_links":{"self":[{"href":"https:\/\/wegeblw.pl\/index.php\/wp-json\/wp\/v2\/product\/1642","targetHints":{"allow":["GET"]}}],"collection":[{"href":"https:\/\/wegeblw.pl\/index.php\/wp-json\/wp\/v2\/product"}],"about":[{"href":"https:\/\/wegeblw.pl\/index.php\/wp-json\/wp\/v2\/types\/product"}],"replies":[{"embeddable":true,"href":"https:\/\/wegeblw.pl\/index.php\/wp-json\/wp\/v2\/comments?post=1642"}],"wp:featuredmedia":[{"embeddable":true,"href":"https:\/\/wegeblw.pl\/index.php\/wp-json\/wp\/v2\/media\/1643"}],"wp:attachment":[{"href":"https:\/\/wegeblw.pl\/index.php\/wp-json\/wp\/v2\/media?parent=1642"}],"wp:term":[{"taxonomy":"product_cat","embeddable":true,"href":"https:\/\/wegeblw.pl\/index.php\/wp-json\/wp\/v2\/product_cat?post=1642"},{"taxonomy":"product_tag","embeddable":true,"href":"https:\/\/wegeblw.pl\/index.php\/wp-json\/wp\/v2\/product_tag?post=1642"}],"curies":[{"name":"wp","href":"https:\/\/api.w.org\/{rel}","templated":true}]}}