{"id":1662,"date":"2021-06-07T14:49:18","date_gmt":"2021-06-07T12:49:18","guid":{"rendered":"https:\/\/wegeblw.pl\/index.php\/produkt\/activlab-pharma-recomed-elektrolity-smak-pomaranczowy-10-sasz\/"},"modified":"2026-04-07T01:17:09","modified_gmt":"2026-04-06T23:17:09","slug":"activlab-pharma-recomed-elektrolity-smak-pomaranczowy-10-sasz","status":"publish","type":"product","link":"https:\/\/wegeblw.pl\/index.php\/produkt\/activlab-pharma-recomed-elektrolity-smak-pomaranczowy-10-sasz\/","title":{"rendered":"Activlab Pharma RecoMed Elektrolity smak pomara\u0144czowy 10 sasz."},"content":{"rendered":"<p>NUXE Nuxuriance\u00ae Gold Ultraod\u017cywczy olejkowy krem do twarzy 50 mlPrzywraca g\u0119sto\u015b\u0107, od\u017cywia, rewitalizuje sk\u00f3r\u0119.Zawiera kom\u00f3rki dwu-kwiatowe szafranu i bugenwilli, a tak\u017ce jlaogulan, kwiat czystka oraz etlinger\u0119 wynios\u0142\u0105.INNOWACJA NUXE: formu\u0142a kremu zawiera po\u0142\u0105czenie kom\u00f3rek dwu-kwiatowych szafranu i bugenwilli z Oleaktywnym Kompleksem z porcelanowej r\u00f3\u017cy etlingery wynios\u0142ej oraz kompleks uzupe\u0142niaj\u0105cy lipidy dla odbudowy kom\u00f3rkowej, od\u017cywienia i roz\u015bwietlenia sk\u00f3ry os\u0142abionej wiekiem.Olejkowy krem ze z\u0142otymi drobinkami odbijaj\u0105cymi \u015bwiat\u0142o, nadaje sk\u00f3rze od\u017cywczej witalno\u015bci, daj\u0105c natychmiastowy efekt upi\u0119kszenia sk\u00f3ry.Od pierwszej aplikacji sk\u00f3ra jest widocznie nawil\u017cona i rozja\u015bniona. Od\u017cywiona sk\u00f3ra jest komfortowa, mi\u0119kka i elastyczna. Dzie\u0144 po dniu, sk\u00f3ra staje si\u0119 grubsza: zmarszczki s\u0105 wype\u0142nione, a sk\u00f3ra roz\u015bwietlona zdrowym blaskiem.Zawiera 92.7% sk\u0142adnik\u00f3w pochodzenia naturalnego. 4 NUXE PATENTY (FR)Stosuj rano na sk\u00f3r\u0119 twarzy, szyi i dekoltu, po na\u0142o\u017ceniu Serum od\u017cywczo-rewitalizuj\u0105cego Nuxuriance\u00ae Gold.1. Nabierz odrobin\u0119 kremu-olejku na koniuszki palc\u00f3w i delikatnie rozgrzej konsystencj\u0119 w d\u0142oniach.2. Nast\u0119pnie na\u0142\u00f3\u017c na sk\u00f3r\u0119 twarzy, szyi i dekoltu delikatnymi ruchami wyg\u0142adzaj\u0105cymi od do\u0142u ku g\u00f3rze.Zapach: subtelny zapach bia\u0142ych kwiat\u00f3w i drzewa sanda\u0142owego, kt\u00f3ry podkre\u015bla kobieco\u015b\u0107 i elegancj\u0119AQUA\/WATER, SQUALANE, GLYCERIN, COCO-CAPRYLATE\/CAPRATE, BEHENYL ALCOHOL, MACADAMIA INTEGRIFOLIA SEED OIL, ARACHIDYL ALCOHOL, DIMETHICONE, CETEARYL ALCOHOL, HYDROGENATED COCONUT OIL, PARFUM\/FRAGRANCE, TOCOPHEROL, ARACHIDYL GLUCOSIDE, MICA, ACRYLATES\/C10-30 ALKYL ACRYLATE CROSSPOLYMER, PHENOXYETHANOL, ETHYLHEXYLGLYCERIN, SODIUM STEAROYL GLUTAMATE, DEHYDROACETIC ACID, CAPRYLOYL GLYCINE, SODIUM GLUCONATE, SODIUM HYDROXIDE, XANTHAN GUM, CITRIC ACID, HYALURONIC ACID, BOUGAINVILLEA GLABRA LEAF CELL EXTRACT, DECYL GLUCOSIDE, GLUTAMINE, PHENETHYL ALCOHOL, BRASSICA CAMPESTRIS (RAPESEED) SEED OIL, CI 77491\/IRON OXIDES, SOLANUM LYCOPERSICUM (TOMATO) FRUIT EXTRACT, CISTUS INCANUS FLOWER\/LEAF\/STEM EXTRACT, GYNOSTEMMA PENTAPHYLLUM LEAF\/STEM EXTRACT, ETLINGERA ELATIOR EXTRACT, SIMMONDSIA CHINENSIS (JOJOBA) SEED OIL, CROCUS SATIVUS FLOWER EXTRACT, EICHHORNIA CRASSIPES EXTRACT, BENZYL ALCOHOL, BENZYL SALICYLATE, LINALOOL, COUMARIN, GERANIOL, CITRONELLOL [N4002\/A].. Lista sk\u0142adnik\u00f3w mo\u017ce ulec zmianie, zaleca si\u0119 aby ka\u017cdorazowo sprawdzi\u0107 list\u0119 na opakowaniach zakupionych produkt\u00f3w.Nuxuriance\u00ae Gold &#8211; nowa gama produkt\u00f3w do piel\u0119gnacji sk\u00f3ry o wyj\u0105tkowym dzia\u0142aniu przeciwstarzeniowym dla sk\u00f3ry dojrza\u0142ej.Nuxuriance\u00ae Gold , innowacja marki NUXE z 4 patentami (FR), kt\u00f3ra dzia\u0142a na wszystkie widoczne oznaki up\u0142ywaj\u0105cego czasu: utrata od\u017cywienia, g\u0119sto\u015bci, blasku sk\u00f3ry, widoczne zmarszczki. Gama ta odpowiada na specyficzne potrzeby suchej sk\u00f3ry, os\u0142abionej przez wiek.Po raz pierwszy NUXE po\u0142\u0105czy\u0142o kom\u00f3rki dwu-kwiatowe z szafranu i bugenwilli z oleoaktywnym ekstraktem z etlingery wynios\u0142ej.Formu\u0142y o zawarto\u015bci 92% sk\u0142adnik\u00f3w pochodzenia naturalnego oraz koj\u0105cych teksturach.Sk\u00f3ra jest rozja\u015bniona, od\u017cywiona i pe\u0142na \u017cycia.Efekty:- Intensywnie od\u017cywiona u 88%* kobiet,- Rysy s\u0105 wyostrzone u 88% kobiet*,- Wzmocniona u 84%* kobiet*Test u\u017cycia &#8211; 32 ochotniczki. % zadowolenia po 28 dniach stosowania ultraod\u017cywczego olejkowego kremu do twarzy.Nuxe pozwala kobietom wyra\u017ca\u0107 swoje pi\u0119kno, pozna\u0107 swoje wewn\u0119trzne potrzeby na nowo. Pozwala rozbudzi\u0107 zmys\u0142y w zgodzie z natur\u0105. Naukowcy Laboratorium Nuxe \u0142\u0105cz\u0105 si\u0142\u0119 natury z pot\u0119g\u0105 nauki. Dzi\u0119ki takiemu po\u0142\u0105czeniu mo\u017cemy cieszy\u0107 si\u0119 z u\u017cytkowania niezwyk\u0142ych kosmetyk\u00f3w. Nuxe si\u0119ga do serca natury, kt\u00f3ra oferuje niepowtarzalne sk\u0142adniki. Dzi\u0119ki niej kosmetyki Nuxe oferuj\u0105 innowacyjne receptury i wysoko st\u0119\u017cone sk\u0142adniki ro\u015blinne. Wszystkie produkty powstaj\u0105 w samym sercu Pary\u017ca.Nuxe zosta\u0142o uznane przez INPI (Institut National de la Propri\u00e9t\u00e9 Industrielle) za najbardziej innowacyjn\u0105 firm\u0119 we Francji dzi\u0119ki 45 zg\u0142oszeniom patentowym.Od pocz\u0105tku swojej dzia\u0142alno\u015bci Nuxe czerpie z si\u0142y dar\u00f3w natury oraz zobowi\u0105zuje si\u0119 do poszanowania zasad etyki, kt\u00f3re dbaj\u0105 o pi\u0119kno \u015brodowiska. Nuxe dba o kobiety, pragn\u0105, aby ka\u017cda z naszych klientek wygl\u0105da\u0142a i czu\u0142a si\u0119 wyj\u0105tkowo. Nuxe wk\u0142ada du\u017co pracy w tworzenie produkt\u00f3w na jak najwy\u017cszym poziomie. Do produkcji kosmetyk\u00f3w nie wykorzystuj\u0105 paraben\u00f3w, olej\u00f3w mineralnych, substancji pochodzenia zwierz\u0119cego ani mikrocz\u0105steczek plastiku.NUXE gwarantuje, \u017ce wszystkie produkty s\u0105 wysokiej jako\u015bci, zosta\u0142y wykonane we Francji, nie by\u0142y testowane na zwierz\u0119tach i s\u0105 zgodne z obowi\u0105zuj\u0105cymi przepisami.<\/p>\n<p>Dermokosmetyki<\/p>\n<p>chorob\u0105 hashimoto dieta, siemie lniane blonnik, olej rafinowany, skrobia spo\u017cywcza co to jest, skrobia kukurydziana a maka kukurydziana, witamina d3 z olejem lnianym, nasiona ja\u0142owca, olejek do ucha, tlenek cynku wz\u00f3r, chipsy pomidorowe, kozie ziele jak wyglada, morszczyn przeciwwskazania, menstruacyjny kubeczek, woda z gotowanych burak\u00f3w, daktyle na por\u00f3d, bambus jadalny, witamina b12 co to jest, suszenie jab\u0142ek<\/p>\n<p><a href=\"https:\/\/www.digitent.pl\/pufy-reklamowe\">https:\/\/www.digitent.pl\/pufy-reklamowe<\/a><\/p>\n","protected":false},"excerpt":{"rendered":"<p>NUXE Nuxuriance\u00ae Gold Ultraod\u017cywczy olejkowy krem do twarzy 50 mlPrzywraca g\u0119sto\u015b\u0107, od\u017cywia, rewitalizuje sk\u00f3r\u0119.Zawiera kom\u00f3rki dwu-kwiatowe szafranu i bugenwilli, a&hellip;<\/p>\n","protected":false},"featured_media":1663,"comment_status":"closed","ping_status":"open","template":"","meta":[],"product_cat":[59],"product_tag":[778,632,654],"class_list":["post-1662","product","type-product","status-publish","has-post-thumbnail","hentry","product_cat-zywienie-medyczne","product_tag-burak","product_tag-komosa-ryzowa-jak-gotowac","product_tag-plastik-w-oceanach"],"_links":{"self":[{"href":"https:\/\/wegeblw.pl\/index.php\/wp-json\/wp\/v2\/product\/1662","targetHints":{"allow":["GET"]}}],"collection":[{"href":"https:\/\/wegeblw.pl\/index.php\/wp-json\/wp\/v2\/product"}],"about":[{"href":"https:\/\/wegeblw.pl\/index.php\/wp-json\/wp\/v2\/types\/product"}],"replies":[{"embeddable":true,"href":"https:\/\/wegeblw.pl\/index.php\/wp-json\/wp\/v2\/comments?post=1662"}],"wp:featuredmedia":[{"embeddable":true,"href":"https:\/\/wegeblw.pl\/index.php\/wp-json\/wp\/v2\/media\/1663"}],"wp:attachment":[{"href":"https:\/\/wegeblw.pl\/index.php\/wp-json\/wp\/v2\/media?parent=1662"}],"wp:term":[{"taxonomy":"product_cat","embeddable":true,"href":"https:\/\/wegeblw.pl\/index.php\/wp-json\/wp\/v2\/product_cat?post=1662"},{"taxonomy":"product_tag","embeddable":true,"href":"https:\/\/wegeblw.pl\/index.php\/wp-json\/wp\/v2\/product_tag?post=1662"}],"curies":[{"name":"wp","href":"https:\/\/api.w.org\/{rel}","templated":true}]}}