{"id":1694,"date":"2018-07-19T06:41:17","date_gmt":"2018-07-19T04:41:17","guid":{"rendered":"https:\/\/wegeblw.pl\/index.php\/produkt\/australian-bush-flower-essences-confid-zbuduj-pewnosc-siebie-krople-30ml\/"},"modified":"2026-04-09T17:43:05","modified_gmt":"2026-04-09T15:43:05","slug":"australian-bush-flower-essences-confid-zbuduj-pewnosc-siebie-krople-30ml","status":"publish","type":"product","link":"https:\/\/wegeblw.pl\/index.php\/produkt\/australian-bush-flower-essences-confid-zbuduj-pewnosc-siebie-krople-30ml\/","title":{"rendered":"Australian Bush Flower Essences Confid Zbuduj Pewno\u015b\u0107 Siebie Krople 30ml"},"content":{"rendered":"<p>Carrera 2012 086 Rozmiar: 52<\/p>\n<p>Okulary oprawki i szk\u0142a<\/p>\n<p>cytrynian magnezu tabletki, na dzie\u0144 dobry, ry\u017c br\u0105zowy przepis, wybielanie zebow weglem aktywnym, skrobia ziemniaczana kcal, aktywna piana do czyszczenia, erythritol, olejek z gojnikiem<\/p>\n<p>yyyyy<\/p>\n","protected":false},"excerpt":{"rendered":"<p>Carrera 2012 086 Rozmiar: 52 Okulary oprawki i szk\u0142a cytrynian magnezu tabletki, na dzie\u0144 dobry, ry\u017c br\u0105zowy przepis, wybielanie zebow&hellip;<\/p>\n","protected":false},"featured_media":1695,"comment_status":"closed","ping_status":"open","template":"","meta":[],"product_cat":[18],"product_tag":[791,711,866,837],"class_list":["post-1694","product","type-product","status-publish","has-post-thumbnail","hentry","product_cat-mineraly-i-witaminy","product_tag-bio-market","product_tag-pestki-granatu-wlasciwosci","product_tag-siemie-lniane-do-picia","product_tag-soczewica-czerwona"],"_links":{"self":[{"href":"https:\/\/wegeblw.pl\/index.php\/wp-json\/wp\/v2\/product\/1694","targetHints":{"allow":["GET"]}}],"collection":[{"href":"https:\/\/wegeblw.pl\/index.php\/wp-json\/wp\/v2\/product"}],"about":[{"href":"https:\/\/wegeblw.pl\/index.php\/wp-json\/wp\/v2\/types\/product"}],"replies":[{"embeddable":true,"href":"https:\/\/wegeblw.pl\/index.php\/wp-json\/wp\/v2\/comments?post=1694"}],"wp:featuredmedia":[{"embeddable":true,"href":"https:\/\/wegeblw.pl\/index.php\/wp-json\/wp\/v2\/media\/1695"}],"wp:attachment":[{"href":"https:\/\/wegeblw.pl\/index.php\/wp-json\/wp\/v2\/media?parent=1694"}],"wp:term":[{"taxonomy":"product_cat","embeddable":true,"href":"https:\/\/wegeblw.pl\/index.php\/wp-json\/wp\/v2\/product_cat?post=1694"},{"taxonomy":"product_tag","embeddable":true,"href":"https:\/\/wegeblw.pl\/index.php\/wp-json\/wp\/v2\/product_tag?post=1694"}],"curies":[{"name":"wp","href":"https:\/\/api.w.org\/{rel}","templated":true}]}}