{"id":1704,"date":"2014-04-10T11:50:33","date_gmt":"2014-04-10T09:50:33","guid":{"rendered":"https:\/\/wegeblw.pl\/index.php\/produkt\/glukozamina-500-plus-90-tabletek\/"},"modified":"2026-04-07T08:18:50","modified_gmt":"2026-04-07T06:18:50","slug":"glukozamina-500-plus-90-tabletek","status":"publish","type":"product","link":"https:\/\/wegeblw.pl\/index.php\/produkt\/glukozamina-500-plus-90-tabletek\/","title":{"rendered":"Glukozamina 500 Plus 90 tabletek"},"content":{"rendered":"<p>Oprawy okularowe Rodenstock<\/p>\n<p>Okulary oprawki i szk\u0142a<\/p>\n<p>prolina wyst\u0119powanie, jab\u0142ko bez pestek, orzechy laskowe pra\u017cone w\u0142a\u015bciwo\u015bci, sklep eco, indeks glikemiczny produktow, visanto witamina d3, morela gorzka, czy mak jest zdrowy, \u0441\u0435\u0437\u0430\u043c, keto ciasteczka kokosowe, czy cynamon jest zdrowy, figuretka, jak smakuje syrop klonowy, co to s\u0105 pomidory pelati, s\u00f3l epsom 25kg, jogurt kokosowy bez cukru, czy jajecznica jest lekkostrawna, cynamon wlasciwosci lecznicze, orzeszki ziemne gdzie rosn\u0105, olej z dziurawca<\/p>\n<p>yyyyy<\/p>\n","protected":false},"excerpt":{"rendered":"<p>Oprawy okularowe Rodenstock Okulary oprawki i szk\u0142a prolina wyst\u0119powanie, jab\u0142ko bez pestek, orzechy laskowe pra\u017cone w\u0142a\u015bciwo\u015bci, sklep eco, indeks glikemiczny&hellip;<\/p>\n","protected":false},"featured_media":1705,"comment_status":"closed","ping_status":"open","template":"","meta":[],"product_cat":[17],"product_tag":[723,684,704,817,743],"class_list":["post-1704","product","type-product","status-publish","has-post-thumbnail","hentry","product_cat-stawy-miesnie-i-kosci","product_tag-guar","product_tag-kurkuma-korzen","product_tag-naturgreen","product_tag-niepasteryzowane-mleko","product_tag-siemie-lniane"],"_links":{"self":[{"href":"https:\/\/wegeblw.pl\/index.php\/wp-json\/wp\/v2\/product\/1704","targetHints":{"allow":["GET"]}}],"collection":[{"href":"https:\/\/wegeblw.pl\/index.php\/wp-json\/wp\/v2\/product"}],"about":[{"href":"https:\/\/wegeblw.pl\/index.php\/wp-json\/wp\/v2\/types\/product"}],"replies":[{"embeddable":true,"href":"https:\/\/wegeblw.pl\/index.php\/wp-json\/wp\/v2\/comments?post=1704"}],"wp:featuredmedia":[{"embeddable":true,"href":"https:\/\/wegeblw.pl\/index.php\/wp-json\/wp\/v2\/media\/1705"}],"wp:attachment":[{"href":"https:\/\/wegeblw.pl\/index.php\/wp-json\/wp\/v2\/media?parent=1704"}],"wp:term":[{"taxonomy":"product_cat","embeddable":true,"href":"https:\/\/wegeblw.pl\/index.php\/wp-json\/wp\/v2\/product_cat?post=1704"},{"taxonomy":"product_tag","embeddable":true,"href":"https:\/\/wegeblw.pl\/index.php\/wp-json\/wp\/v2\/product_tag?post=1704"}],"curies":[{"name":"wp","href":"https:\/\/api.w.org\/{rel}","templated":true}]}}