{"id":1730,"date":"2015-10-06T15:52:47","date_gmt":"2015-10-06T13:52:47","guid":{"rendered":"https:\/\/wegeblw.pl\/index.php\/produkt\/aboca-grintuss-herbatka-20-sasz\/"},"modified":"2026-04-09T19:03:01","modified_gmt":"2026-04-09T17:03:01","slug":"aboca-grintuss-herbatka-20-sasz","status":"publish","type":"product","link":"https:\/\/wegeblw.pl\/index.php\/produkt\/aboca-grintuss-herbatka-20-sasz\/","title":{"rendered":"Aboca Grintuss Herbatka 20 sasz."},"content":{"rendered":"<p>Herbatka Na Zaparcia Babka Jajowata P\u0142esznik<\/p>\n<p>Herbata<\/p>\n<p>majonez mango, a\u0142un dezodorant opinie, oliwa z oliwek extra vergine, najlepsze proszki do prania, yerba mate w ci\u0105\u017cy, ser bez laktozy, bu\u0142ka pszenno \u017cytnia, przyprawa podlaska, karob w proszku<\/p>\n<p>yyyyy<\/p>\n","protected":false},"excerpt":{"rendered":"<p>Herbatka Na Zaparcia Babka Jajowata P\u0142esznik Herbata majonez mango, a\u0142un dezodorant opinie, oliwa z oliwek extra vergine, najlepsze proszki do&hellip;<\/p>\n","protected":false},"featured_media":1731,"comment_status":"closed","ping_status":"open","template":"","meta":[],"product_cat":[41],"product_tag":[847,876,643,755,796],"class_list":["post-1730","product","type-product","status-publish","has-post-thumbnail","hentry","product_cat-ziola-i-herbaty-lecznicze","product_tag-czym-zastapic-nabial","product_tag-herbaty-bio","product_tag-jak-ugotowac-komose","product_tag-olej-ryzowy-do-smazenia","product_tag-pasta-misi"],"_links":{"self":[{"href":"https:\/\/wegeblw.pl\/index.php\/wp-json\/wp\/v2\/product\/1730","targetHints":{"allow":["GET"]}}],"collection":[{"href":"https:\/\/wegeblw.pl\/index.php\/wp-json\/wp\/v2\/product"}],"about":[{"href":"https:\/\/wegeblw.pl\/index.php\/wp-json\/wp\/v2\/types\/product"}],"replies":[{"embeddable":true,"href":"https:\/\/wegeblw.pl\/index.php\/wp-json\/wp\/v2\/comments?post=1730"}],"wp:featuredmedia":[{"embeddable":true,"href":"https:\/\/wegeblw.pl\/index.php\/wp-json\/wp\/v2\/media\/1731"}],"wp:attachment":[{"href":"https:\/\/wegeblw.pl\/index.php\/wp-json\/wp\/v2\/media?parent=1730"}],"wp:term":[{"taxonomy":"product_cat","embeddable":true,"href":"https:\/\/wegeblw.pl\/index.php\/wp-json\/wp\/v2\/product_cat?post=1730"},{"taxonomy":"product_tag","embeddable":true,"href":"https:\/\/wegeblw.pl\/index.php\/wp-json\/wp\/v2\/product_tag?post=1730"}],"curies":[{"name":"wp","href":"https:\/\/api.w.org\/{rel}","templated":true}]}}