{"id":1739,"date":"2018-07-17T09:05:29","date_gmt":"2018-07-17T07:05:29","guid":{"rendered":"https:\/\/wegeblw.pl\/index.php\/produkt\/vika-beben-bebny-hamulcowe-skoda-fabia-vw-polo-ibiza-a2\/"},"modified":"2026-04-09T09:40:45","modified_gmt":"2026-04-09T07:40:45","slug":"vika-beben-bebny-hamulcowe-skoda-fabia-vw-polo-ibiza-a2","status":"publish","type":"product","link":"https:\/\/wegeblw.pl\/index.php\/produkt\/vika-beben-bebny-hamulcowe-skoda-fabia-vw-polo-ibiza-a2\/","title":{"rendered":"Vika B\u0119ben B\u0119bny Hamulcowe Skoda Fabia Vw Polo Ibiza A2"},"content":{"rendered":"<p>Witamina D3 marki 3Flow Solutions pomo\u017ce uzupe\u0142ni\u0107 niedob\u00f3r tej wa\u017cnej dla zdrowia witaminy. Zadbaj o stan ko\u015bci i z\u0119b\u00f3w oraz wesprzyj sw\u00f3j uk\u0142ad odporno\u015bciowy suplementem, kt\u00f3ry zawiera a\u017c 2000 jednostek! Tu w ekonomicznym zestawie 2x 90 kapsu\u0142ek!<\/p>\n<p>Witaminy i minera\u0142y<\/p>\n<p>kule do masa\u017cu twarzy, wit d dla doroslych, kombucha w ci\u0105\u017cy, spo\u017cywczy online, ciastka domowe kruche, m\u0105ki niskow\u0119glowodanowe, u\u017cywane kartony, siemi\u0119 lniane jak gotowa\u0107<\/p>\n<p>yyyyy<\/p>\n","protected":false},"excerpt":{"rendered":"<p>Witamina D3 marki 3Flow Solutions pomo\u017ce uzupe\u0142ni\u0107 niedob\u00f3r tej wa\u017cnej dla zdrowia witaminy. Zadbaj o stan ko\u015bci i z\u0119b\u00f3w oraz&hellip;<\/p>\n","protected":false},"featured_media":1740,"comment_status":"closed","ping_status":"open","template":"","meta":[],"product_cat":[220],"product_tag":[883,716,784,781,641],"class_list":["post-1739","product","type-product","status-publish","has-post-thumbnail","hentry","product_cat-bebny-hamulcowe","product_tag-ekologiczne-warzywa","product_tag-leckers","product_tag-mieso-weganskie","product_tag-primabiotic-collagen","product_tag-smieci-w-oceanach"],"_links":{"self":[{"href":"https:\/\/wegeblw.pl\/index.php\/wp-json\/wp\/v2\/product\/1739","targetHints":{"allow":["GET"]}}],"collection":[{"href":"https:\/\/wegeblw.pl\/index.php\/wp-json\/wp\/v2\/product"}],"about":[{"href":"https:\/\/wegeblw.pl\/index.php\/wp-json\/wp\/v2\/types\/product"}],"replies":[{"embeddable":true,"href":"https:\/\/wegeblw.pl\/index.php\/wp-json\/wp\/v2\/comments?post=1739"}],"wp:featuredmedia":[{"embeddable":true,"href":"https:\/\/wegeblw.pl\/index.php\/wp-json\/wp\/v2\/media\/1740"}],"wp:attachment":[{"href":"https:\/\/wegeblw.pl\/index.php\/wp-json\/wp\/v2\/media?parent=1739"}],"wp:term":[{"taxonomy":"product_cat","embeddable":true,"href":"https:\/\/wegeblw.pl\/index.php\/wp-json\/wp\/v2\/product_cat?post=1739"},{"taxonomy":"product_tag","embeddable":true,"href":"https:\/\/wegeblw.pl\/index.php\/wp-json\/wp\/v2\/product_tag?post=1739"}],"curies":[{"name":"wp","href":"https:\/\/api.w.org\/{rel}","templated":true}]}}