{"id":1785,"date":"2025-05-31T02:16:20","date_gmt":"2025-05-31T00:16:20","guid":{"rendered":"https:\/\/wegeblw.pl\/?post_type=product&#038;p=1785"},"modified":"2026-04-08T17:49:44","modified_gmt":"2026-04-08T15:49:44","slug":"swanson-flaxseed-oil-200-zelek","status":"publish","type":"product","link":"https:\/\/wegeblw.pl\/index.php\/produkt\/swanson-flaxseed-oil-200-zelek\/","title":{"rendered":"Swanson Flaxseed Oil 200 \u017celek"},"content":{"rendered":"<p>Od\u017cywki bia\u0142kowe<\/p>\n<p>ile soli fizjologicznej do inhalacji, pesto z pomidor\u00f3w, dieta lekkostrawna &#8211; co je\u015b\u0107, majom, kasza jaglana odchudzanie efekty, pasta sezamowa tahini gdzie kupi\u0107, mleka roslinne<\/p>\n<p>yyyyy<\/p>\n","protected":false},"excerpt":{"rendered":"<p>Od\u017cywki bia\u0142kowe ile soli fizjologicznej do inhalacji, pesto z pomidor\u00f3w, dieta lekkostrawna &#8211; co je\u015b\u0107, majom, kasza jaglana odchudzanie efekty,&hellip;<\/p>\n","protected":false},"featured_media":1786,"comment_status":"closed","ping_status":"open","template":"","meta":[],"product_cat":[18],"product_tag":[794,682,759,710,718],"class_list":["post-1785","product","type-product","status-publish","has-post-thumbnail","hentry","product_cat-mineraly-i-witaminy","product_tag-awokado-hass","product_tag-food-organic-store","product_tag-kurkuma","product_tag-linda-mccartney-burger","product_tag-zamiennik-jogurtu-naturalnego"],"_links":{"self":[{"href":"https:\/\/wegeblw.pl\/index.php\/wp-json\/wp\/v2\/product\/1785","targetHints":{"allow":["GET"]}}],"collection":[{"href":"https:\/\/wegeblw.pl\/index.php\/wp-json\/wp\/v2\/product"}],"about":[{"href":"https:\/\/wegeblw.pl\/index.php\/wp-json\/wp\/v2\/types\/product"}],"replies":[{"embeddable":true,"href":"https:\/\/wegeblw.pl\/index.php\/wp-json\/wp\/v2\/comments?post=1785"}],"wp:featuredmedia":[{"embeddable":true,"href":"https:\/\/wegeblw.pl\/index.php\/wp-json\/wp\/v2\/media\/1786"}],"wp:attachment":[{"href":"https:\/\/wegeblw.pl\/index.php\/wp-json\/wp\/v2\/media?parent=1785"}],"wp:term":[{"taxonomy":"product_cat","embeddable":true,"href":"https:\/\/wegeblw.pl\/index.php\/wp-json\/wp\/v2\/product_cat?post=1785"},{"taxonomy":"product_tag","embeddable":true,"href":"https:\/\/wegeblw.pl\/index.php\/wp-json\/wp\/v2\/product_tag?post=1785"}],"curies":[{"name":"wp","href":"https:\/\/api.w.org\/{rel}","templated":true}]}}