{"id":1789,"date":"2019-01-21T23:54:53","date_gmt":"2019-01-21T22:54:53","guid":{"rendered":"https:\/\/wegeblw.pl\/index.php\/produkt\/softplast-przylepiec-25cm-x-5m-1szt\/"},"modified":"2026-04-09T15:56:06","modified_gmt":"2026-04-09T13:56:06","slug":"softplast-przylepiec-25cm-x-5m-1szt","status":"publish","type":"product","link":"https:\/\/wegeblw.pl\/index.php\/produkt\/softplast-przylepiec-25cm-x-5m-1szt\/","title":{"rendered":"Softplast przylepiec 2,5cm x 5m 1szt."},"content":{"rendered":"<p>Thorne Iso-Phos Izolat Fosfatydyloseryny 60Vkaps<\/p>\n<p>Uk\u0142ad nerwowy i pami\u0119\u0107<\/p>\n<p>schab w plastrach, nerkowiec orzech, olej z pestek dyni t\u0142oczony na zimno, tu\u0144czyk po angielsku, acai jagody, piwo bezalkoholowe a zdrowie, any\u017c w ci\u0105\u017cy, m\u0105ka z semoliny<\/p>\n<p>yyyyy<\/p>\n","protected":false},"excerpt":{"rendered":"<p>Thorne Iso-Phos Izolat Fosfatydyloseryny 60Vkaps Uk\u0142ad nerwowy i pami\u0119\u0107 schab w plastrach, nerkowiec orzech, olej z pestek dyni t\u0142oczony na&hellip;<\/p>\n","protected":false},"featured_media":1790,"comment_status":"closed","ping_status":"open","template":"","meta":[],"product_cat":[103],"product_tag":[749,774,722,660,713],"class_list":["post-1789","product","type-product","status-publish","has-post-thumbnail","hentry","product_cat-apteczki-i-materialy-opatrunkowe","product_tag-cynamon-cejlonski-wlasciwosci","product_tag-cytryny-ekologiczne","product_tag-kurkuma-ile-dziennie","product_tag-olej-ryzowy","product_tag-zur-a-zurek"],"_links":{"self":[{"href":"https:\/\/wegeblw.pl\/index.php\/wp-json\/wp\/v2\/product\/1789","targetHints":{"allow":["GET"]}}],"collection":[{"href":"https:\/\/wegeblw.pl\/index.php\/wp-json\/wp\/v2\/product"}],"about":[{"href":"https:\/\/wegeblw.pl\/index.php\/wp-json\/wp\/v2\/types\/product"}],"replies":[{"embeddable":true,"href":"https:\/\/wegeblw.pl\/index.php\/wp-json\/wp\/v2\/comments?post=1789"}],"wp:featuredmedia":[{"embeddable":true,"href":"https:\/\/wegeblw.pl\/index.php\/wp-json\/wp\/v2\/media\/1790"}],"wp:attachment":[{"href":"https:\/\/wegeblw.pl\/index.php\/wp-json\/wp\/v2\/media?parent=1789"}],"wp:term":[{"taxonomy":"product_cat","embeddable":true,"href":"https:\/\/wegeblw.pl\/index.php\/wp-json\/wp\/v2\/product_cat?post=1789"},{"taxonomy":"product_tag","embeddable":true,"href":"https:\/\/wegeblw.pl\/index.php\/wp-json\/wp\/v2\/product_tag?post=1789"}],"curies":[{"name":"wp","href":"https:\/\/api.w.org\/{rel}","templated":true}]}}