{"id":1798,"date":"2014-07-10T11:21:20","date_gmt":"2014-07-10T09:21:20","guid":{"rendered":"https:\/\/wegeblw.pl\/index.php\/produkt\/yango-spirulina-90-kaps\/"},"modified":"2026-04-08T08:57:24","modified_gmt":"2026-04-08T06:57:24","slug":"yango-spirulina-90-kaps","status":"publish","type":"product","link":"https:\/\/wegeblw.pl\/index.php\/produkt\/yango-spirulina-90-kaps\/","title":{"rendered":"Yango Spirulina 90 kaps."},"content":{"rendered":"<p>Poznaj pi\u0119\u0107 rytua\u0142\u00f3w tybeta\u0144skich na zdrowie, uzupe\u0142nione sz\u00f3stym, kt\u00f3re s\u0142u\u017c\u0105 za swego rodzaju apteczk\u0119 domow\u0105 dla cia\u0142a, umys\u0142u i duszy. Ta terapia pomo\u017ce ci pozby\u0107 si\u0119 b\u00f3lu, odzyska\u0107 poczucie szcz\u0119\u015bcia i uzdrowi\u0107 si\u0119 duchowo. Wystarczy \u0107wiczy\u0107 sekwencj\u0119 pi\u0119ciu \u0107wicze\u0144 tybeta\u0144skich na m\u0142odo\u015b\u0107 przez 15-20 minut dziennie. Pochodz\u0105 one od tybeta\u0144skich mnich\u00f3w, kt\u00f3rzy wykonywali je od tysi\u0119cy lat, aby do p\u00f3\u017anego wieku zachowa\u0107 sprawno\u015b\u0107 fizyczn\u0105 i umys\u0142ow\u0105. Pi\u0119\u0107 \u0107wicze\u0144 tybeta\u0144skich na m\u0142odo\u015b\u0107&#8230;<\/p>\n<p>Zdrowie i diety<\/p>\n<p>zdrowe chleby, shape shake, \u017celki veri beri, kawa ziarnista bio, wega\u0144ski krupnik, cukier stewia, cytrynian magnezu w proszku, sopl\u00f3wka je\u017cowata &#8211; w\u0142a\u015bciwo\u015bci lecznicze, chleb \u017cytni z ziarnami, ba\u0144ki silikonowe, kurkuma dzia\u0142anie niepo\u017c\u0105dane, knia\u017a, olej rycynowy na stawy, len mielony jak pi\u0107, kiedy posi\u0142ek po kolonoskopii, cynk+selen, d3 +k2, aromaty spozywcze, mas\u0142o wega\u0144skie, dania na wigilie<\/p>\n<p>yyyyy<\/p>\n","protected":false},"excerpt":{"rendered":"<p>Poznaj pi\u0119\u0107 rytua\u0142\u00f3w tybeta\u0144skich na zdrowie, uzupe\u0142nione sz\u00f3stym, kt\u00f3re s\u0142u\u017c\u0105 za swego rodzaju apteczk\u0119 domow\u0105 dla cia\u0142a, umys\u0142u i duszy.&hellip;<\/p>\n","protected":false},"featured_media":1799,"comment_status":"closed","ping_status":"open","template":"","meta":[],"product_cat":[42],"product_tag":[780,670,682,869,826,750],"class_list":["post-1798","product","type-product","status-publish","has-post-thumbnail","hentry","product_cat-suplementy-na-odchudzanie","product_tag-b12","product_tag-czeslaw-lang-choroba","product_tag-food-organic-store","product_tag-kurkuma-w-proszku-jak-stosowac","product_tag-olej-kokosowy-rafinowany","product_tag-pasta-tahini-do-czego"],"_links":{"self":[{"href":"https:\/\/wegeblw.pl\/index.php\/wp-json\/wp\/v2\/product\/1798","targetHints":{"allow":["GET"]}}],"collection":[{"href":"https:\/\/wegeblw.pl\/index.php\/wp-json\/wp\/v2\/product"}],"about":[{"href":"https:\/\/wegeblw.pl\/index.php\/wp-json\/wp\/v2\/types\/product"}],"replies":[{"embeddable":true,"href":"https:\/\/wegeblw.pl\/index.php\/wp-json\/wp\/v2\/comments?post=1798"}],"wp:featuredmedia":[{"embeddable":true,"href":"https:\/\/wegeblw.pl\/index.php\/wp-json\/wp\/v2\/media\/1799"}],"wp:attachment":[{"href":"https:\/\/wegeblw.pl\/index.php\/wp-json\/wp\/v2\/media?parent=1798"}],"wp:term":[{"taxonomy":"product_cat","embeddable":true,"href":"https:\/\/wegeblw.pl\/index.php\/wp-json\/wp\/v2\/product_cat?post=1798"},{"taxonomy":"product_tag","embeddable":true,"href":"https:\/\/wegeblw.pl\/index.php\/wp-json\/wp\/v2\/product_tag?post=1798"}],"curies":[{"name":"wp","href":"https:\/\/api.w.org\/{rel}","templated":true}]}}