{"id":1804,"date":"2018-02-05T09:31:07","date_gmt":"2018-02-05T08:31:07","guid":{"rendered":"https:\/\/wegeblw.pl\/index.php\/produkt\/biovital-complex-on-60-tabletek\/"},"modified":"2026-04-08T08:03:39","modified_gmt":"2026-04-08T06:03:39","slug":"biovital-complex-on-60-tabletek","status":"publish","type":"product","link":"https:\/\/wegeblw.pl\/index.php\/produkt\/biovital-complex-on-60-tabletek\/","title":{"rendered":"Biovital Complex On 60 tabletek"},"content":{"rendered":"<p>Swanson Koenzym Q10 100 Mg 100 softgel CoQ10 100mg<\/p>\n<p>Preparaty medycyny naturalnej<\/p>\n<p>pesto czerwone z pomidor\u00f3w, smalec wieprzowy w kosmetyce, proszek do pieczenia bio, mleko ryzowe, nieaktywne, wiesiolek, jezu ty si\u0119 tym zajmij, maka z cieciorki, keto vege, musztarda kozaka, chlorek magnezu doustnie, olejki eteryczne w\u0142a\u015bciwo\u015bci<\/p>\n<p><a href=\"https:\/\/www.wizytylekarskie-slask.pl\/kategorie\/placowka-ruda-slaska\">https:\/\/www.wizytylekarskie-slask.pl\/kategorie\/placowka-ruda-slaska<\/a><\/p>\n","protected":false},"excerpt":{"rendered":"<p>Swanson Koenzym Q10 100 Mg 100 softgel CoQ10 100mg Preparaty medycyny naturalnej pesto czerwone z pomidor\u00f3w, smalec wieprzowy w kosmetyce,&hellip;<\/p>\n","protected":false},"featured_media":1805,"comment_status":"closed","ping_status":"open","template":"","meta":[],"product_cat":[18],"product_tag":[778,666,790,875,866],"class_list":["post-1804","product","type-product","status-publish","has-post-thumbnail","hentry","product_cat-mineraly-i-witaminy","product_tag-burak","product_tag-lody-haagen-dazs","product_tag-majonez-vitapol-domowy","product_tag-miechunka-suszona","product_tag-siemie-lniane-do-picia"],"_links":{"self":[{"href":"https:\/\/wegeblw.pl\/index.php\/wp-json\/wp\/v2\/product\/1804","targetHints":{"allow":["GET"]}}],"collection":[{"href":"https:\/\/wegeblw.pl\/index.php\/wp-json\/wp\/v2\/product"}],"about":[{"href":"https:\/\/wegeblw.pl\/index.php\/wp-json\/wp\/v2\/types\/product"}],"replies":[{"embeddable":true,"href":"https:\/\/wegeblw.pl\/index.php\/wp-json\/wp\/v2\/comments?post=1804"}],"wp:featuredmedia":[{"embeddable":true,"href":"https:\/\/wegeblw.pl\/index.php\/wp-json\/wp\/v2\/media\/1805"}],"wp:attachment":[{"href":"https:\/\/wegeblw.pl\/index.php\/wp-json\/wp\/v2\/media?parent=1804"}],"wp:term":[{"taxonomy":"product_cat","embeddable":true,"href":"https:\/\/wegeblw.pl\/index.php\/wp-json\/wp\/v2\/product_cat?post=1804"},{"taxonomy":"product_tag","embeddable":true,"href":"https:\/\/wegeblw.pl\/index.php\/wp-json\/wp\/v2\/product_tag?post=1804"}],"curies":[{"name":"wp","href":"https:\/\/api.w.org\/{rel}","templated":true}]}}