{"id":183,"date":"2019-10-19T08:17:43","date_gmt":"2019-10-19T06:17:43","guid":{"rendered":"https:\/\/wegeblw.pl\/index.php\/produkt\/doz-product-biotyna-90tabl\/"},"modified":"2026-04-07T01:10:04","modified_gmt":"2026-04-06T23:10:04","slug":"doz-product-biotyna-90tabl","status":"publish","type":"product","link":"https:\/\/wegeblw.pl\/index.php\/produkt\/doz-product-biotyna-90tabl\/","title":{"rendered":"DOZ PRODUCT Biotyna 90tabl."},"content":{"rendered":"<p>INOSITOL-HEXA STAR   wspomaga naturaln\u0105 odporno\u015b\u0107 i funkcje obronne    suplement diety                Opis produktu:      INOSITOL-HEXA STAR zawiera naturaln\u0105, bardzo bezpieczn\u0105 substancj\u0119 Inositol Hexaphosphate (inozytol sze\u015bciofosforanowy IP-6), kt\u00f3ra znajduje si\u0119 nie tylko w ro\u015blinach (str\u0105czkowe, zbo\u017ca, ry\u017c), gdzie jest podstawowym \u017ar\u00f3d\u0142em energii dla kie\u0142kuj\u0105cego ziarna, ale i w wi\u0119kszo\u015bci kom\u00f3rek ssak\u00f3w, gdzie odgrywa wa\u017cn\u0105 rol\u0119 przy kierowaniu wieloma istotnymi funkcjami kom\u00f3rkowymi. Inositol Hexaphosphate ma silne dzia\u0142anie antyoksydacyjne: potrafi, poprzez chelatowe zwi\u0105zanie \u017celaza, usun\u0105\u0107 moleku\u0142\u0119 tlenow\u0105 bez pojawienia si\u0119 kolejnego wolnego rodnika. Inositol Hexaphosphate wspomaga pobudzanie naturalnej odporno\u015bci i funkcji obronnych.             Polecane dawkowanie :        1 kapsu\u0142ka 2\u00d7 dziennie.  Uwaga: Produkt nie zast\u0119puje zr\u00f3\u017cnicowanej diety. Nie jest przeznaczony dla dzieci, kobiet w ci\u0105\u017cy i karmi\u0105cych. Nie nale\u017cy przekracza\u0107 porcji zalecanej do spo\u017cycia w ci\u0105gu dnia. Przechowywa\u0107 w spos\u00f3b niedost\u0119pny dla ma\u0142ych dzieci.                    Sk\u0142ad :        (2 kaps.): inozytol sze\u015bciofosforanowy 1.100mg; m\u0105czka ry\u017cowa.  Substancje dodatkowe: ro\u015blinny stearynian magnezu (substancja przeciwzbrylaj\u0105ca). Kapsu\u0142ka \u017celatynowa.      &#8230;&#8230;&#8230;&#8230;&#8230;&#8230;&#8230;&#8230;&#8230;&#8230;&#8230;&#8230;&#8230;&#8230;&#8230;&#8230;&#8230;&#8230;&#8230;&#8230;&#8230;&#8230;&#8230;&#8230;&#8230;&#8230;&#8230;&#8230;&#8230;&#8230;&#8230;&#8230;&#8230;&#8230;&#8230;&#8230;&#8230;&#8230;&#8230;&#8230;&#8230;&#8230;&#8230;&#8230;&#8230;&#8230;&#8230;&#8230;&#8230;&#8230;&#8230;&#8230;&#8230;&#8230;&#8230;&#8230;&#8230;&#8230;&#8230;&#8230;&#8230;&#8230;.  Materia\u0142y zawarte na stronach www.zdrowiefargo.istore.pl, a w szczeg\u00f3lno\u015bci katalog nie stanowi\u0105 oferty w rozumieniu przepis\u00f3w Kodeksu Cywilnego i maj\u0105 jedynie charakter informacyjny.  Mimo do\u0142o\u017cenia wszelkich stara\u0144 nie gwarantujemy, \u017ce publikowane dane nie zawieraj\u0105 uchybie\u0144 lub b\u0142\u0119d\u00f3w, kt\u00f3re nie mog\u0105 jednak by\u0107 podstaw\u0105 do reklamacji.  Materia\u0142 przeznaczony dla os\u00f3b posiadaj\u0105cych kwalifikacje w zakresie medycyny, farmacji lub \u017cywienia.  zestawienia produkt\u00f3w zawarte w tym katalogu s\u0105 wy\u0142\u0105cznie propozycjami i mog\u0105 by\u0107 modyfikowane zgodnie z zaleceniami lekarza czy w\u0142asnymi do\u015bwiadczeniami.  Opisy produkt\u00f3w zawarte na stronach www.zdrowiefargo.istore.pl stanowi\u0105 uzupe\u0142nienie tre\u015bci etykiety ka\u017cdego z preparat\u00f3w.  &#8230;&#8230;&#8230;&#8230;&#8230;&#8230;&#8230;&#8230;&#8230;&#8230;&#8230;&#8230;&#8230;&#8230;&#8230;&#8230;&#8230;&#8230;&#8230;&#8230;&#8230;&#8230;&#8230;&#8230;&#8230;&#8230;&#8230;&#8230;&#8230;&#8230;&#8230;&#8230;&#8230;&#8230;&#8230;&#8230;&#8230;&#8230;&#8230;&#8230;&#8230;&#8230;&#8230;&#8230;&#8230;&#8230;&#8230;&#8230;&#8230;&#8230;&#8230;&#8230;&#8230;&#8230;&#8230;&#8230;&#8230;&#8230;&#8230;&#8230;&#8230;&#8230;..<\/p>\n<p>Preparaty medycyny naturalnej<\/p>\n<p>glinka czerwona, klasztorne smaki, waniliowe, kolagen i kwas hialuronowy do picia, pestki brzoskwini, uczulenie na ca\u0142ym ciele, co kupi\u0107 na dzie\u0144 dziecka doros\u0142ym dzieciom, olejek do inhalacji na kaszel, daltyle, czy margaryna jest wega\u0144ska, czarna planeta, wysypianie si\u0119, cieciorka jak gotowa\u0107, zag\u0119stnik do \u015bmietany, w czym b\u0142onnik, sos koperkowo zio\u0142owy, panierka do sushi, deser z kokosem<\/p>\n<p><a href=\"https:\/\/wrolety.pl\/product\/roleta-dachowa\/\" rel=\"nofollow\">rolety okienne dachowe<\/a><\/p>\n","protected":false},"excerpt":{"rendered":"<p>INOSITOL-HEXA STAR wspomaga naturaln\u0105 odporno\u015b\u0107 i funkcje obronne suplement diety Opis produktu: INOSITOL-HEXA STAR zawiera naturaln\u0105, bardzo bezpieczn\u0105 substancj\u0119 Inositol&hellip;<\/p>\n","protected":false},"featured_media":184,"comment_status":"closed","ping_status":"open","template":"","meta":[],"product_cat":[26],"product_tag":[771,692,724],"class_list":["post-183","product","type-product","status-publish","has-post-thumbnail","hentry","product_cat-nutrikosmetyki","product_tag-jak-jesc-granat","product_tag-jelito-drazliwe","product_tag-siarczyny-w-winie"],"_links":{"self":[{"href":"https:\/\/wegeblw.pl\/index.php\/wp-json\/wp\/v2\/product\/183","targetHints":{"allow":["GET"]}}],"collection":[{"href":"https:\/\/wegeblw.pl\/index.php\/wp-json\/wp\/v2\/product"}],"about":[{"href":"https:\/\/wegeblw.pl\/index.php\/wp-json\/wp\/v2\/types\/product"}],"replies":[{"embeddable":true,"href":"https:\/\/wegeblw.pl\/index.php\/wp-json\/wp\/v2\/comments?post=183"}],"wp:featuredmedia":[{"embeddable":true,"href":"https:\/\/wegeblw.pl\/index.php\/wp-json\/wp\/v2\/media\/184"}],"wp:attachment":[{"href":"https:\/\/wegeblw.pl\/index.php\/wp-json\/wp\/v2\/media?parent=183"}],"wp:term":[{"taxonomy":"product_cat","embeddable":true,"href":"https:\/\/wegeblw.pl\/index.php\/wp-json\/wp\/v2\/product_cat?post=183"},{"taxonomy":"product_tag","embeddable":true,"href":"https:\/\/wegeblw.pl\/index.php\/wp-json\/wp\/v2\/product_tag?post=183"}],"curies":[{"name":"wp","href":"https:\/\/api.w.org\/{rel}","templated":true}]}}