{"id":1834,"date":"2025-08-07T00:37:19","date_gmt":"2025-08-06T22:37:19","guid":{"rendered":"https:\/\/wegeblw.pl\/?post_type=product&#038;p=1834"},"modified":"2026-04-30T06:58:27","modified_gmt":"2026-04-30T04:58:27","slug":"prontosan-aerozol-na-rany-75ml","status":"publish","type":"product","link":"https:\/\/wegeblw.pl\/index.php\/produkt\/prontosan-aerozol-na-rany-75ml\/","title":{"rendered":"Prontosan aerozol na rany 75ml"},"content":{"rendered":"<p>Okulary S\u0142oneczne Burberry<\/p>\n<p>Okulary przeciws\u0142oneczne damskie<\/p>\n<p>tapoka, czosnek nied\u017awiedzi kiedy ro\u015bnie, placki dla cukrzyk\u00f3w, fasola mung cena, platki musli, kaczka polska, hunan, imbir na kaszel<\/p>\n<p>yyyyy<\/p>\n","protected":false},"excerpt":{"rendered":"<p>Okulary S\u0142oneczne Burberry Okulary przeciws\u0142oneczne damskie tapoka, czosnek nied\u017awiedzi kiedy ro\u015bnie, placki dla cukrzyk\u00f3w, fasola mung cena, platki musli, kaczka&hellip;<\/p>\n","protected":false},"featured_media":1835,"comment_status":"closed","ping_status":"open","template":"","meta":[],"product_cat":[27],"product_tag":[808,723,876,880,703],"class_list":["post-1834","product","type-product","status-publish","has-post-thumbnail","hentry","product_cat-nutrikosmetyki-i-leki-dermatologiczne","product_tag-ciasto-sekacz","product_tag-guar","product_tag-herbaty-bio","product_tag-kotlet-weganski-linda-mccartney","product_tag-por"],"_links":{"self":[{"href":"https:\/\/wegeblw.pl\/index.php\/wp-json\/wp\/v2\/product\/1834","targetHints":{"allow":["GET"]}}],"collection":[{"href":"https:\/\/wegeblw.pl\/index.php\/wp-json\/wp\/v2\/product"}],"about":[{"href":"https:\/\/wegeblw.pl\/index.php\/wp-json\/wp\/v2\/types\/product"}],"replies":[{"embeddable":true,"href":"https:\/\/wegeblw.pl\/index.php\/wp-json\/wp\/v2\/comments?post=1834"}],"wp:featuredmedia":[{"embeddable":true,"href":"https:\/\/wegeblw.pl\/index.php\/wp-json\/wp\/v2\/media\/1835"}],"wp:attachment":[{"href":"https:\/\/wegeblw.pl\/index.php\/wp-json\/wp\/v2\/media?parent=1834"}],"wp:term":[{"taxonomy":"product_cat","embeddable":true,"href":"https:\/\/wegeblw.pl\/index.php\/wp-json\/wp\/v2\/product_cat?post=1834"},{"taxonomy":"product_tag","embeddable":true,"href":"https:\/\/wegeblw.pl\/index.php\/wp-json\/wp\/v2\/product_tag?post=1834"}],"curies":[{"name":"wp","href":"https:\/\/api.w.org\/{rel}","templated":true}]}}