{"id":1836,"date":"2018-03-14T00:44:37","date_gmt":"2018-03-13T23:44:37","guid":{"rendered":"https:\/\/wegeblw.pl\/index.php\/produkt\/bioliq-specialist-niedoskonalosci-plyn-tonizujacy-przeciw-niedoskonalosciom-200ml\/"},"modified":"2026-04-07T19:58:02","modified_gmt":"2026-04-07T17:58:02","slug":"bioliq-specialist-niedoskonalosci-plyn-tonizujacy-przeciw-niedoskonalosciom-200ml","status":"publish","type":"product","link":"https:\/\/wegeblw.pl\/index.php\/produkt\/bioliq-specialist-niedoskonalosci-plyn-tonizujacy-przeciw-niedoskonalosciom-200ml\/","title":{"rendered":"Bioliq Specialist Niedoskona\u0142o\u015bci p\u0142yn tonizuj\u0105cy przeciw niedoskona\u0142o\u015bciom 200ml"},"content":{"rendered":"<p>Zdrowa \u017cywno\u015b\u0107<\/p>\n<p>r\u00f3\u017cd\u017cki smaku, prosty sklad, kurkuma ile dziennie, erytrol dla cukrzyka, rumianek przeciwwskazania, eco torba, maka jaglana gluten, czy sa\u0142ata lodowa jest zdrowa, ser parmezan<\/p>\n<p>yyyyy<\/p>\n","protected":false},"excerpt":{"rendered":"<p>Zdrowa \u017cywno\u015b\u0107 r\u00f3\u017cd\u017cki smaku, prosty sklad, kurkuma ile dziennie, erytrol dla cukrzyka, rumianek przeciwwskazania, eco torba, maka jaglana gluten, czy&hellip;<\/p>\n","protected":false},"featured_media":1837,"comment_status":"closed","ping_status":"open","template":"","meta":[],"product_cat":[36],"product_tag":[819,835,810,630],"class_list":["post-1836","product","type-product","status-publish","has-post-thumbnail","hentry","product_cat-dermokosmetyki","product_tag-kosze-prezentowe","product_tag-kurkuma-dzialanie","product_tag-pasta-misp","product_tag-vege-slodycze"],"_links":{"self":[{"href":"https:\/\/wegeblw.pl\/index.php\/wp-json\/wp\/v2\/product\/1836","targetHints":{"allow":["GET"]}}],"collection":[{"href":"https:\/\/wegeblw.pl\/index.php\/wp-json\/wp\/v2\/product"}],"about":[{"href":"https:\/\/wegeblw.pl\/index.php\/wp-json\/wp\/v2\/types\/product"}],"replies":[{"embeddable":true,"href":"https:\/\/wegeblw.pl\/index.php\/wp-json\/wp\/v2\/comments?post=1836"}],"wp:featuredmedia":[{"embeddable":true,"href":"https:\/\/wegeblw.pl\/index.php\/wp-json\/wp\/v2\/media\/1837"}],"wp:attachment":[{"href":"https:\/\/wegeblw.pl\/index.php\/wp-json\/wp\/v2\/media?parent=1836"}],"wp:term":[{"taxonomy":"product_cat","embeddable":true,"href":"https:\/\/wegeblw.pl\/index.php\/wp-json\/wp\/v2\/product_cat?post=1836"},{"taxonomy":"product_tag","embeddable":true,"href":"https:\/\/wegeblw.pl\/index.php\/wp-json\/wp\/v2\/product_tag?post=1836"}],"curies":[{"name":"wp","href":"https:\/\/api.w.org\/{rel}","templated":true}]}}