{"id":1846,"date":"2017-02-05T17:18:14","date_gmt":"2017-02-05T16:18:14","guid":{"rendered":"https:\/\/wegeblw.pl\/index.php\/produkt\/masters-bokserskie-rpu2a-8oz\/"},"modified":"2026-04-10T04:23:47","modified_gmt":"2026-04-10T02:23:47","slug":"masters-bokserskie-rpu2a-8oz","status":"publish","type":"product","link":"https:\/\/wegeblw.pl\/index.php\/produkt\/masters-bokserskie-rpu2a-8oz\/","title":{"rendered":"Masters Bokserskie Rpu2A 8Oz"},"content":{"rendered":"<p>Sk\u0142ad: Owoc dzikiej r\u00f3\u017cy (Rosa canina L.), koszyczek rumianku (Matricaria recutita L.), korze\u0144 imbiru (Zingiber officinale Roscoe), ziele mi\u0119ty pieprzowej (Mentha x piperita L.), kwiat \u015blazu (Malva sylvestris L.), ziele je\u017c\u00f3wki purpurowej (Echinacea purpurea (L.) Moench), ziele tymianku (Thymus vulgaris L.). Sk\u0142adniki Zawarto\u015b\u0107 w 1 torebce Owoc dzikiej r\u00f3\u017cy 0,76 g Koszyczek rumianku 0,58 g Korze\u0144 imbiru 0,2 g Kwiat \u015blazu 0,1 g Ziele je\u017c\u00f3wki purpurowej (echinacei) 0,1 g Ziele tymianku 0,1 g . Wskazania: Na odporno\u015b\u0107 to ro\u015blinny suplement diety, kt\u00f3ry zaparzysz jak herbatk\u0119. W \u015brodku znajduj\u0105 si\u0119 m.in. naturalne zio\u0142a wspomagaj\u0105ce odporno\u015b\u0107.. Dzia\u0142anie: Dzika r\u00f3\u017ca i rumianek wspomagaj\u0105 prawid\u0142owe funkcjonowanie uk\u0142adu odporno\u015bciowego..<\/p>\n<p>Zio\u0142a i herbaty lecznicze<\/p>\n<p>adek krople, magazin bio, kurkuma bio, oliwa z oliwek dla dzieci, olej zywokostowy, nawlociowy miod<\/p>\n<p><a href=\"https:\/\/wszywka-poznan.pl\">wszywka alkoholowa wielkopolska<\/a><\/p>\n","protected":false},"excerpt":{"rendered":"<p>Sk\u0142ad: Owoc dzikiej r\u00f3\u017cy (Rosa canina L.), koszyczek rumianku (Matricaria recutita L.), korze\u0144 imbiru (Zingiber officinale Roscoe), ziele mi\u0119ty pieprzowej&hellip;<\/p>\n","protected":false},"featured_media":1847,"comment_status":"closed","ping_status":"open","template":"","meta":[],"product_cat":[227],"product_tag":[778,847,807],"class_list":["post-1846","product","type-product","status-publish","has-post-thumbnail","hentry","product_cat-rekawice-do-sportow-walki","product_tag-burak","product_tag-czym-zastapic-nabial","product_tag-siemie-lniane-na-co-pomaga"],"_links":{"self":[{"href":"https:\/\/wegeblw.pl\/index.php\/wp-json\/wp\/v2\/product\/1846","targetHints":{"allow":["GET"]}}],"collection":[{"href":"https:\/\/wegeblw.pl\/index.php\/wp-json\/wp\/v2\/product"}],"about":[{"href":"https:\/\/wegeblw.pl\/index.php\/wp-json\/wp\/v2\/types\/product"}],"replies":[{"embeddable":true,"href":"https:\/\/wegeblw.pl\/index.php\/wp-json\/wp\/v2\/comments?post=1846"}],"wp:featuredmedia":[{"embeddable":true,"href":"https:\/\/wegeblw.pl\/index.php\/wp-json\/wp\/v2\/media\/1847"}],"wp:attachment":[{"href":"https:\/\/wegeblw.pl\/index.php\/wp-json\/wp\/v2\/media?parent=1846"}],"wp:term":[{"taxonomy":"product_cat","embeddable":true,"href":"https:\/\/wegeblw.pl\/index.php\/wp-json\/wp\/v2\/product_cat?post=1846"},{"taxonomy":"product_tag","embeddable":true,"href":"https:\/\/wegeblw.pl\/index.php\/wp-json\/wp\/v2\/product_tag?post=1846"}],"curies":[{"name":"wp","href":"https:\/\/api.w.org\/{rel}","templated":true}]}}