{"id":185,"date":"2020-09-15T08:49:43","date_gmt":"2020-09-15T06:49:43","guid":{"rendered":"https:\/\/wegeblw.pl\/index.php\/produkt\/rodzina-zdrowia-fikaminki-lizak-o-smaku-truskawkowym-x-1-szt\/"},"modified":"2026-04-09T02:39:38","modified_gmt":"2026-04-09T00:39:38","slug":"rodzina-zdrowia-fikaminki-lizak-o-smaku-truskawkowym-x-1-szt","status":"publish","type":"product","link":"https:\/\/wegeblw.pl\/index.php\/produkt\/rodzina-zdrowia-fikaminki-lizak-o-smaku-truskawkowym-x-1-szt\/","title":{"rendered":"Rodzina Zdrowia Fikaminki lizak o smaku truskawkowym x 1 szt"},"content":{"rendered":"<p>Emolium A-topic Tr\u00f3jaktywna Emulsja do cia\u0142a 200ml<\/p>\n<p>Pozosta\u0142e kosmetyki do piel\u0119gnacji cia\u0142a<\/p>\n<p>ma\u0142y makaron, rzodkiew japonska, suplement maca, zdrowe cukierki, witamina cw proszku do twarzy, dynia olbrzymia nasiona, cukier waniliowy, wisiolek, yope p\u0142yn do \u0142azienki<\/p>\n<p>yyyyy<\/p>\n","protected":false},"excerpt":{"rendered":"<p>Emolium A-topic Tr\u00f3jaktywna Emulsja do cia\u0142a 200ml Pozosta\u0142e kosmetyki do piel\u0119gnacji cia\u0142a ma\u0142y makaron, rzodkiew japonska, suplement maca, zdrowe cukierki,&hellip;<\/p>\n","protected":false},"featured_media":186,"comment_status":"closed","ping_status":"open","template":"","meta":[],"product_cat":[16],"product_tag":[817,665,718],"class_list":["post-185","product","type-product","status-publish","has-post-thumbnail","hentry","product_cat-suplementy-dla-dzieci","product_tag-niepasteryzowane-mleko","product_tag-weganskie-mieso","product_tag-zamiennik-jogurtu-naturalnego"],"_links":{"self":[{"href":"https:\/\/wegeblw.pl\/index.php\/wp-json\/wp\/v2\/product\/185","targetHints":{"allow":["GET"]}}],"collection":[{"href":"https:\/\/wegeblw.pl\/index.php\/wp-json\/wp\/v2\/product"}],"about":[{"href":"https:\/\/wegeblw.pl\/index.php\/wp-json\/wp\/v2\/types\/product"}],"replies":[{"embeddable":true,"href":"https:\/\/wegeblw.pl\/index.php\/wp-json\/wp\/v2\/comments?post=185"}],"wp:featuredmedia":[{"embeddable":true,"href":"https:\/\/wegeblw.pl\/index.php\/wp-json\/wp\/v2\/media\/186"}],"wp:attachment":[{"href":"https:\/\/wegeblw.pl\/index.php\/wp-json\/wp\/v2\/media?parent=185"}],"wp:term":[{"taxonomy":"product_cat","embeddable":true,"href":"https:\/\/wegeblw.pl\/index.php\/wp-json\/wp\/v2\/product_cat?post=185"},{"taxonomy":"product_tag","embeddable":true,"href":"https:\/\/wegeblw.pl\/index.php\/wp-json\/wp\/v2\/product_tag?post=185"}],"curies":[{"name":"wp","href":"https:\/\/api.w.org\/{rel}","templated":true}]}}