{"id":1852,"date":"2022-07-20T02:07:09","date_gmt":"2022-07-20T00:07:09","guid":{"rendered":"https:\/\/wegeblw.pl\/index.php\/produkt\/calcium-bezsmakowe-20tabl-mus-puwer\/"},"modified":"2026-04-09T00:50:29","modified_gmt":"2026-04-08T22:50:29","slug":"calcium-bezsmakowe-20tabl-mus-puwer","status":"publish","type":"product","link":"https:\/\/wegeblw.pl\/index.php\/produkt\/calcium-bezsmakowe-20tabl-mus-puwer\/","title":{"rendered":"Calcium bezsmakowe, 20tabl.mus. Puwer"},"content":{"rendered":"<p>SVR Topialyse Baume Protect +  regeneruj\u0105cy balsam do sk\u00f3ry suchej i atopowej<\/p>\n<p>Kosmetyki dla dzieci i niemowl\u0105t<\/p>\n<p>ciasteczka kokosowe, kulki miodowe, zapalenie pecherza leczenie, jogurt sojowy, bu\u0142ki bezglutenowe<\/p>\n<p>yyyyy<\/p>\n","protected":false},"excerpt":{"rendered":"<p>SVR Topialyse Baume Protect + regeneruj\u0105cy balsam do sk\u00f3ry suchej i atopowej Kosmetyki dla dzieci i niemowl\u0105t ciasteczka kokosowe, kulki&hellip;<\/p>\n","protected":false},"featured_media":1853,"comment_status":"closed","ping_status":"open","template":"","meta":[],"product_cat":[228],"product_tag":[864,661,623,727],"class_list":["post-1852","product","type-product","status-publish","has-post-thumbnail","hentry","product_cat-suplementy-na-alergie","product_tag-benjamissimo-happy-edition-curcuma-ginger-lemon","product_tag-jak-ugotowac-komose-ryzowa","product_tag-mleko-roslinne","product_tag-sok-plus"],"_links":{"self":[{"href":"https:\/\/wegeblw.pl\/index.php\/wp-json\/wp\/v2\/product\/1852","targetHints":{"allow":["GET"]}}],"collection":[{"href":"https:\/\/wegeblw.pl\/index.php\/wp-json\/wp\/v2\/product"}],"about":[{"href":"https:\/\/wegeblw.pl\/index.php\/wp-json\/wp\/v2\/types\/product"}],"replies":[{"embeddable":true,"href":"https:\/\/wegeblw.pl\/index.php\/wp-json\/wp\/v2\/comments?post=1852"}],"wp:featuredmedia":[{"embeddable":true,"href":"https:\/\/wegeblw.pl\/index.php\/wp-json\/wp\/v2\/media\/1853"}],"wp:attachment":[{"href":"https:\/\/wegeblw.pl\/index.php\/wp-json\/wp\/v2\/media?parent=1852"}],"wp:term":[{"taxonomy":"product_cat","embeddable":true,"href":"https:\/\/wegeblw.pl\/index.php\/wp-json\/wp\/v2\/product_cat?post=1852"},{"taxonomy":"product_tag","embeddable":true,"href":"https:\/\/wegeblw.pl\/index.php\/wp-json\/wp\/v2\/product_tag?post=1852"}],"curies":[{"name":"wp","href":"https:\/\/api.w.org\/{rel}","templated":true}]}}