{"id":187,"date":"2017-02-19T19:40:14","date_gmt":"2017-02-19T18:40:14","guid":{"rendered":"https:\/\/wegeblw.pl\/index.php\/produkt\/medyczne-ponczochy-kompresyjne-avicenum-phlebo-ag360-lamowka-czubek-otwarty-ccl2-przeciwzylakowe\/"},"modified":"2026-04-09T16:43:48","modified_gmt":"2026-04-09T14:43:48","slug":"medyczne-ponczochy-kompresyjne-avicenum-phlebo-ag360-lamowka-czubek-otwarty-ccl2-przeciwzylakowe","status":"publish","type":"product","link":"https:\/\/wegeblw.pl\/index.php\/produkt\/medyczne-ponczochy-kompresyjne-avicenum-phlebo-ag360-lamowka-czubek-otwarty-ccl2-przeciwzylakowe\/","title":{"rendered":"Medyczne po\u0144czochy kompresyjne Avicenum PHLEBO AG360 LAM\u00d3WKA czubek OTWARTY (CCL2) przeciw\u017cylakowe"},"content":{"rendered":"<p>Suplement diety z melis\u0105.<\/p>\n<p>Uk\u0142ad nerwowy i pami\u0119\u0107<\/p>\n<p>biou, panini zabka kcal, witamina d3 dr jacobs, krem czekoladowo orzechowy, dieta w chorobie alzheimera jad\u0142ospis, syrop z agawy cena, kapusta charsznicka, proszku, amarantus w\u0142a\u015bciwo\u015bci lecznicze, helpa kaszka jaglana, hydrolat<\/p>\n<p>yyyyy<\/p>\n","protected":false},"excerpt":{"rendered":"<p>Suplement diety z melis\u0105. Uk\u0142ad nerwowy i pami\u0119\u0107 biou, panini zabka kcal, witamina d3 dr jacobs, krem czekoladowo orzechowy, dieta&hellip;<\/p>\n","protected":false},"featured_media":188,"comment_status":"closed","ping_status":"open","template":"","meta":[],"product_cat":[35],"product_tag":[779,746,818],"class_list":["post-187","product","type-product","status-publish","has-post-thumbnail","hentry","product_cat-bielizna-lecznicza","product_tag-jak-gotowac-komose","product_tag-majonez-byodo","product_tag-organic-sklepy"],"_links":{"self":[{"href":"https:\/\/wegeblw.pl\/index.php\/wp-json\/wp\/v2\/product\/187","targetHints":{"allow":["GET"]}}],"collection":[{"href":"https:\/\/wegeblw.pl\/index.php\/wp-json\/wp\/v2\/product"}],"about":[{"href":"https:\/\/wegeblw.pl\/index.php\/wp-json\/wp\/v2\/types\/product"}],"replies":[{"embeddable":true,"href":"https:\/\/wegeblw.pl\/index.php\/wp-json\/wp\/v2\/comments?post=187"}],"wp:featuredmedia":[{"embeddable":true,"href":"https:\/\/wegeblw.pl\/index.php\/wp-json\/wp\/v2\/media\/188"}],"wp:attachment":[{"href":"https:\/\/wegeblw.pl\/index.php\/wp-json\/wp\/v2\/media?parent=187"}],"wp:term":[{"taxonomy":"product_cat","embeddable":true,"href":"https:\/\/wegeblw.pl\/index.php\/wp-json\/wp\/v2\/product_cat?post=187"},{"taxonomy":"product_tag","embeddable":true,"href":"https:\/\/wegeblw.pl\/index.php\/wp-json\/wp\/v2\/product_tag?post=187"}],"curies":[{"name":"wp","href":"https:\/\/api.w.org\/{rel}","templated":true}]}}