{"id":1880,"date":"2021-10-22T10:31:31","date_gmt":"2021-10-22T08:31:31","guid":{"rendered":"https:\/\/wegeblw.pl\/index.php\/produkt\/herbaya-glog-zdrowe-serce-60kapsulek\/"},"modified":"2026-04-07T06:38:08","modified_gmt":"2026-04-07T04:38:08","slug":"herbaya-glog-zdrowe-serce-60kapsulek","status":"publish","type":"product","link":"https:\/\/wegeblw.pl\/index.php\/produkt\/herbaya-glog-zdrowe-serce-60kapsulek\/","title":{"rendered":"Herbaya G\u0142\u00f3g zdrowe serce 60kapsu\u0142ek"},"content":{"rendered":"<p>Urodzinowa promocja \u2013 oprawki za 1 z\u0142!Zapytaj o ofert\u0119 promocyjn\u0105:FORMULARZ KONTAKTOWYE-MAIL MESSENGERJeste\u015bmy z Wami ju\u017c od 10 lat! Z okazji tej okr\u0105g\u0142ej rocznicy dzia\u0142alno\u015bci Aurum-Optics przygotowali\u015bmy dla Was szczeg\u00f3ln\u0105 ofert\u0119. Podczas naszej urodzinowej promocji koszt oprawek okularowych wybranych marek b\u0119dzie wynosi\u0107 raptem 1 z\u0142. Cena promocyjna obowi\u0105zuje w przypadku zakupu dowolnych soczewek korekcyjnych \u2013 zar\u00f3wno regularnych, jak r\u00f3wnie\u017c barwionych i chroni\u0105cych przed s\u0142o\u0144cem.Je\u015bli jeste\u015bcie zainteresowani ofert\u0105 promocyjn\u0105, prosimy o kontakt z naszym Biurem Obs\u0142ugi Klienta. Umo\u017cliwiamy r\u00f3wnie\u017c kontakt za po\u015brednictwem chatu dost\u0119pnego na naszej stronie internetowej oraz Messengera. Szczeg\u00f3\u0142y naszej promocji znajdziecie w regulaminie.Teraz w Aurum-Optics do ka\u017cdego zam\u00f3wienia dodajemy wyj\u0105tkowe korzy\u015bci &#8211; w zale\u017cno\u015bci od rodzaju okular\u00f3w.SPRAWD\u0179 DODATKOWE KORZY\u015aCIOkulary CA 135V 086 52 &#8211; wysoka jako\u015b\u0107 i doskona\u0142y stylOkulary korekcyjne Carrera CA 135V 086 52 to znakomity model, kt\u00f3ry \u015bwietnie wygl\u0105da i wyr\u00f3\u017cnia si\u0119 wysok\u0105 jako\u015bci\u0105 wykonania. Te oprawki korekcyjne charakteryzuje nie tylko doskona\u0142y design &#8211; gwarantuj\u0105 one tak\u017ce najwy\u017cszy komfort widzenia.Markowe okulary CarreraW \u015bwiecie profesjonalnych okular\u00f3w sportowych marka Carrera to ju\u017c od wielu lat \u015bcis\u0142a czo\u0142\u00f3wka. Carrera to firma pochodz\u0105ca z Austrii, nic wi\u0119c dziwnego, \u017ce zdoby\u0142a uznanie jako producent m.in. gogli i kask\u00f3w narciarskich. W swoim asortymencie posiada jednak nie tylko doskona\u0142e akcesoria sportowe, ale tak\u017ce bardziej modowe dodatki o najwy\u017cszej jako\u015bci&#8230;.<\/p>\n<p>Okulary oprawki i szk\u0142a<\/p>\n<p>gdzie ro\u015bnie czosnek nied\u017awiedzi, mi\u00f3d pszczeli cena, budy\u0144 \u015bmietankowy, sza\u0142wia w\u0142a\u015bciwo\u015bci, chrupki solone, venoczar \u017cel opinie<\/p>\n<p>yyyyy<\/p>\n","protected":false},"excerpt":{"rendered":"<p>Urodzinowa promocja \u2013 oprawki za 1 z\u0142!Zapytaj o ofert\u0119 promocyjn\u0105:FORMULARZ KONTAKTOWYE-MAIL MESSENGERJeste\u015bmy z Wami ju\u017c od 10 lat! Z okazji&hellip;<\/p>\n","protected":false},"featured_media":1881,"comment_status":"closed","ping_status":"open","template":"","meta":[],"product_cat":[81],"product_tag":[834,628,804,741],"class_list":["post-1880","product","type-product","status-publish","has-post-thumbnail","hentry","product_cat-uklad-krazenia-i-serce","product_tag-biosaurus","product_tag-mieso-roslinne","product_tag-quinoa-jak-gotowac","product_tag-rafinowany-olej-kokosowy"],"_links":{"self":[{"href":"https:\/\/wegeblw.pl\/index.php\/wp-json\/wp\/v2\/product\/1880","targetHints":{"allow":["GET"]}}],"collection":[{"href":"https:\/\/wegeblw.pl\/index.php\/wp-json\/wp\/v2\/product"}],"about":[{"href":"https:\/\/wegeblw.pl\/index.php\/wp-json\/wp\/v2\/types\/product"}],"replies":[{"embeddable":true,"href":"https:\/\/wegeblw.pl\/index.php\/wp-json\/wp\/v2\/comments?post=1880"}],"wp:featuredmedia":[{"embeddable":true,"href":"https:\/\/wegeblw.pl\/index.php\/wp-json\/wp\/v2\/media\/1881"}],"wp:attachment":[{"href":"https:\/\/wegeblw.pl\/index.php\/wp-json\/wp\/v2\/media?parent=1880"}],"wp:term":[{"taxonomy":"product_cat","embeddable":true,"href":"https:\/\/wegeblw.pl\/index.php\/wp-json\/wp\/v2\/product_cat?post=1880"},{"taxonomy":"product_tag","embeddable":true,"href":"https:\/\/wegeblw.pl\/index.php\/wp-json\/wp\/v2\/product_tag?post=1880"}],"curies":[{"name":"wp","href":"https:\/\/api.w.org\/{rel}","templated":true}]}}