{"id":1892,"date":"2018-04-05T11:23:21","date_gmt":"2018-04-05T09:23:21","guid":{"rendered":"https:\/\/wegeblw.pl\/index.php\/produkt\/aircast-aparat-na-stope-i-staw-skokowy-dorsal-night-splint\/"},"modified":"2026-04-08T01:09:00","modified_gmt":"2026-04-07T23:09:00","slug":"aircast-aparat-na-stope-i-staw-skokowy-dorsal-night-splint","status":"publish","type":"product","link":"https:\/\/wegeblw.pl\/index.php\/produkt\/aircast-aparat-na-stope-i-staw-skokowy-dorsal-night-splint\/","title":{"rendered":"Aircast Aparat na stop\u0119 i staw skokowy Dorsal Night Splint"},"content":{"rendered":"<p>Piel\u0119gnuje wra\u017cliwy rejon pieluszki w naturalny spos\u00f3b! Ten krem w okolice pieluszki zapewnia optymaln\u0105 piel\u0119gnacj\u0119 wra\u017cliwych obszar\u00f3w w okolicach pieluszki. Nie zawiera substancji zapachowych i olejk\u00f3w eterycznych, wi\u0119c mo\u017ce by\u0107 r\u00f3wnie\u017c wykorzystany dla najbardziej wra\u017cliwej sk\u00f3ry. Dzi\u0119ki odpowiednio dobranym sk\u0142adnikom ma dzia\u0142anie ochronne, zmi\u0119kczaj\u0105ce, regeneruj\u0105ce i dostarcza sk\u00f3rze g\u0142\u0119bokiego nawil\u017cenia. Stosowanie: Niewielka ilo\u015b\u0107 produktu wmasowa\u0107 w oczyszczon\u0105 sk\u00f3r\u0119. Uwaga: Nie wystawia\u0107 na bezpo\u015brednie dzia\u0142anie promieni s\u0142onecznych sk\u00f3ry, na kt\u00f3r\u0105 stosuje si\u0119 krem &#8211; zawiera fotouczulaj\u0105cy dziurawiec zwyczajny.<\/p>\n<p>Kosmetyki dla dzieci i niemowl\u0105t<\/p>\n<p>chrupki ry\u017cowe, bia\u0142ko grochu, korze\u0144 zywokostu, yerva, kaszka gryczana dla niemowlaka, korzen maca wlasciwosci, kuchnia \u015bwiata katowice, olejki do nawil\u017cacza powietrza, spi\u017carnia z kultur\u0105<\/p>\n<p>yyyyy<\/p>\n","protected":false},"excerpt":{"rendered":"<p>Piel\u0119gnuje wra\u017cliwy rejon pieluszki w naturalny spos\u00f3b! Ten krem w okolice pieluszki zapewnia optymaln\u0105 piel\u0119gnacj\u0119 wra\u017cliwych obszar\u00f3w w okolicach pieluszki.&hellip;<\/p>\n","protected":false},"featured_media":1893,"comment_status":"closed","ping_status":"open","template":"","meta":[],"product_cat":[234],"product_tag":[733,781,785,761],"class_list":["post-1892","product","type-product","status-publish","has-post-thumbnail","hentry","product_cat-stabilizatory-i-usztywniacze","product_tag-organicmarket","product_tag-primabiotic-collagen","product_tag-riyal-green","product_tag-sklep-ze-zdrowa-zywnoscia-warszawa"],"_links":{"self":[{"href":"https:\/\/wegeblw.pl\/index.php\/wp-json\/wp\/v2\/product\/1892","targetHints":{"allow":["GET"]}}],"collection":[{"href":"https:\/\/wegeblw.pl\/index.php\/wp-json\/wp\/v2\/product"}],"about":[{"href":"https:\/\/wegeblw.pl\/index.php\/wp-json\/wp\/v2\/types\/product"}],"replies":[{"embeddable":true,"href":"https:\/\/wegeblw.pl\/index.php\/wp-json\/wp\/v2\/comments?post=1892"}],"wp:featuredmedia":[{"embeddable":true,"href":"https:\/\/wegeblw.pl\/index.php\/wp-json\/wp\/v2\/media\/1893"}],"wp:attachment":[{"href":"https:\/\/wegeblw.pl\/index.php\/wp-json\/wp\/v2\/media?parent=1892"}],"wp:term":[{"taxonomy":"product_cat","embeddable":true,"href":"https:\/\/wegeblw.pl\/index.php\/wp-json\/wp\/v2\/product_cat?post=1892"},{"taxonomy":"product_tag","embeddable":true,"href":"https:\/\/wegeblw.pl\/index.php\/wp-json\/wp\/v2\/product_tag?post=1892"}],"curies":[{"name":"wp","href":"https:\/\/api.w.org\/{rel}","templated":true}]}}