{"id":1900,"date":"2018-12-13T11:25:46","date_gmt":"2018-12-13T10:25:46","guid":{"rendered":"https:\/\/wegeblw.pl\/index.php\/produkt\/dorsim-sangokoralle-koral-morski-sango-60-kapsulek\/"},"modified":"2026-04-08T23:18:00","modified_gmt":"2026-04-08T21:18:00","slug":"dorsim-sangokoralle-koral-morski-sango-60-kapsulek","status":"publish","type":"product","link":"https:\/\/wegeblw.pl\/index.php\/produkt\/dorsim-sangokoralle-koral-morski-sango-60-kapsulek\/","title":{"rendered":"Dorsim Sangokoralle Koral Morski Sango 60 Kapsu\u0142ek"},"content":{"rendered":"<p>Carrera 2012 086 Rozmiar: 52<\/p>\n<p>Okulary oprawki i szk\u0142a<\/p>\n<p>cytrynian magnezu tabletki, na dzie\u0144 dobry, ry\u017c br\u0105zowy przepis, wybielanie zebow weglem aktywnym, skrobia ziemniaczana kcal, aktywna piana do czyszczenia, erythritol, olejek z gojnikiem<\/p>\n<p>yyyyy<\/p>\n","protected":false},"excerpt":{"rendered":"<p>Carrera 2012 086 Rozmiar: 52 Okulary oprawki i szk\u0142a cytrynian magnezu tabletki, na dzie\u0144 dobry, ry\u017c br\u0105zowy przepis, wybielanie zebow&hellip;<\/p>\n","protected":false},"featured_media":1901,"comment_status":"closed","ping_status":"open","template":"","meta":[],"product_cat":[18],"product_tag":[677,729,850,697,768,743],"class_list":["post-1900","product","type-product","status-publish","has-post-thumbnail","hentry","product_cat-mineraly-i-witaminy","product_tag-health-labs","product_tag-kurkuma-jak-stosowac","product_tag-mleko-ekologiczne","product_tag-osteoporoza-a-banany","product_tag-pasztet-z-soczewicy-z-suszonymi-pomidorami","product_tag-siemie-lniane"],"_links":{"self":[{"href":"https:\/\/wegeblw.pl\/index.php\/wp-json\/wp\/v2\/product\/1900","targetHints":{"allow":["GET"]}}],"collection":[{"href":"https:\/\/wegeblw.pl\/index.php\/wp-json\/wp\/v2\/product"}],"about":[{"href":"https:\/\/wegeblw.pl\/index.php\/wp-json\/wp\/v2\/types\/product"}],"replies":[{"embeddable":true,"href":"https:\/\/wegeblw.pl\/index.php\/wp-json\/wp\/v2\/comments?post=1900"}],"wp:featuredmedia":[{"embeddable":true,"href":"https:\/\/wegeblw.pl\/index.php\/wp-json\/wp\/v2\/media\/1901"}],"wp:attachment":[{"href":"https:\/\/wegeblw.pl\/index.php\/wp-json\/wp\/v2\/media?parent=1900"}],"wp:term":[{"taxonomy":"product_cat","embeddable":true,"href":"https:\/\/wegeblw.pl\/index.php\/wp-json\/wp\/v2\/product_cat?post=1900"},{"taxonomy":"product_tag","embeddable":true,"href":"https:\/\/wegeblw.pl\/index.php\/wp-json\/wp\/v2\/product_tag?post=1900"}],"curies":[{"name":"wp","href":"https:\/\/api.w.org\/{rel}","templated":true}]}}