{"id":1926,"date":"2018-02-25T19:59:31","date_gmt":"2018-02-25T18:59:31","guid":{"rendered":"https:\/\/wegeblw.pl\/index.php\/produkt\/kwiat-lipy-na-przeziebienie-herbata-lipowa-50g\/"},"modified":"2026-04-07T02:58:28","modified_gmt":"2026-04-07T00:58:28","slug":"kwiat-lipy-na-przeziebienie-herbata-lipowa-50g","status":"publish","type":"product","link":"https:\/\/wegeblw.pl\/index.php\/produkt\/kwiat-lipy-na-przeziebienie-herbata-lipowa-50g\/","title":{"rendered":"Kwiat lipy na przezi\u0119bienie Herbata lipowa 50g"},"content":{"rendered":"<p>Okulary korekcyjne Ralph LaurenFrames Ralph LaurenBrille Ralph Lauren<\/p>\n<p>Okulary oprawki i szk\u0142a<\/p>\n<p>borowka amerykanska cena, jak pic czystek, bialy kominek, d\u017cem z aronii bez cukru, olejek z manuka, celiko galaretka, lawenda w\u0142a\u015bciwo\u015bci lecznicze, worki do bio, insulinoopornosc blog, peeling do sk\u00f3ry g\u0142owy przet\u0142uszczaj\u0105cej si\u0119, zs go\u0142\u0105bki, mas\u0142o orzechowe gdzie kupi\u0107, jakie nasiona na kie\u0142ki, produkty do sprz\u0105tania, szczoteczka bambusowa, sante maslo orzechowe, tofu jak je\u015b\u0107, pomodori secchi, olejek eteryczny paczula, jak zrobi\u0107 p\u0142yn do prania, baton bez cukru<\/p>\n<p><a href=\"https:\/\/doktor-porady.pl\/\">https:\/\/doktor-porady.pl\/<\/a><\/p>\n","protected":false},"excerpt":{"rendered":"<p>Okulary korekcyjne Ralph LaurenFrames Ralph LaurenBrille Ralph Lauren Okulary oprawki i szk\u0142a borowka amerykanska cena, jak pic czystek, bialy kominek,&hellip;<\/p>\n","protected":false},"featured_media":1927,"comment_status":"closed","ping_status":"open","template":"","meta":[],"product_cat":[41],"product_tag":[854,843,664,633,765],"class_list":["post-1926","product","type-product","status-publish","has-post-thumbnail","hentry","product_cat-ziola-i-herbaty-lecznicze","product_tag-ecomil","product_tag-jak-gotowac-komose-ryzowa","product_tag-komoda-ryzowa","product_tag-maka-migdalowa","product_tag-makaron-bez-kalorii"],"_links":{"self":[{"href":"https:\/\/wegeblw.pl\/index.php\/wp-json\/wp\/v2\/product\/1926","targetHints":{"allow":["GET"]}}],"collection":[{"href":"https:\/\/wegeblw.pl\/index.php\/wp-json\/wp\/v2\/product"}],"about":[{"href":"https:\/\/wegeblw.pl\/index.php\/wp-json\/wp\/v2\/types\/product"}],"replies":[{"embeddable":true,"href":"https:\/\/wegeblw.pl\/index.php\/wp-json\/wp\/v2\/comments?post=1926"}],"wp:featuredmedia":[{"embeddable":true,"href":"https:\/\/wegeblw.pl\/index.php\/wp-json\/wp\/v2\/media\/1927"}],"wp:attachment":[{"href":"https:\/\/wegeblw.pl\/index.php\/wp-json\/wp\/v2\/media?parent=1926"}],"wp:term":[{"taxonomy":"product_cat","embeddable":true,"href":"https:\/\/wegeblw.pl\/index.php\/wp-json\/wp\/v2\/product_cat?post=1926"},{"taxonomy":"product_tag","embeddable":true,"href":"https:\/\/wegeblw.pl\/index.php\/wp-json\/wp\/v2\/product_tag?post=1926"}],"curies":[{"name":"wp","href":"https:\/\/api.w.org\/{rel}","templated":true}]}}