{"id":1932,"date":"2022-09-12T20:47:14","date_gmt":"2022-09-12T18:47:14","guid":{"rendered":"https:\/\/wegeblw.pl\/index.php\/produkt\/bifix-morwa-biala-monoziola-herbatka-ziolowa-40g\/"},"modified":"2026-04-07T06:41:21","modified_gmt":"2026-04-07T04:41:21","slug":"bifix-morwa-biala-monoziola-herbatka-ziolowa-40g","status":"publish","type":"product","link":"https:\/\/wegeblw.pl\/index.php\/produkt\/bifix-morwa-biala-monoziola-herbatka-ziolowa-40g\/","title":{"rendered":"BiFIX Morwa bia\u0142a monozio\u0142a herbatka zio\u0142owa 40g"},"content":{"rendered":"<p>Granusept Roztw\u00f3r do przemywania ran &#8211; 250 ml Granusept\u00ae to roztw\u00f3r do oczyszczania, przemywania i nawil\u017cania ran. Zapobiega powstawaniu biofilmu. Usuwa nieprzyjemny zapach z rany. Roztw\u00f3r do przemywania ran GranuSept\u00ae to elektrochemicznie zmodyfikowany roztw\u00f3r wody, stabilizowany kwasem podchlorawym. S\u0142u\u017cy przede wszystkim zmianie \u015brodowiska rany: mechanicznie usuwa cia\u0142a obce, kt\u00f3re mog\u0105 powodowa\u0107 podra\u017cnienia i infekcje sk\u00f3ry oraz zapewnia optymalne nawil\u017cenie, wilgotno\u015b\u0107, dotlenienie oraz pH, wspieraj\u0105c w ten spos\u00f3b proces gojenia. Nie zawiera alkoholu Nie wymaga sp\u0142ukiwania Mo\u017ce by\u0107 stosowany u noworodk\u00f3w Zastosowanie roztworu GranuSEPT GranuSEPT\u00ae roztw\u00f3r s\u0142u\u017cy do: oczyszczania ran oraz zapobiegania infekcjom do stosowania w przypadku drobnych otar\u0107 sk\u00f3ry, skalecze\u0144, rozci\u0119\u0107, poparze\u0144. do przemywania ran do nawil\u017cania ran do stosowania na podra\u017cnion\u0105 i zainfekowan\u0105 sk\u00f3r\u0119 GranuSEPT\u00ae roztw\u00f3r mo\u017ce by\u0107 stosowany do nawil\u017cenia opatrunku rany jak i samej rany, a tak\u017ce do rozmi\u0119kczenia zaschni\u0119tego opatrunku. Wyp\u0142ukuje substancje dra\u017cni\u0105ce odpowiadaj\u0105ce za nieprzyjemny zapach z rany. Spos\u00f3b u\u017cycia Nanie\u015b\u0107 GranuSept\u00ae roztw\u00f3r na dotkni\u0119ty obszar, aby przemy\u0107 ran\u0119 i usun\u0105\u0107 z niej zanieczyszczenia. Stosowa\u0107 wed\u0142ug potrzeb, aby zapewni\u0107 optymalne warunki gojenia. Dla optymalnego efektu, po na\u0142o\u017ceniu nale\u017cy zaczeka\u0107, a\u017c naturalnie wyschnie. Produkt testowany dermatologicznie. Sk\u0142ad 0,016% kwasu podchlorawego. Substancje pomocnicze: woda jonizowana, chlorek sodu. Przeciwwskazania Preparatu GranuSept\u00ae nie nale\u017cy stosowa\u0107 w przypadku rozpoznanej reakcji alergicznej lub nietolerancji na kt\u00f3rykolwiek z jego sk\u0142adnik\u00f3w. Nie nale\u017cy po\u0142yka\u0107. Wy\u0142\u0105cznie do stosowania miejscowego. Nie nale\u017cy stosowa\u0107 d\u0142u\u017cej ni\u017c 30 dni. Produkt mo\u017ce by\u0107 stosowany r\u00f3wnocze\u015bnie z innymi lekami wy\u0142\u0105cznie po konsultacji lekarskiej. Warunki przechowywania Wyr\u00f3b medyczny GranuSept\u00ae roztw\u00f3r do przemywania ran nale\u017cy przechowywa\u0107 w temperaturze pokojowej do maksymalnie 25\u00b0C, z dala od bezpo\u015bredniego \u017ar\u00f3d\u0142a ciep\u0142a i \u015bwiat\u0142a s\u0142onecznego Opakowanie 250 ml<\/p>\n<p>Nutrikosmetyki i leki dermatologiczne<\/p>\n<p>curry pasta, baza pod cienie, przyprawa w sk\u0142adzie zi\u00f3\u0142 prowansalskich, kie\u0142ki rzodkiewki cena, sok ze \u015bliwek w\u0142a\u015bciwo\u015bci, olej kokosowy nierafinowany gdzie kupi\u0107, mr meat krak\u00f3w, chlebowy, olej chia, jak zrobi\u0107 sushi w tempurze, krowie paznokcie, kwiaty zielone, bertram, chleb z orzechami w\u0142oskimi, sos pomidorowy passata<\/p>\n<p>yyyyy<\/p>\n","protected":false},"excerpt":{"rendered":"<p>Granusept Roztw\u00f3r do przemywania ran &#8211; 250 ml Granusept\u00ae to roztw\u00f3r do oczyszczania, przemywania i nawil\u017cania ran. Zapobiega powstawaniu biofilmu.&hellip;<\/p>\n","protected":false},"featured_media":1933,"comment_status":"closed","ping_status":"open","template":"","meta":[],"product_cat":[41],"product_tag":[635,647,738,804],"class_list":["post-1932","product","type-product","status-publish","has-post-thumbnail","hentry","product_cat-ziola-i-herbaty-lecznicze","product_tag-4-her","product_tag-kurczak-bio","product_tag-mieso-bio","product_tag-quinoa-jak-gotowac"],"_links":{"self":[{"href":"https:\/\/wegeblw.pl\/index.php\/wp-json\/wp\/v2\/product\/1932","targetHints":{"allow":["GET"]}}],"collection":[{"href":"https:\/\/wegeblw.pl\/index.php\/wp-json\/wp\/v2\/product"}],"about":[{"href":"https:\/\/wegeblw.pl\/index.php\/wp-json\/wp\/v2\/types\/product"}],"replies":[{"embeddable":true,"href":"https:\/\/wegeblw.pl\/index.php\/wp-json\/wp\/v2\/comments?post=1932"}],"wp:featuredmedia":[{"embeddable":true,"href":"https:\/\/wegeblw.pl\/index.php\/wp-json\/wp\/v2\/media\/1933"}],"wp:attachment":[{"href":"https:\/\/wegeblw.pl\/index.php\/wp-json\/wp\/v2\/media?parent=1932"}],"wp:term":[{"taxonomy":"product_cat","embeddable":true,"href":"https:\/\/wegeblw.pl\/index.php\/wp-json\/wp\/v2\/product_cat?post=1932"},{"taxonomy":"product_tag","embeddable":true,"href":"https:\/\/wegeblw.pl\/index.php\/wp-json\/wp\/v2\/product_tag?post=1932"}],"curies":[{"name":"wp","href":"https:\/\/api.w.org\/{rel}","templated":true}]}}