{"id":1936,"date":"2016-06-10T23:03:18","date_gmt":"2016-06-10T21:03:18","guid":{"rendered":"https:\/\/wegeblw.pl\/index.php\/produkt\/melisa-lekarska-wyciag-mikroczasteczkowy-50ml\/"},"modified":"2026-04-07T11:39:52","modified_gmt":"2026-04-07T09:39:52","slug":"melisa-lekarska-wyciag-mikroczasteczkowy-50ml","status":"publish","type":"product","link":"https:\/\/wegeblw.pl\/index.php\/produkt\/melisa-lekarska-wyciag-mikroczasteczkowy-50ml\/","title":{"rendered":"Melisa Lekarska Wyci\u0105g Mikrocz\u0105steczkowy 50ml"},"content":{"rendered":"<p>Teraz w Aurum-Optics do ka\u017cdego zam\u00f3wienia dodajemy wyj\u0105tkowe korzy\u015bci &#8211; w zale\u017cno\u015bci od rodzaju okular\u00f3w.SPRAWD\u0179 DODATKOWE KORZY\u015aCIOkulary MJ MARC 561 RHL 56 &#8211; wysoka jako\u015b\u0107 i doskona\u0142y stylOkulary korekcyjne Marc Jacobs MJ MARC 561 RHL 56 to doskona\u0142y wyb\u00f3r dla ka\u017cdej kobiety poszukuj\u0105cej stylowego dodatku. Te oprawki korekcyjne charakteryzuje nie tylko doskona\u0142y design &#8211; gwarantuj\u0105 one tak\u017ce najwy\u017cszy komfort widzenia. Markowe okulary Marc JacobsMarc Jacobs to projektant, kt\u00f3ry zaistnia\u0142 w \u015bwiecie mody jeszcze jako student. W dniu dzisiejszym sygnowana jego nazwiskiem marka nale\u017cy do najbardziej rozpoznawalnych producent\u00f3w ekskluzywnej odzie\u017cy. Charakterystyczne po\u0142\u0105czenie ulicznego stylu z luksusowym wykonaniem znajduje swoje odzwierciedlenie r\u00f3wnie\u017c w ofercie okular\u00f3w, kt\u00f3re wyr\u00f3\u017cniaj\u0105 si\u0119 nie tylko bezkompromisowym stylem, ale r\u00f3wnie\u017c wysok\u0105 wytrzyma\u0142o\u015bci\u0105 oraz komfortem widzenia&#8230;.<\/p>\n<p>Okulary oprawki i szk\u0142a<\/p>\n<p>woda z p\u0142atk\u00f3w r\u00f3\u017cy, czekolada jogurtowa, guarani, ziele ostrozenia, tomasz kowalczyk, witamina d3 k2mk7, ser w tubce, w\u0119giel w proszku, eko warzywniak wroc\u0142aw, p\u00f3r, sok z mleczu, active liver opini\u0119, lovare herbata, co je\u015b\u0107 na drugie \u015bniadanie, d-vitum forte 2000 j.m. k2 mk-7, bio organica, sprz\u0105tania, zestaw yerba<\/p>\n<p><a href=\"https:\/\/tendoktor.pl\/baza-lekow\/drovelis\/\">https:\/\/tendoktor.pl\/baza-lekow\/drovelis\/<\/a><\/p>\n","protected":false},"excerpt":{"rendered":"<p>Teraz w Aurum-Optics do ka\u017cdego zam\u00f3wienia dodajemy wyj\u0105tkowe korzy\u015bci &#8211; w zale\u017cno\u015bci od rodzaju okular\u00f3w.SPRAWD\u0179 DODATKOWE KORZY\u015aCIOkulary MJ MARC 561&hellip;<\/p>\n","protected":false},"featured_media":1937,"comment_status":"closed","ping_status":"open","template":"","meta":[],"product_cat":[41],"product_tag":[765,784,804],"class_list":["post-1936","product","type-product","status-publish","has-post-thumbnail","hentry","product_cat-ziola-i-herbaty-lecznicze","product_tag-makaron-bez-kalorii","product_tag-mieso-weganskie","product_tag-quinoa-jak-gotowac"],"_links":{"self":[{"href":"https:\/\/wegeblw.pl\/index.php\/wp-json\/wp\/v2\/product\/1936","targetHints":{"allow":["GET"]}}],"collection":[{"href":"https:\/\/wegeblw.pl\/index.php\/wp-json\/wp\/v2\/product"}],"about":[{"href":"https:\/\/wegeblw.pl\/index.php\/wp-json\/wp\/v2\/types\/product"}],"replies":[{"embeddable":true,"href":"https:\/\/wegeblw.pl\/index.php\/wp-json\/wp\/v2\/comments?post=1936"}],"wp:featuredmedia":[{"embeddable":true,"href":"https:\/\/wegeblw.pl\/index.php\/wp-json\/wp\/v2\/media\/1937"}],"wp:attachment":[{"href":"https:\/\/wegeblw.pl\/index.php\/wp-json\/wp\/v2\/media?parent=1936"}],"wp:term":[{"taxonomy":"product_cat","embeddable":true,"href":"https:\/\/wegeblw.pl\/index.php\/wp-json\/wp\/v2\/product_cat?post=1936"},{"taxonomy":"product_tag","embeddable":true,"href":"https:\/\/wegeblw.pl\/index.php\/wp-json\/wp\/v2\/product_tag?post=1936"}],"curies":[{"name":"wp","href":"https:\/\/api.w.org\/{rel}","templated":true}]}}