{"id":195,"date":"2015-04-07T13:29:15","date_gmt":"2015-04-07T11:29:15","guid":{"rendered":"https:\/\/wegeblw.pl\/index.php\/produkt\/aries-ponczochy-przeciwzylakowe-avicenum-250-den-normal-krotkie-s\/"},"modified":"2026-04-10T09:49:22","modified_gmt":"2026-04-10T07:49:22","slug":"aries-ponczochy-przeciwzylakowe-avicenum-250-den-normal-krotkie-s","status":"publish","type":"product","link":"https:\/\/wegeblw.pl\/index.php\/produkt\/aries-ponczochy-przeciwzylakowe-avicenum-250-den-normal-krotkie-s\/","title":{"rendered":"ARIES Po\u0144czochy przeciw\u017cylakowe Avicenum 250 DEN &#8211; Normal (kr\u00f3tkie), S"},"content":{"rendered":"<p>Oprawy okularowe Rodenstock<\/p>\n<p>Okulary oprawki i szk\u0142a<\/p>\n<p>kurkuma w proszku, olejek z oregano 100 procent, owoce z witamina d, torras, zbo\u017ca ekspandowane lidl, cholina i inozytol, masa\u017c krocza, m\u0105ka orkiszowa bezglutenowa, ocet d\u0119bowy, sarrasin, nasiona chia w\u0142a\u015bciwo\u015bci odchudzaj\u0105ce, chow mein makaron<\/p>\n<p>yyyyy<\/p>\n","protected":false},"excerpt":{"rendered":"<p>Oprawy okularowe Rodenstock Okulary oprawki i szk\u0142a kurkuma w proszku, olejek z oregano 100 procent, owoce z witamina d, torras,&hellip;<\/p>\n","protected":false},"featured_media":196,"comment_status":"closed","ping_status":"open","template":"","meta":[],"product_cat":[35],"product_tag":[642,705,744],"class_list":["post-195","product","type-product","status-publish","has-post-thumbnail","hentry","product_cat-bielizna-lecznicza","product_tag-granat","product_tag-guma-guar-szkodliwosc","product_tag-haagen-dazs"],"_links":{"self":[{"href":"https:\/\/wegeblw.pl\/index.php\/wp-json\/wp\/v2\/product\/195","targetHints":{"allow":["GET"]}}],"collection":[{"href":"https:\/\/wegeblw.pl\/index.php\/wp-json\/wp\/v2\/product"}],"about":[{"href":"https:\/\/wegeblw.pl\/index.php\/wp-json\/wp\/v2\/types\/product"}],"replies":[{"embeddable":true,"href":"https:\/\/wegeblw.pl\/index.php\/wp-json\/wp\/v2\/comments?post=195"}],"wp:featuredmedia":[{"embeddable":true,"href":"https:\/\/wegeblw.pl\/index.php\/wp-json\/wp\/v2\/media\/196"}],"wp:attachment":[{"href":"https:\/\/wegeblw.pl\/index.php\/wp-json\/wp\/v2\/media?parent=195"}],"wp:term":[{"taxonomy":"product_cat","embeddable":true,"href":"https:\/\/wegeblw.pl\/index.php\/wp-json\/wp\/v2\/product_cat?post=195"},{"taxonomy":"product_tag","embeddable":true,"href":"https:\/\/wegeblw.pl\/index.php\/wp-json\/wp\/v2\/product_tag?post=195"}],"curies":[{"name":"wp","href":"https:\/\/api.w.org\/{rel}","templated":true}]}}