{"id":1960,"date":"2019-07-01T01:02:57","date_gmt":"2019-06-30T23:02:57","guid":{"rendered":"https:\/\/wegeblw.pl\/index.php\/produkt\/rafex-kenya-milima-100g\/"},"modified":"2026-04-08T19:18:36","modified_gmt":"2026-04-08T17:18:36","slug":"rafex-kenya-milima-100g","status":"publish","type":"product","link":"https:\/\/wegeblw.pl\/index.php\/produkt\/rafex-kenya-milima-100g\/","title":{"rendered":"Rafex Kenya milima 100g"},"content":{"rendered":"<p>Weleda Urtica Gel \u017cel koj\u0105cy do podra\u017cnionej sk\u00f3ry 25 g. Weleda Urtica Gel najlepsza cena. Weleda kup teraz.<\/p>\n<p>Nutrikosmetyki<\/p>\n<p>kolagen wega\u0144ski, mieszanka do gofrow, b\u0142onnik definicja, krem orzechowy z mas\u0142a orzechowego, oleje lniane, sklep babalscy, czosnek czarny, sosna zwyczajna, olej \u017cywokostowy z gojnikiem astron, jak napisa\u0107 pismo do klienta o podwy\u017cce cen, zurek wegetarianski, frupp baton, regulobon, gyros kebab, czerwona kapusta z jab\u0142kiem, makaron polski, jab\u0142czan magnezu swanson, smietanka kokosowa, siemie lniane witaminy, zio\u0142a szwedzkie opinie forum<\/p>\n<p>yyyyy<\/p>\n","protected":false},"excerpt":{"rendered":"<p>Weleda Urtica Gel \u017cel koj\u0105cy do podra\u017cnionej sk\u00f3ry 25 g. Weleda Urtica Gel najlepsza cena. Weleda kup teraz. Nutrikosmetyki kolagen&hellip;<\/p>\n","protected":false},"featured_media":1961,"comment_status":"closed","ping_status":"open","template":"","meta":[],"product_cat":[87],"product_tag":[756,881,718],"class_list":["post-1960","product","type-product","status-publish","has-post-thumbnail","hentry","product_cat-herbata","product_tag-sklep-ekologiczny-warszawa","product_tag-sok-z-brzozy-cena","product_tag-zamiennik-jogurtu-naturalnego"],"_links":{"self":[{"href":"https:\/\/wegeblw.pl\/index.php\/wp-json\/wp\/v2\/product\/1960","targetHints":{"allow":["GET"]}}],"collection":[{"href":"https:\/\/wegeblw.pl\/index.php\/wp-json\/wp\/v2\/product"}],"about":[{"href":"https:\/\/wegeblw.pl\/index.php\/wp-json\/wp\/v2\/types\/product"}],"replies":[{"embeddable":true,"href":"https:\/\/wegeblw.pl\/index.php\/wp-json\/wp\/v2\/comments?post=1960"}],"wp:featuredmedia":[{"embeddable":true,"href":"https:\/\/wegeblw.pl\/index.php\/wp-json\/wp\/v2\/media\/1961"}],"wp:attachment":[{"href":"https:\/\/wegeblw.pl\/index.php\/wp-json\/wp\/v2\/media?parent=1960"}],"wp:term":[{"taxonomy":"product_cat","embeddable":true,"href":"https:\/\/wegeblw.pl\/index.php\/wp-json\/wp\/v2\/product_cat?post=1960"},{"taxonomy":"product_tag","embeddable":true,"href":"https:\/\/wegeblw.pl\/index.php\/wp-json\/wp\/v2\/product_tag?post=1960"}],"curies":[{"name":"wp","href":"https:\/\/api.w.org\/{rel}","templated":true}]}}