{"id":1980,"date":"2024-09-19T20:32:55","date_gmt":"2024-09-19T18:32:55","guid":{"rendered":"https:\/\/wegeblw.pl\/?post_type=product&#038;p=1980"},"modified":"2026-04-07T01:11:59","modified_gmt":"2026-04-06T23:11:59","slug":"ecoblik-jemiola-100g","status":"publish","type":"product","link":"https:\/\/wegeblw.pl\/index.php\/produkt\/ecoblik-jemiola-100g\/","title":{"rendered":"ECOBLIK Jemio\u0142a 100g"},"content":{"rendered":"<p>KO01 HMS &#8211; to obrotowy twister magnetyczny. Produkt doskonale sprawdzi si\u0119 jako przyrz\u0105d do \u0107wicze\u0144 fitness w warunkach domowych.<\/p>\n<p>Twistery<\/p>\n<p>pierogi bezglutenowe z m\u0105ki sch\u00e4r, \u015bmietanka krem\u00f3wka, extra virgin, jogurt cena, siarka do k\u0105pieli w domu gdzie kupi\u0107<\/p>\n<p>yyyyy<\/p>\n","protected":false},"excerpt":{"rendered":"<p>KO01 HMS &#8211; to obrotowy twister magnetyczny. Produkt doskonale sprawdzi si\u0119 jako przyrz\u0105d do \u0107wicze\u0144 fitness w warunkach domowych. Twistery&hellip;<\/p>\n","protected":false},"featured_media":1981,"comment_status":"closed","ping_status":"open","template":"","meta":[],"product_cat":[41],"product_tag":[650,774,725,663,713],"class_list":["post-1980","product","type-product","status-publish","has-post-thumbnail","hentry","product_cat-ziola-i-herbaty-lecznicze","product_tag-biala-kielbasa","product_tag-cytryny-ekologiczne","product_tag-pasta-sezamowa-do-czego","product_tag-sekacz-ciasto","product_tag-zur-a-zurek"],"_links":{"self":[{"href":"https:\/\/wegeblw.pl\/index.php\/wp-json\/wp\/v2\/product\/1980","targetHints":{"allow":["GET"]}}],"collection":[{"href":"https:\/\/wegeblw.pl\/index.php\/wp-json\/wp\/v2\/product"}],"about":[{"href":"https:\/\/wegeblw.pl\/index.php\/wp-json\/wp\/v2\/types\/product"}],"replies":[{"embeddable":true,"href":"https:\/\/wegeblw.pl\/index.php\/wp-json\/wp\/v2\/comments?post=1980"}],"wp:featuredmedia":[{"embeddable":true,"href":"https:\/\/wegeblw.pl\/index.php\/wp-json\/wp\/v2\/media\/1981"}],"wp:attachment":[{"href":"https:\/\/wegeblw.pl\/index.php\/wp-json\/wp\/v2\/media?parent=1980"}],"wp:term":[{"taxonomy":"product_cat","embeddable":true,"href":"https:\/\/wegeblw.pl\/index.php\/wp-json\/wp\/v2\/product_cat?post=1980"},{"taxonomy":"product_tag","embeddable":true,"href":"https:\/\/wegeblw.pl\/index.php\/wp-json\/wp\/v2\/product_tag?post=1980"}],"curies":[{"name":"wp","href":"https:\/\/api.w.org\/{rel}","templated":true}]}}