{"id":2010,"date":"2020-04-12T09:33:11","date_gmt":"2020-04-12T07:33:11","guid":{"rendered":"https:\/\/wegeblw.pl\/index.php\/produkt\/topola-paki-1-kg\/"},"modified":"2026-04-07T11:38:19","modified_gmt":"2026-04-07T09:38:19","slug":"topola-paki-1-kg","status":"publish","type":"product","link":"https:\/\/wegeblw.pl\/index.php\/produkt\/topola-paki-1-kg\/","title":{"rendered":"Topola p\u0105ki 1 kg"},"content":{"rendered":"<p>Marc Jacobs to s\u0142ynny ameryka\u0144ski projektant mody, kt\u00f3ry pocz\u0105tkowo zwi\u0105zany by\u0142 ze znanym domem modowym Louis Vuitton. Stworzy\u0142 swoj\u0105 mark\u0119 modow\u0105 Marc by Marc Jacobs, ale uzna\u0142, \u017ce jest ona zbyt elitarna i dociera do zbyt ma\u0142ej grupy odbiorc\u00f3w. W jej miejsce powsta\u0142a marka Marc Jacobs o znacznie szerszym zasi\u0119gu, poniewa\u017c wszystkie produkty s\u0105 bardziej atrakcyjne cenowo. Nowa marka ma zach\u0119ca\u0107 do eksponowania indywidualno\u015bci i tworzenia osobistego stylu. Kolekcje opraw okularowych i okular\u00f3w przeciws\u0142onecznych emanuj\u0105 \u015bwie\u017co\u015bci\u0105 dzi\u0119ki ciekawym kszta\u0142tom i fantastycznie skomponowanej kolorystyce. I cho\u0107 produkty opatrzone logiem Marc Jacobs dedykowane s\u0105 zar\u00f3wno kobietom, jak i m\u0119\u017cczyznom w przedziale wiekowym 25-45 lat, to warto je nosi\u0107 w ka\u017cdym wieku. Model 1016 to modne oprawy okularowe.Oprawa wykonana jest z metalu, kt\u00f3ry dodaje lekko\u015bci okularom i sprawia, \u017ce oprawa jest wytrzyma\u0142a i elastyczna, a przy tym bardzo komfortowa w noszeniu. Kszta\u0142t kwadratowy, w kt\u00f3rym wysoko\u015b\u0107 i szeroko\u015b\u0107 s\u0105 sobie r\u00f3wne, to geometryczna forma, kt\u00f3ra doskonale sprawdzi si\u0119 u os\u00f3b z okr\u0105g\u0142ymi i owalnymi rysami twarzy.<\/p>\n<p>Okulary oprawki i szk\u0142a<\/p>\n<p>cena owoc\u00f3w, bonito wroclaw, pierzga w miodzie cena, la molisana, wino wytrawne co to znaczy, mleko ro\u015blinne bez cukru, ciasteczka ma\u015blane z czekolad\u0105, rumianek do picia w\u0142a\u015bciwo\u015bci, p\u0142atki g\u00f3rskie owsiane, maslo, vita biosa opinie negatywne, papryka gochugaru gdzie kupi\u0107, weganski ser zolty, guarana yerba<\/p>\n<p>yyyyy<\/p>\n","protected":false},"excerpt":{"rendered":"<p>Marc Jacobs to s\u0142ynny ameryka\u0144ski projektant mody, kt\u00f3ry pocz\u0105tkowo zwi\u0105zany by\u0142 ze znanym domem modowym Louis Vuitton. Stworzy\u0142 swoj\u0105 mark\u0119&hellip;<\/p>\n","protected":false},"featured_media":2011,"comment_status":"closed","ping_status":"open","template":"","meta":[],"product_cat":[41],"product_tag":[758,775,629,648,649,882],"class_list":["post-2010","product","type-product","status-publish","has-post-thumbnail","hentry","product_cat-ziola-i-herbaty-lecznicze","product_tag-bulki","product_tag-kwasna-smietana","product_tag-maka-z-ciecierzycy","product_tag-maki-ekologiczne","product_tag-organic24","product_tag-veegs"],"_links":{"self":[{"href":"https:\/\/wegeblw.pl\/index.php\/wp-json\/wp\/v2\/product\/2010","targetHints":{"allow":["GET"]}}],"collection":[{"href":"https:\/\/wegeblw.pl\/index.php\/wp-json\/wp\/v2\/product"}],"about":[{"href":"https:\/\/wegeblw.pl\/index.php\/wp-json\/wp\/v2\/types\/product"}],"replies":[{"embeddable":true,"href":"https:\/\/wegeblw.pl\/index.php\/wp-json\/wp\/v2\/comments?post=2010"}],"wp:featuredmedia":[{"embeddable":true,"href":"https:\/\/wegeblw.pl\/index.php\/wp-json\/wp\/v2\/media\/2011"}],"wp:attachment":[{"href":"https:\/\/wegeblw.pl\/index.php\/wp-json\/wp\/v2\/media?parent=2010"}],"wp:term":[{"taxonomy":"product_cat","embeddable":true,"href":"https:\/\/wegeblw.pl\/index.php\/wp-json\/wp\/v2\/product_cat?post=2010"},{"taxonomy":"product_tag","embeddable":true,"href":"https:\/\/wegeblw.pl\/index.php\/wp-json\/wp\/v2\/product_tag?post=2010"}],"curies":[{"name":"wp","href":"https:\/\/api.w.org\/{rel}","templated":true}]}}