{"id":2052,"date":"2016-05-01T10:37:27","date_gmt":"2016-05-01T08:37:27","guid":{"rendered":"https:\/\/wegeblw.pl\/index.php\/produkt\/ilbio-biala-herbata-bio-cesarski-sen-24g\/"},"modified":"2026-04-15T21:38:44","modified_gmt":"2026-04-15T19:38:44","slug":"ilbio-biala-herbata-bio-cesarski-sen-24g","status":"publish","type":"product","link":"https:\/\/wegeblw.pl\/index.php\/produkt\/ilbio-biala-herbata-bio-cesarski-sen-24g\/","title":{"rendered":"Ilbio Bia\u0142a Herbata Bio &#8211; Cesarski Sen 24g"},"content":{"rendered":"<p>Tapioka to skrobia pozyskiwana z korzenia manioki, czyli z najbardziej warto\u015bciowej cz\u0119\u015bci tej ro\u015bliny. M\u0105ka z tapioki to produkt bezglutenowy, wega\u0144ski i hipoalergiczny. Nie posiada charakterystycznego smaku ani zapachu, co sprawia, \u017ce \u015bmia\u0142o mo\u017cna dodawa\u0107 j\u0105 do potraw bez obawy, \u017ce zmieni ich smak. Maniok, to krzew rosn\u0105cy w Boliwii, Paragwaju, Tajlandii. To jedna z najpopularniejszych ro\u015blin uprawianych w Azji, Afryce i Ameryce, znana od wiek\u00f3w. Upraw\u0119 manioka rozpocz\u0119li brazylijscy Indianie setki lat temu. M\u0105ka z tapioki u\u017cywana jest do wytwarzania produkt\u00f3w bezglutenowych. Maniok sta\u0142 si\u0119 odpowiednikiem naszego ziemniaka w strefie klimatu umiarkowanego.<\/p>\n<p>Zdrowa \u017cywno\u015b\u0107<\/p>\n<p>makaron typu penne, polpa, masc z zywokostu dzialanie, chipsy warzywne lidl, lukrowane migda\u0142y<\/p>\n<p>yyyyy<\/p>\n","protected":false},"excerpt":{"rendered":"<p>Tapioka to skrobia pozyskiwana z korzenia manioki, czyli z najbardziej warto\u015bciowej cz\u0119\u015bci tej ro\u015bliny. M\u0105ka z tapioki to produkt bezglutenowy,&hellip;<\/p>\n","protected":false},"featured_media":2053,"comment_status":"closed","ping_status":"open","template":"","meta":[],"product_cat":[41],"product_tag":[624,629,691,756],"class_list":["post-2052","product","type-product","status-publish","has-post-thumbnail","hentry","product_cat-ziola-i-herbaty-lecznicze","product_tag-kombucha-sklep","product_tag-maka-z-ciecierzycy","product_tag-olej-ryzowy-wlasciwosci","product_tag-sklep-ekologiczny-warszawa"],"_links":{"self":[{"href":"https:\/\/wegeblw.pl\/index.php\/wp-json\/wp\/v2\/product\/2052","targetHints":{"allow":["GET"]}}],"collection":[{"href":"https:\/\/wegeblw.pl\/index.php\/wp-json\/wp\/v2\/product"}],"about":[{"href":"https:\/\/wegeblw.pl\/index.php\/wp-json\/wp\/v2\/types\/product"}],"replies":[{"embeddable":true,"href":"https:\/\/wegeblw.pl\/index.php\/wp-json\/wp\/v2\/comments?post=2052"}],"wp:featuredmedia":[{"embeddable":true,"href":"https:\/\/wegeblw.pl\/index.php\/wp-json\/wp\/v2\/media\/2053"}],"wp:attachment":[{"href":"https:\/\/wegeblw.pl\/index.php\/wp-json\/wp\/v2\/media?parent=2052"}],"wp:term":[{"taxonomy":"product_cat","embeddable":true,"href":"https:\/\/wegeblw.pl\/index.php\/wp-json\/wp\/v2\/product_cat?post=2052"},{"taxonomy":"product_tag","embeddable":true,"href":"https:\/\/wegeblw.pl\/index.php\/wp-json\/wp\/v2\/product_tag?post=2052"}],"curies":[{"name":"wp","href":"https:\/\/api.w.org\/{rel}","templated":true}]}}