{"id":2082,"date":"2021-07-18T18:43:07","date_gmt":"2021-07-18T16:43:07","guid":{"rendered":"https:\/\/wegeblw.pl\/index.php\/produkt\/klups-komoda-z-przewijakiem-zyrafka-biala\/"},"modified":"2026-04-10T04:45:24","modified_gmt":"2026-04-10T02:45:24","slug":"klups-komoda-z-przewijakiem-zyrafka-biala","status":"publish","type":"product","link":"https:\/\/wegeblw.pl\/index.php\/produkt\/klups-komoda-z-przewijakiem-zyrafka-biala\/","title":{"rendered":"Klup\u015b Komoda Z Przewijakiem \u017byrafka Bia\u0142a"},"content":{"rendered":"<p>Oprawy okularowe Rodenstock<\/p>\n<p>Okulary oprawki i szk\u0142a<\/p>\n<p>z czego zrobiona jest cha\u0142wa, pani aga blog, orkiszowe pola, czosnek w kapsu\u0142kach, campinos, przepiorcze jaja, czy kawa rozpuszczalna pobudza, sezam indyjski warto\u015b\u0107 od\u017cywcza, wlasciwosci sody, pierniki dojrzewaj\u0105ce, herbata g\u00f3rska, wap\u0144 w moczu, chic sklep, mleczko kokosowe<\/p>\n<p>yyyyy<\/p>\n","protected":false},"excerpt":{"rendered":"<p>Oprawy okularowe Rodenstock Okulary oprawki i szk\u0142a z czego zrobiona jest cha\u0142wa, pani aga blog, orkiszowe pola, czosnek w kapsu\u0142kach,&hellip;<\/p>\n","protected":false},"featured_media":2083,"comment_status":"closed","ping_status":"open","template":"","meta":[],"product_cat":[245],"product_tag":[840,861,677,719,836],"class_list":["post-2082","product","type-product","status-publish","has-post-thumbnail","hentry","product_cat-komody-dzieciece","product_tag-collagen-gold","product_tag-czym-zastapic-jogurt-naturalny","product_tag-health-labs","product_tag-jaja-ekologiczne","product_tag-senkacz"],"_links":{"self":[{"href":"https:\/\/wegeblw.pl\/index.php\/wp-json\/wp\/v2\/product\/2082","targetHints":{"allow":["GET"]}}],"collection":[{"href":"https:\/\/wegeblw.pl\/index.php\/wp-json\/wp\/v2\/product"}],"about":[{"href":"https:\/\/wegeblw.pl\/index.php\/wp-json\/wp\/v2\/types\/product"}],"replies":[{"embeddable":true,"href":"https:\/\/wegeblw.pl\/index.php\/wp-json\/wp\/v2\/comments?post=2082"}],"wp:featuredmedia":[{"embeddable":true,"href":"https:\/\/wegeblw.pl\/index.php\/wp-json\/wp\/v2\/media\/2083"}],"wp:attachment":[{"href":"https:\/\/wegeblw.pl\/index.php\/wp-json\/wp\/v2\/media?parent=2082"}],"wp:term":[{"taxonomy":"product_cat","embeddable":true,"href":"https:\/\/wegeblw.pl\/index.php\/wp-json\/wp\/v2\/product_cat?post=2082"},{"taxonomy":"product_tag","embeddable":true,"href":"https:\/\/wegeblw.pl\/index.php\/wp-json\/wp\/v2\/product_tag?post=2082"}],"curies":[{"name":"wp","href":"https:\/\/api.w.org\/{rel}","templated":true}]}}