{"id":2088,"date":"2014-03-06T11:10:48","date_gmt":"2014-03-06T10:10:48","guid":{"rendered":"https:\/\/wegeblw.pl\/index.php\/produkt\/natur-vit-glog-100g\/"},"modified":"2026-04-08T16:30:01","modified_gmt":"2026-04-08T14:30:01","slug":"natur-vit-glog-100g","status":"publish","type":"product","link":"https:\/\/wegeblw.pl\/index.php\/produkt\/natur-vit-glog-100g\/","title":{"rendered":"Natur Vit G\u0142\u00f3g 100g"},"content":{"rendered":"<p>Okulary przeciws\u0142oneczne , oprawy ralph lauren<\/p>\n<p>Okulary przeciws\u0142oneczne damskie<\/p>\n<p>nasiona babka p\u0142esznik, musli mixit, czy mi\u0119so z kr\u00f3lika jest bezpieczne, ciasteczka kokosowe bezglutenowe, keto batony<\/p>\n<p><a href=\"https:\/\/www.dom-lazienka.pl\/wanny-wolnostojace-cat-216\">wanny \u0142azienkowe wolnostoj\u0105ce<\/a><\/p>\n","protected":false},"excerpt":{"rendered":"<p>Okulary przeciws\u0142oneczne , oprawy ralph lauren Okulary przeciws\u0142oneczne damskie nasiona babka p\u0142esznik, musli mixit, czy mi\u0119so z kr\u00f3lika jest bezpieczne,&hellip;<\/p>\n","protected":false},"featured_media":2089,"comment_status":"closed","ping_status":"open","template":"","meta":[],"product_cat":[41],"product_tag":[642,764,819,640,622],"class_list":["post-2088","product","type-product","status-publish","has-post-thumbnail","hentry","product_cat-ziola-i-herbaty-lecznicze","product_tag-granat","product_tag-jogurty-bez-mleka","product_tag-kosze-prezentowe","product_tag-siemie-lniane-na-surowo","product_tag-vege-mieso"],"_links":{"self":[{"href":"https:\/\/wegeblw.pl\/index.php\/wp-json\/wp\/v2\/product\/2088","targetHints":{"allow":["GET"]}}],"collection":[{"href":"https:\/\/wegeblw.pl\/index.php\/wp-json\/wp\/v2\/product"}],"about":[{"href":"https:\/\/wegeblw.pl\/index.php\/wp-json\/wp\/v2\/types\/product"}],"replies":[{"embeddable":true,"href":"https:\/\/wegeblw.pl\/index.php\/wp-json\/wp\/v2\/comments?post=2088"}],"wp:featuredmedia":[{"embeddable":true,"href":"https:\/\/wegeblw.pl\/index.php\/wp-json\/wp\/v2\/media\/2089"}],"wp:attachment":[{"href":"https:\/\/wegeblw.pl\/index.php\/wp-json\/wp\/v2\/media?parent=2088"}],"wp:term":[{"taxonomy":"product_cat","embeddable":true,"href":"https:\/\/wegeblw.pl\/index.php\/wp-json\/wp\/v2\/product_cat?post=2088"},{"taxonomy":"product_tag","embeddable":true,"href":"https:\/\/wegeblw.pl\/index.php\/wp-json\/wp\/v2\/product_tag?post=2088"}],"curies":[{"name":"wp","href":"https:\/\/api.w.org\/{rel}","templated":true}]}}