{"id":209,"date":"2018-10-20T21:29:14","date_gmt":"2018-10-20T19:29:14","guid":{"rendered":"https:\/\/wegeblw.pl\/index.php\/produkt\/solgar-naturalny-beta-karoten-60-kaps-witamina-c-200-mg-25-tabl\/"},"modified":"2026-04-09T10:51:14","modified_gmt":"2026-04-09T08:51:14","slug":"solgar-naturalny-beta-karoten-60-kaps-witamina-c-200-mg-25-tabl","status":"publish","type":"product","link":"https:\/\/wegeblw.pl\/index.php\/produkt\/solgar-naturalny-beta-karoten-60-kaps-witamina-c-200-mg-25-tabl\/","title":{"rendered":"SOLGAR Naturalny Beta Karoten, 60 kaps + Witamina C, 200 mg, 25 tabl"},"content":{"rendered":"<p>Samochody i motocykle<\/p>\n<p>ziele kozieradki, barszcz ukrai\u0144ski, wit d3 z lanoliny, jakie s\u0105 owoce morza, dlaczego jagody s\u0105 gorzkie, szczoteczka do z\u0119b\u00f3w bambusowa, gdzie mo\u017cna kupi\u0107 aloes, e412 szkodliwo\u015b\u0107, rose hips, vege keto, \u017celki halloween, kwiatostan kocanki, sk\u0142ad proszku do pieczenia<\/p>\n<p>yyyyy<\/p>\n","protected":false},"excerpt":{"rendered":"<p>Samochody i motocykle ziele kozieradki, barszcz ukrai\u0144ski, wit d3 z lanoliny, jakie s\u0105 owoce morza, dlaczego jagody s\u0105 gorzkie, szczoteczka&hellip;<\/p>\n","protected":false},"featured_media":210,"comment_status":"closed","ping_status":"open","template":"","meta":[],"product_cat":[26],"product_tag":[744,827,826,707],"class_list":["post-209","product","type-product","status-publish","has-post-thumbnail","hentry","product_cat-nutrikosmetyki","product_tag-haagen-dazs","product_tag-naturli","product_tag-olej-kokosowy-rafinowany","product_tag-wege-mieso"],"_links":{"self":[{"href":"https:\/\/wegeblw.pl\/index.php\/wp-json\/wp\/v2\/product\/209","targetHints":{"allow":["GET"]}}],"collection":[{"href":"https:\/\/wegeblw.pl\/index.php\/wp-json\/wp\/v2\/product"}],"about":[{"href":"https:\/\/wegeblw.pl\/index.php\/wp-json\/wp\/v2\/types\/product"}],"replies":[{"embeddable":true,"href":"https:\/\/wegeblw.pl\/index.php\/wp-json\/wp\/v2\/comments?post=209"}],"wp:featuredmedia":[{"embeddable":true,"href":"https:\/\/wegeblw.pl\/index.php\/wp-json\/wp\/v2\/media\/210"}],"wp:attachment":[{"href":"https:\/\/wegeblw.pl\/index.php\/wp-json\/wp\/v2\/media?parent=209"}],"wp:term":[{"taxonomy":"product_cat","embeddable":true,"href":"https:\/\/wegeblw.pl\/index.php\/wp-json\/wp\/v2\/product_cat?post=209"},{"taxonomy":"product_tag","embeddable":true,"href":"https:\/\/wegeblw.pl\/index.php\/wp-json\/wp\/v2\/product_tag?post=209"}],"curies":[{"name":"wp","href":"https:\/\/api.w.org\/{rel}","templated":true}]}}