{"id":2090,"date":"2022-09-26T10:54:44","date_gmt":"2022-09-26T08:54:44","guid":{"rendered":"https:\/\/wegeblw.pl\/index.php\/produkt\/natura-wita-herbata-czarna-yunnan-300g\/"},"modified":"2026-04-07T07:54:30","modified_gmt":"2026-04-07T05:54:30","slug":"natura-wita-herbata-czarna-yunnan-300g","status":"publish","type":"product","link":"https:\/\/wegeblw.pl\/index.php\/produkt\/natura-wita-herbata-czarna-yunnan-300g\/","title":{"rendered":"Natura Wita Herbata Czarna Yunnan 300G"},"content":{"rendered":"<p>Suplementy na odchudzanie<\/p>\n<p>mleka ro\u015blinne, tortilla pszenna, babalski sklep, zepsuty ocet jab\u0142kowy, chrupki pizza, kostki roso\u0142owe bio<\/p>\n<p>yyyyy<\/p>\n","protected":false},"excerpt":{"rendered":"<p>Suplementy na odchudzanie mleka ro\u015blinne, tortilla pszenna, babalski sklep, zepsuty ocet jab\u0142kowy, chrupki pizza, kostki roso\u0142owe bio yyyyy<\/p>\n","protected":false},"featured_media":2091,"comment_status":"closed","ping_status":"open","template":"","meta":[],"product_cat":[87],"product_tag":[628,741,782],"class_list":["post-2090","product","type-product","status-publish","has-post-thumbnail","hentry","product_cat-herbata","product_tag-mieso-roslinne","product_tag-rafinowany-olej-kokosowy","product_tag-rekawiczki-nitrylowe-l"],"_links":{"self":[{"href":"https:\/\/wegeblw.pl\/index.php\/wp-json\/wp\/v2\/product\/2090","targetHints":{"allow":["GET"]}}],"collection":[{"href":"https:\/\/wegeblw.pl\/index.php\/wp-json\/wp\/v2\/product"}],"about":[{"href":"https:\/\/wegeblw.pl\/index.php\/wp-json\/wp\/v2\/types\/product"}],"replies":[{"embeddable":true,"href":"https:\/\/wegeblw.pl\/index.php\/wp-json\/wp\/v2\/comments?post=2090"}],"wp:featuredmedia":[{"embeddable":true,"href":"https:\/\/wegeblw.pl\/index.php\/wp-json\/wp\/v2\/media\/2091"}],"wp:attachment":[{"href":"https:\/\/wegeblw.pl\/index.php\/wp-json\/wp\/v2\/media?parent=2090"}],"wp:term":[{"taxonomy":"product_cat","embeddable":true,"href":"https:\/\/wegeblw.pl\/index.php\/wp-json\/wp\/v2\/product_cat?post=2090"},{"taxonomy":"product_tag","embeddable":true,"href":"https:\/\/wegeblw.pl\/index.php\/wp-json\/wp\/v2\/product_tag?post=2090"}],"curies":[{"name":"wp","href":"https:\/\/api.w.org\/{rel}","templated":true}]}}