{"id":2094,"date":"2019-08-05T00:37:34","date_gmt":"2019-08-04T22:37:34","guid":{"rendered":"https:\/\/wegeblw.pl\/index.php\/produkt\/demmers-teehaus-quick-t-bio-rumianek-3750-g\/"},"modified":"2026-04-07T08:21:40","modified_gmt":"2026-04-07T06:21:40","slug":"demmers-teehaus-quick-t-bio-rumianek-3750-g","status":"publish","type":"product","link":"https:\/\/wegeblw.pl\/index.php\/produkt\/demmers-teehaus-quick-t-bio-rumianek-3750-g\/","title":{"rendered":"Demmers Teehaus Quick T BIO rumianek 37,50 g"},"content":{"rendered":"<p>Suplement diety W\u0142a\u015bciwo\u015bci: Kolagen do picia Primabiotic Collagen to suplement dla kobiet, m\u0119\u017cczyzn, senior\u00f3w i sportowc\u00f3w \u2013 polecamy go ka\u017cdemu, kto sko\u0144czy\u0142 25 lat i zaczyna odczuwa\u0107 skutki niedoboru tego bia\u0142ka.Primabiotic Collagen wyst\u0119puje w wygodnej formie shot\u00f3w, gotowych do spo\u017cycia od razu. Jego sk\u0142ad jest prosty i naturalny \u2013 Primabiotic Collagen wyr\u00f3\u017cnia si\u0119 na tle innych suplement\u00f3w brakiem sztucznych dodatk\u00f3w czy cukru (zawiera tylko te wyst\u0119puj\u0105ce naturalnie). W ma\u0142ej porcji zamkni\u0119to, opr\u00f3cz kolagenu, r\u00f3wnie\u017c szereg wa\u017cnych dla zdrowia i urody witamin. Smak \u0142\u0105czy w sobie s\u0142odycz jab\u0142ek i brzoskwi\u0144 z delikatn\u0105, kwaskow\u0105 nut\u0105 cytryny. Kolagen z witamin\u0105 C, E, D, A i witaminami z grupy B. Witaminy zawarte w Primabiotic Collagen: \u2013 pomagaj\u0105 zachowa\u0107 g\u0142adk\u0105 sk\u00f3r\u0119 (wit. A, B2, B3, biotyna (B7) oraz wit. E, zwana \u201ewitamin\u0105 m\u0142odo\u015bci\u201d); \u2013 pomagaj\u0105 zachowa\u0107 zdrowe w\u0142osy (wit. B7 \u2013 biotyna); \u2013 pomagaj\u0105 w prawid\u0142owym funkcjonowaniu uk\u0142adu odporno\u015bciowego (wit. A, C, D, B6, B12); \u2013 przyczyniaj\u0105 si\u0119 do zmniejszenia uczucia zm\u0119czenia i znu\u017cenia (wit. C, B2, B3, B5, B6, B12); \u2013 pomagaj\u0105 w ochronie kom\u00f3rek przed stresem oksydacyjnym (wit. C, B2, E); \u2013 pomagaj\u0105 w utrzymaniu zdrowych ko\u015bci (wit. D, C); \u2013 pomagaj\u0105 w prawid\u0142owym funkcjonowaniu uk\u0142adu nerwowego (wit. B1, B2, B3, B6, B7, B12) \u2013 pomagaj\u0105 w utrzymaniu prawid\u0142owych funkcji psychologicznych (wit. C, B1, B3, B6, B7, B12); \u2013 pomagaj\u0105 w prawid\u0142owym funkcjonowaniu serca (wit. B1). Spos\u00f3b u\u017cycia: 30 ml (1 buteleczka) raz dziennie, przez minimum 4 tygodnie. Nie nale\u017cy przekracza\u0107 zalecanej porcji do spo\u017cycia w ci\u0105gu dnia.Preparat nie mo\u017ce by\u0107 stosowany jako substytut zr\u00f3\u017cnicowanej diety. Przechowywa\u0107 w miejscu suchym, zaciemnionym. ch\u0142odnym i niedost\u0119pnym dla ma\u0142ych dzieci. Kobiety w ci\u0105\u017cy i karmi\u0105ce piersi\u0105 przed zastosowaniem powinny skonsultowa\u0107 si\u0119 z lekarzem. Nie stosowa\u0107 w przypadku nadwra\u017cliwo\u015bci na kt\u00f3rykolwiek sk\u0142adnik produktu. Nale\u017cy pami\u0119ta\u0107 o zr\u00f3wnowa\u017conym sposobie \u017cywienia i zdrowym trybie \u017cycia. Tworzenie si\u0119 osad\u00f3w jest zjawiskiem naturalnym. Przeznaczony wy\u0142\u0105cznie dla os\u00f3b doros\u0142ych. Sk\u0142adniki: 1 buteleczka (30 ml) zawiera: Sok jab\u0142kowo-cytrynowy (z koncentratu), hydrolizowany kolagen 10 000mg (pochodzenia wo\u0142owego), naturalny aromat brzoskwiniowy, witamina C, niacyna, witamina E, kwas pantotenowy, witamina B6, ryboflawina, tiamina, witamina A, kwas foliowy, biotyna, witamina D, witamina B12 Ilo\u015b\u0107 w dziennej porcji (30 ml):Kolagen 10 000 mg **;Witamina A 121 \u00b5g 15%*;Tiamina (B1) 0,275 mg 25%*;Ryboflawina (B2) 0,434 mg 31%*;Niacyna (B3) 4,16 mg 26%*;Kwas pantotenowy (B5) 1,5 mg 25%*;Witamina B6 0,406 mg 29%*;Biotyna (B7) 13 \u00b5g 26%*;Kwas foliowy (B9) 60 \u00b5g 30%*;Witamina B12 1,2 \u00b5g 48%*;Witamina C 80 mg 100%*;Witamina D 1,2 \u00b5g 24%*;Witamina E 3 mg 25%*;*RWS: dzienna referencyjna warto\u015b\u0107 spo\u017cycia dla osoby doros\u0142ej **RWS nie zosta\u0142o ustalone Opakowanie: 15 buteleczek po 30 ml<\/p>\n<p>Nutrikosmetyki<\/p>\n<p>propolis 20, przyprawa o ostrym smaku, orzechy w\u0142oskie w \u0142upinie, p\u0142atki owsiane g\u00f3rskie a b\u0142yskawiczne, sposob na geste wlosy, oignon, zakupy stacjonarne, fasolka w sosie pomidorowym biedronka<\/p>\n<p>yyyyy<\/p>\n","protected":false},"excerpt":{"rendered":"<p>Suplement diety W\u0142a\u015bciwo\u015bci: Kolagen do picia Primabiotic Collagen to suplement dla kobiet, m\u0119\u017cczyzn, senior\u00f3w i sportowc\u00f3w \u2013 polecamy go ka\u017cdemu,&hellip;<\/p>\n","protected":false},"featured_media":2095,"comment_status":"closed","ping_status":"open","template":"","meta":[],"product_cat":[41],"product_tag":[834,679,624,720],"class_list":["post-2094","product","type-product","status-publish","has-post-thumbnail","hentry","product_cat-ziola-i-herbaty-lecznicze","product_tag-biosaurus","product_tag-dynia-hokkaido","product_tag-kombucha-sklep","product_tag-komose"],"_links":{"self":[{"href":"https:\/\/wegeblw.pl\/index.php\/wp-json\/wp\/v2\/product\/2094","targetHints":{"allow":["GET"]}}],"collection":[{"href":"https:\/\/wegeblw.pl\/index.php\/wp-json\/wp\/v2\/product"}],"about":[{"href":"https:\/\/wegeblw.pl\/index.php\/wp-json\/wp\/v2\/types\/product"}],"replies":[{"embeddable":true,"href":"https:\/\/wegeblw.pl\/index.php\/wp-json\/wp\/v2\/comments?post=2094"}],"wp:featuredmedia":[{"embeddable":true,"href":"https:\/\/wegeblw.pl\/index.php\/wp-json\/wp\/v2\/media\/2095"}],"wp:attachment":[{"href":"https:\/\/wegeblw.pl\/index.php\/wp-json\/wp\/v2\/media?parent=2094"}],"wp:term":[{"taxonomy":"product_cat","embeddable":true,"href":"https:\/\/wegeblw.pl\/index.php\/wp-json\/wp\/v2\/product_cat?post=2094"},{"taxonomy":"product_tag","embeddable":true,"href":"https:\/\/wegeblw.pl\/index.php\/wp-json\/wp\/v2\/product_tag?post=2094"}],"curies":[{"name":"wp","href":"https:\/\/api.w.org\/{rel}","templated":true}]}}