{"id":2128,"date":"2018-08-14T22:19:29","date_gmt":"2018-08-14T20:19:29","guid":{"rendered":"https:\/\/wegeblw.pl\/index.php\/produkt\/natura-wita-mieszanka-kwiatowa-dla-oczu-50g\/"},"modified":"2026-04-07T02:50:38","modified_gmt":"2026-04-07T00:50:38","slug":"natura-wita-mieszanka-kwiatowa-dla-oczu-50g","status":"publish","type":"product","link":"https:\/\/wegeblw.pl\/index.php\/produkt\/natura-wita-mieszanka-kwiatowa-dla-oczu-50g\/","title":{"rendered":"Natura Wita Mieszanka kwiatowa dla oczu 50g"},"content":{"rendered":"<p>Moc przeciwutleniaczy, to zestaw obok kt\u00f3rego nie mo\u017cna przej\u015b\u0107 oboj\u0119tnie!                            <\/p>\n<p>Zestaw z liposomaln\u0105 Witamin\u0105 C Altrient od LivON Labs oraz ultraczystym areozolem zawierajcym silne przeciwutleniacze oraz aminokwasy &#8211; zredukowany L-glutation, NAC (N-acetylo-L-cysteine), kwas R-alfa liponowy, L-cysteine, L-karnityne, L-glutamine. Do tych dw\u00f3ch produkt\u00f3w dodali\u015bmy wega\u0144ski aerozol z witamin\u0105 D3+K2 Neutrient, dla dope\u0142nienia sk\u0142adnik\u00f3w niezb\u0119dnych dla zachowania zdrowia i wzmocnienia odporno\u015bci.Przeciwutleniacze, inaczej antyoksydanty to naturalnie wystpuj\u0105ce sk\u0142adniki wpomagaj\u0105ce zdrowie pod wieloma aspektami. Chroni\u0105 organizm przed stresem oksydacyjnym, starzeniem si\u0119, a tak\u017ce pomagaj\u0105 zapobiega\u0107 wyst\u0119powaniu wielu chor\u00f3b w tym chor\u00f3b notworowych.Wszystkie produkty s\u0105 wolne od GMO, HEKSANU, GLUTENU, BIA\u0141EK SOJOWYCH, SUBSTANCJI ANTY-OD\u017bYWCZYCH, SZTUCZNYCH DODATK\u00d3W i AROMAT\u00d3W.Rozpocznij ka\u017cdy dzie\u0144 od aplikacji doustnych aerozoli wype\u0142nionych bogactwem przeciwutleniaczy oraz Witaminami D3 i K2 i dodaj do swojego planu suplementacyjnego &#8211; saszetk\u0119 wype\u0142nion\u0105 liposomaln\u0105 Witamin\u0105 C (zawieraj\u0105c\u0105 cenn\u0105 fosfatydylocholin\u0119, kt\u00f3ry jest no\u015bnikiem i sk\u0142adnikiem od\u017cywczym).W zestawie znajduj\u0105 si\u0119 produkty:Altrient\u00aeC LivOn Labs Liposomalna Witamina C 1000mg w 1 saszetceResults RNA ACG Glutation Extra Strenght 60mlNeutrient D3+K2 (Mk-7) 2000 IU+75 \u03bcg w jednej aplikacji<\/p>\n<p>Pozosta\u0142e suplementy<\/p>\n<p>nawo\u017cenie malin na wiosn\u0119, aminos kokosowy, khadi miedziana, \u017cywokost z gojnikiem olej, chipsy z buraka i marchewki, w\u0142a\u015bciwo\u015bci \u017cywokostu, erytrol puder, syrop z sosny gotowany, bezglutenowy proszek do pieczenia, pasty kanapkowe dietetyczne, kasza jaglana proso, sklepy ze zdrow\u0105 \u017cywno\u015bci\u0105 krak\u00f3w<\/p>\n<p><a href=\"https:\/\/wszywka-poznan.pl\">wszywka alkoholowa wielkopolska<\/a><\/p>\n","protected":false},"excerpt":{"rendered":"<p>Moc przeciwutleniaczy, to zestaw obok kt\u00f3rego nie mo\u017cna przej\u015b\u0107 oboj\u0119tnie! Zestaw z liposomaln\u0105 Witamin\u0105 C Altrient od LivON Labs oraz&hellip;<\/p>\n","protected":false},"featured_media":2129,"comment_status":"closed","ping_status":"open","template":"","meta":[],"product_cat":[41],"product_tag":[877,731,804,696],"class_list":["post-2128","product","type-product","status-publish","has-post-thumbnail","hentry","product_cat-ziola-i-herbaty-lecznicze","product_tag-bita-smietana-bez-laktozy","product_tag-margaryna-bez-oleju-palmowego","product_tag-quinoa-jak-gotowac","product_tag-vitapol-majonez-domowy"],"_links":{"self":[{"href":"https:\/\/wegeblw.pl\/index.php\/wp-json\/wp\/v2\/product\/2128","targetHints":{"allow":["GET"]}}],"collection":[{"href":"https:\/\/wegeblw.pl\/index.php\/wp-json\/wp\/v2\/product"}],"about":[{"href":"https:\/\/wegeblw.pl\/index.php\/wp-json\/wp\/v2\/types\/product"}],"replies":[{"embeddable":true,"href":"https:\/\/wegeblw.pl\/index.php\/wp-json\/wp\/v2\/comments?post=2128"}],"wp:featuredmedia":[{"embeddable":true,"href":"https:\/\/wegeblw.pl\/index.php\/wp-json\/wp\/v2\/media\/2129"}],"wp:attachment":[{"href":"https:\/\/wegeblw.pl\/index.php\/wp-json\/wp\/v2\/media?parent=2128"}],"wp:term":[{"taxonomy":"product_cat","embeddable":true,"href":"https:\/\/wegeblw.pl\/index.php\/wp-json\/wp\/v2\/product_cat?post=2128"},{"taxonomy":"product_tag","embeddable":true,"href":"https:\/\/wegeblw.pl\/index.php\/wp-json\/wp\/v2\/product_tag?post=2128"}],"curies":[{"name":"wp","href":"https:\/\/api.w.org\/{rel}","templated":true}]}}