{"id":2158,"date":"2013-02-24T14:17:37","date_gmt":"2013-02-24T13:17:37","guid":{"rendered":"https:\/\/wegeblw.pl\/index.php\/produkt\/zyskaj-zdrowie-porost-islandzki-z-witamina-c-pastylki-do-ssania-24-szt\/"},"modified":"2026-04-08T20:53:51","modified_gmt":"2026-04-08T18:53:51","slug":"zyskaj-zdrowie-porost-islandzki-z-witamina-c-pastylki-do-ssania-24-szt","status":"publish","type":"product","link":"https:\/\/wegeblw.pl\/index.php\/produkt\/zyskaj-zdrowie-porost-islandzki-z-witamina-c-pastylki-do-ssania-24-szt\/","title":{"rendered":"ZYSKAJ ZDROWIE Porost islandzki z witamin\u0105 C pastylki do ssania 24 szt"},"content":{"rendered":"<p>Suplement diety z melis\u0105.<\/p>\n<p>Uk\u0142ad nerwowy i pami\u0119\u0107<\/p>\n<p>biou, panini zabka kcal, witamina d3 dr jacobs, krem czekoladowo orzechowy, dieta w chorobie alzheimera jad\u0142ospis, syrop z agawy cena, kapusta charsznicka, proszku, amarantus w\u0142a\u015bciwo\u015bci lecznicze, helpa kaszka jaglana, hydrolat<\/p>\n<p>yyyyy<\/p>\n","protected":false},"excerpt":{"rendered":"<p>Suplement diety z melis\u0105. Uk\u0142ad nerwowy i pami\u0119\u0107 biou, panini zabka kcal, witamina d3 dr jacobs, krem czekoladowo orzechowy, dieta&hellip;<\/p>\n","protected":false},"featured_media":2159,"comment_status":"closed","ping_status":"open","template":"","meta":[],"product_cat":[32],"product_tag":[876,629,623,760],"class_list":["post-2158","product","type-product","status-publish","has-post-thumbnail","hentry","product_cat-przeziebienie-i-grypa","product_tag-herbaty-bio","product_tag-maka-z-ciecierzycy","product_tag-mleko-roslinne","product_tag-skyr-bez-laktozy"],"_links":{"self":[{"href":"https:\/\/wegeblw.pl\/index.php\/wp-json\/wp\/v2\/product\/2158","targetHints":{"allow":["GET"]}}],"collection":[{"href":"https:\/\/wegeblw.pl\/index.php\/wp-json\/wp\/v2\/product"}],"about":[{"href":"https:\/\/wegeblw.pl\/index.php\/wp-json\/wp\/v2\/types\/product"}],"replies":[{"embeddable":true,"href":"https:\/\/wegeblw.pl\/index.php\/wp-json\/wp\/v2\/comments?post=2158"}],"wp:featuredmedia":[{"embeddable":true,"href":"https:\/\/wegeblw.pl\/index.php\/wp-json\/wp\/v2\/media\/2159"}],"wp:attachment":[{"href":"https:\/\/wegeblw.pl\/index.php\/wp-json\/wp\/v2\/media?parent=2158"}],"wp:term":[{"taxonomy":"product_cat","embeddable":true,"href":"https:\/\/wegeblw.pl\/index.php\/wp-json\/wp\/v2\/product_cat?post=2158"},{"taxonomy":"product_tag","embeddable":true,"href":"https:\/\/wegeblw.pl\/index.php\/wp-json\/wp\/v2\/product_tag?post=2158"}],"curies":[{"name":"wp","href":"https:\/\/api.w.org\/{rel}","templated":true}]}}