{"id":2174,"date":"2018-11-07T07:02:21","date_gmt":"2018-11-07T06:02:21","guid":{"rendered":"https:\/\/wegeblw.pl\/index.php\/produkt\/dolce-gabbana-light-blue-eau-intense-woda-perfumowana-25ml\/"},"modified":"2026-04-10T05:03:21","modified_gmt":"2026-04-10T03:03:21","slug":"dolce-gabbana-light-blue-eau-intense-woda-perfumowana-25ml","status":"publish","type":"product","link":"https:\/\/wegeblw.pl\/index.php\/produkt\/dolce-gabbana-light-blue-eau-intense-woda-perfumowana-25ml\/","title":{"rendered":"Dolce &amp; Gabbana Light Blue Eau Intense woda perfumowana 25ml"},"content":{"rendered":"<p>Od\u017cywki bia\u0142kowe<\/p>\n<p>ile soli fizjologicznej do inhalacji, pesto z pomidor\u00f3w, dieta lekkostrawna &#8211; co je\u015b\u0107, majom, kasza jaglana odchudzanie efekty, pasta sezamowa tahini gdzie kupi\u0107, mleka roslinne<\/p>\n<p>yyyyy<\/p>\n","protected":false},"excerpt":{"rendered":"<p>Od\u017cywki bia\u0142kowe ile soli fizjologicznej do inhalacji, pesto z pomidor\u00f3w, dieta lekkostrawna &#8211; co je\u015b\u0107, majom, kasza jaglana odchudzanie efekty,&hellip;<\/p>\n","protected":false},"featured_media":2175,"comment_status":"closed","ping_status":"open","template":"","meta":[],"product_cat":[34],"product_tag":[793,714,855,799,693],"class_list":["post-2174","product","type-product","status-publish","has-post-thumbnail","hentry","product_cat-perfumy-i-wody-damskie","product_tag-bio-planet-sklep","product_tag-cytryna-ekologiczna","product_tag-kozie-mleko","product_tag-maslo-migdalowe","product_tag-serek-kremowy"],"_links":{"self":[{"href":"https:\/\/wegeblw.pl\/index.php\/wp-json\/wp\/v2\/product\/2174","targetHints":{"allow":["GET"]}}],"collection":[{"href":"https:\/\/wegeblw.pl\/index.php\/wp-json\/wp\/v2\/product"}],"about":[{"href":"https:\/\/wegeblw.pl\/index.php\/wp-json\/wp\/v2\/types\/product"}],"replies":[{"embeddable":true,"href":"https:\/\/wegeblw.pl\/index.php\/wp-json\/wp\/v2\/comments?post=2174"}],"wp:featuredmedia":[{"embeddable":true,"href":"https:\/\/wegeblw.pl\/index.php\/wp-json\/wp\/v2\/media\/2175"}],"wp:attachment":[{"href":"https:\/\/wegeblw.pl\/index.php\/wp-json\/wp\/v2\/media?parent=2174"}],"wp:term":[{"taxonomy":"product_cat","embeddable":true,"href":"https:\/\/wegeblw.pl\/index.php\/wp-json\/wp\/v2\/product_cat?post=2174"},{"taxonomy":"product_tag","embeddable":true,"href":"https:\/\/wegeblw.pl\/index.php\/wp-json\/wp\/v2\/product_tag?post=2174"}],"curies":[{"name":"wp","href":"https:\/\/api.w.org\/{rel}","templated":true}]}}