{"id":2192,"date":"2023-08-02T16:30:30","date_gmt":"2023-08-02T14:30:30","guid":{"rendered":"https:\/\/wegeblw.pl\/?post_type=product&#038;p=2192"},"modified":"2026-04-07T01:10:02","modified_gmt":"2026-04-06T23:10:02","slug":"tree-doc-3010","status":"publish","type":"product","link":"https:\/\/wegeblw.pl\/index.php\/produkt\/tree-doc-3010\/","title":{"rendered":"Tree Doc 3010"},"content":{"rendered":"<p>Sk\u0142adniki:Ocet jab\u0142kowy, otoczka kapsu\u0142ki: \u017celatyna.Sk\u0142adniki w porcji dziennej 1 kapsu\u0142ka dziennie:Ocet jab\u0142kowy 400,00 mgMasa netto:90 kapsu\u0142ekW\u0142a\u015bciwo\u015bci:Ocet jab\u0142kowy obfituje w biopierwiastki, witaminy, aminokwasy, enzymy, pektyny, zwi\u0105zki polifenolowe i kwasy organiczne. Dzi\u0119ki nim: stymuluje metabolizm, przyspiesza przemian\u0119 materii, wspiera prawid\u0142ow\u0105 prac\u0119 uk\u0142adu pokarmowego, wzmaga proces detoksykacji, wspomaga uk\u0142ad immunologiczny. Dodatkowo posiada w\u0142a\u015bciwo\u015bci przeciwbakteryjne i przeciwgrzybiczne.Zalecane dzienne spo\u017cycie:1 kapsu\u0142ka dziennie.Przeciwwskazania:Nie nale\u017cy przekracza\u0107 zalecanej dziennej porcji do spo\u017cycia w ci\u0105gu dnia. Produkt nie mo\u017ce by\u0107 stosowany przez kobiety w ci\u0105\u017cy, karmi\u0105ce i dzieci bez konsultacji lekarskiej. Produkt nie mo\u017ce by\u0107 stosowany jako substytut zr\u00f3\u017cnicowanej diety. Nie stosowa\u0107 w przypadku uczulenia na kt\u00f3rykolwiek ze sk\u0142adnik\u00f3w.Przechowywanie:Chroni\u0107 przed \u015bwiat\u0142em, przechowywa\u0107 w temperaturze pokojowej, w suchym miejscu niedost\u0119pnym dla ma\u0142ych dzieci.Producent:Pharmovit Sp. z o.o., Sp. komandytowaPlac Gabriela Narutowicza 1\/609-402, P\u0142ock, Polska<\/p>\n<p>Suplementy na odchudzanie<\/p>\n<p>makaron rodzaje nazwy, eleganckie pismo, konopny, m\u0105ka jaglana gdzie kupi\u0107, zabka sushi, krople dla dzieci, l askorbinowy, jak wygl\u0105da kurkuma, ciasteczka piernikowe, dzbanek miedziany sklep, suplementacja jodem, maka z ciecierzycy, cultured foods, \u015bwiezy<\/p>\n<p>yyyyy<\/p>\n","protected":false},"excerpt":{"rendered":"<p>Sk\u0142adniki:Ocet jab\u0142kowy, otoczka kapsu\u0142ki: \u017celatyna.Sk\u0142adniki w porcji dziennej 1 kapsu\u0142ka dziennie:Ocet jab\u0142kowy 400,00 mgMasa netto:90 kapsu\u0142ekW\u0142a\u015bciwo\u015bci:Ocet jab\u0142kowy obfituje w biopierwiastki,&hellip;<\/p>\n","protected":false},"featured_media":2193,"comment_status":"closed","ping_status":"open","template":"","meta":[],"product_cat":[249],"product_tag":[653,800,708,867,707],"class_list":["post-2192","product","type-product","status-publish","has-post-thumbnail","hentry","product_cat-okulary-oprawki-i-szkla","product_tag-beyond-burger","product_tag-isolabio","product_tag-kurkuma-przyprawa-jak-stosowac","product_tag-siemie-lniane-blonnik","product_tag-wege-mieso"],"_links":{"self":[{"href":"https:\/\/wegeblw.pl\/index.php\/wp-json\/wp\/v2\/product\/2192","targetHints":{"allow":["GET"]}}],"collection":[{"href":"https:\/\/wegeblw.pl\/index.php\/wp-json\/wp\/v2\/product"}],"about":[{"href":"https:\/\/wegeblw.pl\/index.php\/wp-json\/wp\/v2\/types\/product"}],"replies":[{"embeddable":true,"href":"https:\/\/wegeblw.pl\/index.php\/wp-json\/wp\/v2\/comments?post=2192"}],"wp:featuredmedia":[{"embeddable":true,"href":"https:\/\/wegeblw.pl\/index.php\/wp-json\/wp\/v2\/media\/2193"}],"wp:attachment":[{"href":"https:\/\/wegeblw.pl\/index.php\/wp-json\/wp\/v2\/media?parent=2192"}],"wp:term":[{"taxonomy":"product_cat","embeddable":true,"href":"https:\/\/wegeblw.pl\/index.php\/wp-json\/wp\/v2\/product_cat?post=2192"},{"taxonomy":"product_tag","embeddable":true,"href":"https:\/\/wegeblw.pl\/index.php\/wp-json\/wp\/v2\/product_tag?post=2192"}],"curies":[{"name":"wp","href":"https:\/\/api.w.org\/{rel}","templated":true}]}}