{"id":2202,"date":"2019-07-29T12:46:07","date_gmt":"2019-07-29T10:46:07","guid":{"rendered":"https:\/\/wegeblw.pl\/index.php\/produkt\/sznureczek-dla-dzieci-jablko\/"},"modified":"2026-04-09T18:01:10","modified_gmt":"2026-04-09T16:01:10","slug":"sznureczek-dla-dzieci-jablko","status":"publish","type":"product","link":"https:\/\/wegeblw.pl\/index.php\/produkt\/sznureczek-dla-dzieci-jablko\/","title":{"rendered":"Sznureczek dla dzieci jab\u0142ko"},"content":{"rendered":"<p>SVR Topialyse Baume Protect +  regeneruj\u0105cy balsam do sk\u00f3ry suchej i atopowej<\/p>\n<p>Kosmetyki dla dzieci i niemowl\u0105t<\/p>\n<p>ciasteczka kokosowe, kulki miodowe, zapalenie pecherza leczenie, jogurt sojowy, bu\u0142ki bezglutenowe<\/p>\n<p>yyyyy<\/p>\n","protected":false},"excerpt":{"rendered":"<p>SVR Topialyse Baume Protect + regeneruj\u0105cy balsam do sk\u00f3ry suchej i atopowej Kosmetyki dla dzieci i niemowl\u0105t ciasteczka kokosowe, kulki&hellip;<\/p>\n","protected":false},"featured_media":2203,"comment_status":"closed","ping_status":"open","template":"","meta":[],"product_cat":[251],"product_tag":[802,651,843,709,686,881,706],"class_list":["post-2202","product","type-product","status-publish","has-post-thumbnail","hentry","product_cat-akcesoria-do-okularow","product_tag-czy-pestki-granatu-sa-jadalne","product_tag-dieta-bezbialkowa","product_tag-jak-gotowac-komose-ryzowa","product_tag-maka-orkiszowa-zastosowanie","product_tag-sekacz-skad","product_tag-sok-z-brzozy-cena","product_tag-soki-wielowarzywne"],"_links":{"self":[{"href":"https:\/\/wegeblw.pl\/index.php\/wp-json\/wp\/v2\/product\/2202","targetHints":{"allow":["GET"]}}],"collection":[{"href":"https:\/\/wegeblw.pl\/index.php\/wp-json\/wp\/v2\/product"}],"about":[{"href":"https:\/\/wegeblw.pl\/index.php\/wp-json\/wp\/v2\/types\/product"}],"replies":[{"embeddable":true,"href":"https:\/\/wegeblw.pl\/index.php\/wp-json\/wp\/v2\/comments?post=2202"}],"wp:featuredmedia":[{"embeddable":true,"href":"https:\/\/wegeblw.pl\/index.php\/wp-json\/wp\/v2\/media\/2203"}],"wp:attachment":[{"href":"https:\/\/wegeblw.pl\/index.php\/wp-json\/wp\/v2\/media?parent=2202"}],"wp:term":[{"taxonomy":"product_cat","embeddable":true,"href":"https:\/\/wegeblw.pl\/index.php\/wp-json\/wp\/v2\/product_cat?post=2202"},{"taxonomy":"product_tag","embeddable":true,"href":"https:\/\/wegeblw.pl\/index.php\/wp-json\/wp\/v2\/product_tag?post=2202"}],"curies":[{"name":"wp","href":"https:\/\/api.w.org\/{rel}","templated":true}]}}