{"id":2212,"date":"2021-07-24T03:43:21","date_gmt":"2021-07-24T01:43:21","guid":{"rendered":"https:\/\/wegeblw.pl\/index.php\/produkt\/breitfeld-schliekert-pojemnik-na-soczewki-kontaktowe\/"},"modified":"2026-04-08T07:55:48","modified_gmt":"2026-04-08T05:55:48","slug":"breitfeld-schliekert-pojemnik-na-soczewki-kontaktowe","status":"publish","type":"product","link":"https:\/\/wegeblw.pl\/index.php\/produkt\/breitfeld-schliekert-pojemnik-na-soczewki-kontaktowe\/","title":{"rendered":"Breitfeld &amp; Schliekert Pojemnik na soczewki kontaktowe"},"content":{"rendered":"<p>Dzi\u0119ki tej ksi\u0105\u017ceczce i do\u0142\u0105czonej do niej p\u0142ycie CD nauk\u0119 j\u0119zyka niemieckiego b\u0119dzie m\u00f3g\u0142 rozpocz\u0105\u0107 nawet trzylatek! Uczymy maluchy poprzez zabaw\u0119 i piosenk\u0119 \u2013 wiadomo przecie\u017c, \u017ce im wcze\u015bniej rozpocznie si\u0119 nauk\u0119 j\u0119zyka obcego, tym, szybciej i trwalej udaje si\u0119 go przyswoi\u0107.Aby u\u0142atwi\u0107 Waszemu dziecku pierwsze kontakty z j\u0119zykiem niemieckim, ka\u017cdy z zaproponowanych temat\u00f3w podzielony zosta\u0142 na dwie cz\u0119\u015bci:Cz\u0119\u015b\u0107 pierwsza to piosenka \u015bpiewana przez dzieci. Towarzyszy jej obja\u015bnianie najwa\u017cniejszych s\u0142\u00f3w.W cz\u0119\u015bci drugiej pojawia si\u0119 piosenka w wersji karaoke \u2013 dziecko samo mo\u017ce \u015bpiewa\u0107 piosenk\u0119 lub jej fragmenty. Melodii towarzysz\u0105 \u2013 w formie zabawy \u2013 dodatkowe \u0107wiczenia.Zamieszczone tu piosenki zosta\u0142y napisane z my\u015bl\u0105 o dzieciach w wieku od 3 do 6 lat \u2013 opowiadaj\u0105 o dzieci\u0119cym \u015bwiecie i poruszaj\u0105 tematy bliskie ka\u017cdemu przedszkolakowi.ISBN:  8389876140EAN:  9788389876140Wydawnictwo:  NOWELAAutorzy:  praca zbiorowaRok wydania:  2005Ilo\u015b\u0107 stron:  42Oprawa:  twardaFormat:  17.0&#215;24.5 cm<\/p>\n<p>J\u0119zyk niemiecki<\/p>\n<p>bezglutenowe herbatniki, p\u0142atki \u015bniadaniowe czekoladowe, kulki tapioki smakowe, puder warzywny, truffle, ketchup z pomidor\u00f3w, przeterminowany budy\u0144 w proszku, wega\u0144skie farby do w\u0142os\u00f3w, pasta do z\u0119b\u00f3w wybielajaca, makaron owsiany, pasztet z soczewicy wega\u0144ski, impeccable, www galaktyka com pl, cien szampon w kostce, jab\u0142ka, lody cools, kupic jod, kulki tapioki gdzie kupi\u0107, winogron zielony, herbatint paleta barw, swiezy kokos<\/p>\n<p>yyyyy<\/p>\n","protected":false},"excerpt":{"rendered":"<p>Dzi\u0119ki tej ksi\u0105\u017ceczce i do\u0142\u0105czonej do niej p\u0142ycie CD nauk\u0119 j\u0119zyka niemieckiego b\u0119dzie m\u00f3g\u0142 rozpocz\u0105\u0107 nawet trzylatek! Uczymy maluchy poprzez&hellip;<\/p>\n","protected":false},"featured_media":2213,"comment_status":"closed","ping_status":"open","template":"","meta":[],"product_cat":[253],"product_tag":[779,785,663],"class_list":["post-2212","product","type-product","status-publish","has-post-thumbnail","hentry","product_cat-akcesoria-do-soczewek","product_tag-jak-gotowac-komose","product_tag-riyal-green","product_tag-sekacz-ciasto"],"_links":{"self":[{"href":"https:\/\/wegeblw.pl\/index.php\/wp-json\/wp\/v2\/product\/2212","targetHints":{"allow":["GET"]}}],"collection":[{"href":"https:\/\/wegeblw.pl\/index.php\/wp-json\/wp\/v2\/product"}],"about":[{"href":"https:\/\/wegeblw.pl\/index.php\/wp-json\/wp\/v2\/types\/product"}],"replies":[{"embeddable":true,"href":"https:\/\/wegeblw.pl\/index.php\/wp-json\/wp\/v2\/comments?post=2212"}],"wp:featuredmedia":[{"embeddable":true,"href":"https:\/\/wegeblw.pl\/index.php\/wp-json\/wp\/v2\/media\/2213"}],"wp:attachment":[{"href":"https:\/\/wegeblw.pl\/index.php\/wp-json\/wp\/v2\/media?parent=2212"}],"wp:term":[{"taxonomy":"product_cat","embeddable":true,"href":"https:\/\/wegeblw.pl\/index.php\/wp-json\/wp\/v2\/product_cat?post=2212"},{"taxonomy":"product_tag","embeddable":true,"href":"https:\/\/wegeblw.pl\/index.php\/wp-json\/wp\/v2\/product_tag?post=2212"}],"curies":[{"name":"wp","href":"https:\/\/api.w.org\/{rel}","templated":true}]}}