{"id":2234,"date":"2022-11-17T17:56:22","date_gmt":"2022-11-17T16:56:22","guid":{"rendered":"https:\/\/wegeblw.pl\/?post_type=product&#038;p=2234"},"modified":"2026-04-07T21:40:43","modified_gmt":"2026-04-07T19:40:43","slug":"boss-by-hugo-boss-boss1081-fre","status":"publish","type":"product","link":"https:\/\/wegeblw.pl\/index.php\/produkt\/boss-by-hugo-boss-boss1081-fre\/","title":{"rendered":"BOSS by Hugo Boss BOSS1081 FRE"},"content":{"rendered":"<p>Koenzym Q10 jest rozpowszechniony w przyrodzie. To zwi\u0105zek niezb\u0119dny dla organizm\u00f3w \u017cywych, poniewa\u017c bierze udzia\u0142 w metabolizmie kom\u00f3rkowym, a jego g\u0142\u00f3wn\u0105 funkcj\u0105 jest transport kom\u00f3rkowy. Przez kilka lat koenzym Q10 by\u0142 znany ze swojej kluczowej roli w bioenergetyce mitochondrialnej. Dopiero p\u00f3\u017aniejsze badania wykaza\u0142y jego obecno\u015b\u0107 w innych frakcjach subkom\u00f3rkowych oraz w osoczu i dog\u0142\u0119bnie zbadano jego rol\u0119 przeciwutleniaj\u0105c\u0105 (Littarru i in., 2011). Najnowsze dane potwierdzaj\u0105, \u017ce koenzym Q10 wp\u0142ywa na ekspresj\u0119 gen\u00f3w zaanga\u017cowanych w sygnalizacj\u0119, metabolizm i transport kom\u00f3rek ludzkich. Ciekawostk\u0105 jest to, \u017ce je\u015bli mitochondria s\u0105 pozbawione koenzymu Q10, to nie mog\u0105 wytwarza\u0107 ATP.<\/p>\n<p>Stawy mi\u0119\u015bnie i ko\u015bci<\/p>\n<p>dania z buraka czerwonego, b\u0142onnik rozpuszczalny w wodzie, k\u0142\u0105cze imbiru, gumowe ba\u0144ki chi\u0144skie, jak rozpozna\u0107 zio\u0142a, nale\u015bniki z m\u0105ki lnianej, linomag na zim\u0119, orzechy wloskie cena, kie\u0142basa my\u015bliwska, pedy bambusa, serek kozi, wit b1, agaricus blazei, sucharki mini, przyprawy ekologiczne, jakie przyprawy do groch\u00f3wki, maca wlasciwosci, babka jajowata carrefour, pieczona dynia kcal, witamin cw proszku, emulgator lecytyna sojowa<\/p>\n<p>yyyyy<\/p>\n","protected":false},"excerpt":{"rendered":"<p>Koenzym Q10 jest rozpowszechniony w przyrodzie. To zwi\u0105zek niezb\u0119dny dla organizm\u00f3w \u017cywych, poniewa\u017c bierze udzia\u0142 w metabolizmie kom\u00f3rkowym, a jego&hellip;<\/p>\n","protected":false},"featured_media":2235,"comment_status":"closed","ping_status":"open","template":"","meta":[],"product_cat":[249],"product_tag":[635,762,677,719,666,823],"class_list":["post-2234","product","type-product","status-publish","has-post-thumbnail","hentry","product_cat-okulary-oprawki-i-szkla","product_tag-4-her","product_tag-cynamon-cejlonski","product_tag-health-labs","product_tag-jaja-ekologiczne","product_tag-lody-haagen-dazs","product_tag-olej-z-ryzu"],"_links":{"self":[{"href":"https:\/\/wegeblw.pl\/index.php\/wp-json\/wp\/v2\/product\/2234","targetHints":{"allow":["GET"]}}],"collection":[{"href":"https:\/\/wegeblw.pl\/index.php\/wp-json\/wp\/v2\/product"}],"about":[{"href":"https:\/\/wegeblw.pl\/index.php\/wp-json\/wp\/v2\/types\/product"}],"replies":[{"embeddable":true,"href":"https:\/\/wegeblw.pl\/index.php\/wp-json\/wp\/v2\/comments?post=2234"}],"wp:featuredmedia":[{"embeddable":true,"href":"https:\/\/wegeblw.pl\/index.php\/wp-json\/wp\/v2\/media\/2235"}],"wp:attachment":[{"href":"https:\/\/wegeblw.pl\/index.php\/wp-json\/wp\/v2\/media?parent=2234"}],"wp:term":[{"taxonomy":"product_cat","embeddable":true,"href":"https:\/\/wegeblw.pl\/index.php\/wp-json\/wp\/v2\/product_cat?post=2234"},{"taxonomy":"product_tag","embeddable":true,"href":"https:\/\/wegeblw.pl\/index.php\/wp-json\/wp\/v2\/product_tag?post=2234"}],"curies":[{"name":"wp","href":"https:\/\/api.w.org\/{rel}","templated":true}]}}