{"id":2236,"date":"2024-03-18T05:02:10","date_gmt":"2024-03-18T04:02:10","guid":{"rendered":"https:\/\/wegeblw.pl\/?post_type=product&#038;p=2236"},"modified":"2026-04-07T04:32:19","modified_gmt":"2026-04-07T02:32:19","slug":"mykita-saga-c9-48-20-140-brazowy","status":"publish","type":"product","link":"https:\/\/wegeblw.pl\/index.php\/produkt\/mykita-saga-c9-48-20-140-brazowy\/","title":{"rendered":"Mykita Saga C9 &#8211; 48\/20\/140 Br\u0105zowy"},"content":{"rendered":"<p>Myd\u0142o w p\u0142ynie Mleko i Mi\u00f3d Eva Natura delikatnie myje chroni\u0105c d\u0142onie przed wysuszeniem. Stworzone do piel\u0119gnacji ka\u017cdego rodzaju sk\u00f3ry.W\u0142a\u015bciwo\u015bci produktu:\u0142agodny, s\u0142odki i przyjemny zapach kremowa konsystencjamleko i mi\u00f3d &#8211; wyg\u0142adzenie, nawil\u017cenie i zmi\u0119kczenie sk\u00f3ry d\u0142oni<\/p>\n<p>Myd\u0142a<\/p>\n<p>kolostrynina, olej rzepakowy nierafinowany, sok z klonu w\u0142a\u015bciwo\u015bci, mleko organiczne, hummus z pomidorami, allos, mi\u00f3d na cere, owies cena, makaron z m\u0105ki konjac, organic warszawa, sanprobi barrier, zakupy spozywcze z dostawa, co je\u015b\u0107 przed imprez\u0105<\/p>\n<p><a href=\"https:\/\/doktor-porady.pl\/\">https:\/\/doktor-porady.pl\/<\/a><\/p>\n","protected":false},"excerpt":{"rendered":"<p>Myd\u0142o w p\u0142ynie Mleko i Mi\u00f3d Eva Natura delikatnie myje chroni\u0105c d\u0142onie przed wysuszeniem. Stworzone do piel\u0119gnacji ka\u017cdego rodzaju sk\u00f3ry.W\u0142a\u015bciwo\u015bci&hellip;<\/p>\n","protected":false},"featured_media":2237,"comment_status":"closed","ping_status":"open","template":"","meta":[],"product_cat":[249],"product_tag":[744,829,810,856],"class_list":["post-2236","product","type-product","status-publish","has-post-thumbnail","hentry","product_cat-okulary-oprawki-i-szkla","product_tag-haagen-dazs","product_tag-marchew-ekologiczna","product_tag-pasta-misp","product_tag-profilaktyka-cukrzycy"],"_links":{"self":[{"href":"https:\/\/wegeblw.pl\/index.php\/wp-json\/wp\/v2\/product\/2236","targetHints":{"allow":["GET"]}}],"collection":[{"href":"https:\/\/wegeblw.pl\/index.php\/wp-json\/wp\/v2\/product"}],"about":[{"href":"https:\/\/wegeblw.pl\/index.php\/wp-json\/wp\/v2\/types\/product"}],"replies":[{"embeddable":true,"href":"https:\/\/wegeblw.pl\/index.php\/wp-json\/wp\/v2\/comments?post=2236"}],"wp:featuredmedia":[{"embeddable":true,"href":"https:\/\/wegeblw.pl\/index.php\/wp-json\/wp\/v2\/media\/2237"}],"wp:attachment":[{"href":"https:\/\/wegeblw.pl\/index.php\/wp-json\/wp\/v2\/media?parent=2236"}],"wp:term":[{"taxonomy":"product_cat","embeddable":true,"href":"https:\/\/wegeblw.pl\/index.php\/wp-json\/wp\/v2\/product_cat?post=2236"},{"taxonomy":"product_tag","embeddable":true,"href":"https:\/\/wegeblw.pl\/index.php\/wp-json\/wp\/v2\/product_tag?post=2236"}],"curies":[{"name":"wp","href":"https:\/\/api.w.org\/{rel}","templated":true}]}}