{"id":2238,"date":"2018-04-28T14:39:16","date_gmt":"2018-04-28T12:39:16","guid":{"rendered":"https:\/\/wegeblw.pl\/index.php\/produkt\/hugo-boss-ma-vie-florale-woda-perfumowana-75ml\/"},"modified":"2026-04-07T01:16:26","modified_gmt":"2026-04-06T23:16:26","slug":"hugo-boss-ma-vie-florale-woda-perfumowana-75ml","status":"publish","type":"product","link":"https:\/\/wegeblw.pl\/index.php\/produkt\/hugo-boss-ma-vie-florale-woda-perfumowana-75ml\/","title":{"rendered":"Hugo Boss Ma Vie Florale Woda Perfumowana 75ml"},"content":{"rendered":"<p>Kom\u00f3rkowe serum odm\u0142adzaj\u0105ce to ekskluzywny,jedyny w swoim rodzaju produkt z serii LUMINESCE. Jest pierwszym produktem o w\u0142a\u015bciwo\u015bciach odm\u0142adzaj\u0105cych, kt\u00f3ry stymuluje naturaln\u0105 zdolno\u015b\u0107 cia\u0142a do naprawy i regeneracji.W serii kosmeceutyk\u00f3w LUMINESCE zastosowano opatentowan\u0105 formu\u0142\u0119 wywodz\u0105c\u0105 si\u0119 z doros\u0142ych kom\u00f3rek macierzystych. Serum zawiera ponad 200 najwa\u017cniejszych czynnik\u00f3w wzrostu, kt\u00f3rych dzia\u0142anie przywraca sk\u00f3rze naturalny poziom bia\u0142ek, takich jak kolagen i elastyna, dzi\u0119ki czemu sk\u00f3ra mo\u017ce wygl\u0105da\u0107 m\u0142odziej, zdrowiej i bardziej promiennie.Wraz z wiekiem wytwarzanie czynnik\u00f3w wzrostu w sk\u00f3rze zmniejsza si\u0119,zwi\u0119kszaj\u0105c widoczne skutki starzenia. Teraz mo\u017cliwe jest odm\u0142odzenie swojego wygl\u0105du o wiele lat, poprzez przywr\u00f3cenie tych czynnik\u00f3w, dzi\u0119ki codziennemu stosowaniu serum. Czynniki wzrostu i przeka\u017aniki sk\u00f3ry zapewniane przez technologi\u0119 kom\u00f3rek macierzystych wsp\u00f3\u0142dzia\u0142aj\u0105 z naturalnymi procesami sk\u00f3ry w zakresie odm\u0142adzania i minimalizowania wyst\u0119powania drobnych linii i zmarszczek.LUMINESCE posiada w\u0142a\u015bciwo\u015bci mog\u0105ce spowolni\u0107 proces starzenia si\u0119 sk\u00f3ry, pomagaj\u0105c odzyska\u0107 m\u0142odzie\u0144czy wygl\u0105d.KORZY\u015aCI STOSOWANIA:- posiada w\u0142a\u015bciwo\u015bci naprawcze, regeneruj\u0105ce oraz wyra\u017anie odm\u0142adzaj\u0105ce sk\u00f3r\u0119,- wyg\u0142adza zmarszczki i zapobiega powstawaniu nowych ,- mo\u017ce op\u00f3\u017ani\u0107 procesy starzenia- odnawia zapasy bia\u0142ka oraz czynniki wzrostu sk\u00f3ry- odnawia poziom nawil\u017cenia sk\u00f3ry,- pomaga wyr\u00f3wna\u0107 przebarwienia i plamy na sk\u00f3rze,- regeneruje sk\u00f3r\u0119 po zabiegach kosmetycznych i estetycznych,- regeneruje sk\u00f3r\u0119 po oparzeniach,- piel\u0119gnuje sk\u00f3r\u0119 z tr\u0105dzikiem m\u0142odzie\u0144czym i r\u00f3\u017cowatym,- piel\u0119gnuje sk\u00f3r\u0119 sk\u0142onn\u0105 do alergii, -pozwala unikn\u0105\u0107 ryzykownych zabieg\u00f3w kosmetycznych,- jest naturaln\u0105 alternetyw\u0105 dla Botox-u, a regularne stosowanie mo\u017ce pozwali\u0107 unikn\u0105\u0107 inwazyjnych zabieg\u00f3w kosmetycznych,- starzej\u0105cej si\u0119 sk\u00f3rze mo\u017ce przywr\u00f3ci\u0107 naturalny blask,- szybko si\u0119 wch\u0142aniaCECHY:- Zawiera naturalny wype\u0142niacz zmarszczek, kt\u00f3ry pozwala na zachowanie elastyczno\u015bci i spr\u0119\u017cysto\u015bci sk\u00f3ry,- Zawiera wy\u0142\u0105cznie naturalne sk\u0142adniki &#8211; hipoalergiczny, nie zawiera paraben\u00f3w,- Zawiera wyj\u0105tkow\u0105 zg\u0142oszon\u0105 do opatentowania formu\u0142\u0119.Niedawno przeprowadzone badanie wykaza\u0142o, \u017ce dzi\u0119ki serum odm\u0142adzaj\u0105cemu LUMINESCE:88% KOBIET ZAUWA\u017bY\u0141O POPRAW\u0118 OG\u00f3LNEGO WYGL\u0104DU ICH SK\u00f3RY75%DO\u015aWIADCZY\u0141O POLEPSZENIA FAKTURY I G\u0141ADKO\u015aCI SK\u00f3RY70%ZAOBSERWOWA\u0141O ZMNIEJSZENIE WYST\u0118POWANIA G\u0141\u0118BOKICH I DROBNYCH ZMARSZCZEK70% ODCZU\u0141O ZWI\u0118KSZENIE SPR\u0118\u017bYSTO\u015aCI I ELASTYCZNO\u015aCI SK\u00f3RY<\/p>\n<p>Dermokosmetyki<\/p>\n<p>soczewica wzd\u0119cia, wosk i knot opinie, niro, magnesium malate<\/p>\n<p>yyyyy<\/p>\n","protected":false},"excerpt":{"rendered":"<p>Kom\u00f3rkowe serum odm\u0142adzaj\u0105ce to ekskluzywny,jedyny w swoim rodzaju produkt z serii LUMINESCE. Jest pierwszym produktem o w\u0142a\u015bciwo\u015bciach odm\u0142adzaj\u0105cych, kt\u00f3ry stymuluje&hellip;<\/p>\n","protected":false},"featured_media":2239,"comment_status":"closed","ping_status":"open","template":"","meta":[],"product_cat":[34],"product_tag":[714,798,623,755,725,809,842],"class_list":["post-2238","product","type-product","status-publish","has-post-thumbnail","hentry","product_cat-perfumy-i-wody-damskie","product_tag-cytryna-ekologiczna","product_tag-makaron-pelnoziarnisty","product_tag-mleko-roslinne","product_tag-olej-ryzowy-do-smazenia","product_tag-pasta-sezamowa-do-czego","product_tag-produkty-bez-cukru","product_tag-weganskie-slodycze"],"_links":{"self":[{"href":"https:\/\/wegeblw.pl\/index.php\/wp-json\/wp\/v2\/product\/2238","targetHints":{"allow":["GET"]}}],"collection":[{"href":"https:\/\/wegeblw.pl\/index.php\/wp-json\/wp\/v2\/product"}],"about":[{"href":"https:\/\/wegeblw.pl\/index.php\/wp-json\/wp\/v2\/types\/product"}],"replies":[{"embeddable":true,"href":"https:\/\/wegeblw.pl\/index.php\/wp-json\/wp\/v2\/comments?post=2238"}],"wp:featuredmedia":[{"embeddable":true,"href":"https:\/\/wegeblw.pl\/index.php\/wp-json\/wp\/v2\/media\/2239"}],"wp:attachment":[{"href":"https:\/\/wegeblw.pl\/index.php\/wp-json\/wp\/v2\/media?parent=2238"}],"wp:term":[{"taxonomy":"product_cat","embeddable":true,"href":"https:\/\/wegeblw.pl\/index.php\/wp-json\/wp\/v2\/product_cat?post=2238"},{"taxonomy":"product_tag","embeddable":true,"href":"https:\/\/wegeblw.pl\/index.php\/wp-json\/wp\/v2\/product_tag?post=2238"}],"curies":[{"name":"wp","href":"https:\/\/api.w.org\/{rel}","templated":true}]}}