{"id":2260,"date":"2024-04-24T18:58:22","date_gmt":"2024-04-24T16:58:22","guid":{"rendered":"https:\/\/wegeblw.pl\/?post_type=product&#038;p=2260"},"modified":"2026-04-07T04:32:26","modified_gmt":"2026-04-07T02:32:26","slug":"lapo-laaa121-c-66-21-iv","status":"publish","type":"product","link":"https:\/\/wegeblw.pl\/index.php\/produkt\/lapo-laaa121-c-66-21-iv\/","title":{"rendered":"Lapo Laaa121 C.66 `21 Iv"},"content":{"rendered":"<p>Pasta dla os\u00f3b maj\u0105cych problemy z dzi\u0105s\u0142ami oraz objawami chor\u00f3b przyz\u0119bia, w tym paradontozy. Szczoteczka mi\u0119kka.<\/p>\n<p>Pasty do z\u0119b\u00f3w<\/p>\n<p>syrop ryzowy, kakao na noc, herbata zielona w\u0142a\u015bciwo\u015bci, jedzenie organiczne, onlybio olejek, azeta bio olejek, natural energy, skyr naturalny sk\u0142ad, nasiona konopi, piwo bezglutenowe bezalkoholowe, chlrbek bananowy, m\u0105ka ry\u017cowa pe\u0142noziarnista, sklep spi\u017carnia, cukierki dla cukrzyk\u00f3w, post d\u0105browskiej, s\u0142odzik w tabletkach, gdzie rosn\u0105 fistaszki<\/p>\n<p>yyyyy<\/p>\n","protected":false},"excerpt":{"rendered":"<p>Pasta dla os\u00f3b maj\u0105cych problemy z dzi\u0105s\u0142ami oraz objawami chor\u00f3b przyz\u0119bia, w tym paradontozy. Szczoteczka mi\u0119kka. Pasty do z\u0119b\u00f3w syrop&hellip;<\/p>\n","protected":false},"featured_media":2261,"comment_status":"closed","ping_status":"open","template":"","meta":[],"product_cat":[249],"product_tag":[778,829,731,875],"class_list":["post-2260","product","type-product","status-publish","has-post-thumbnail","hentry","product_cat-okulary-oprawki-i-szkla","product_tag-burak","product_tag-marchew-ekologiczna","product_tag-margaryna-bez-oleju-palmowego","product_tag-miechunka-suszona"],"_links":{"self":[{"href":"https:\/\/wegeblw.pl\/index.php\/wp-json\/wp\/v2\/product\/2260","targetHints":{"allow":["GET"]}}],"collection":[{"href":"https:\/\/wegeblw.pl\/index.php\/wp-json\/wp\/v2\/product"}],"about":[{"href":"https:\/\/wegeblw.pl\/index.php\/wp-json\/wp\/v2\/types\/product"}],"replies":[{"embeddable":true,"href":"https:\/\/wegeblw.pl\/index.php\/wp-json\/wp\/v2\/comments?post=2260"}],"wp:featuredmedia":[{"embeddable":true,"href":"https:\/\/wegeblw.pl\/index.php\/wp-json\/wp\/v2\/media\/2261"}],"wp:attachment":[{"href":"https:\/\/wegeblw.pl\/index.php\/wp-json\/wp\/v2\/media?parent=2260"}],"wp:term":[{"taxonomy":"product_cat","embeddable":true,"href":"https:\/\/wegeblw.pl\/index.php\/wp-json\/wp\/v2\/product_cat?post=2260"},{"taxonomy":"product_tag","embeddable":true,"href":"https:\/\/wegeblw.pl\/index.php\/wp-json\/wp\/v2\/product_tag?post=2260"}],"curies":[{"name":"wp","href":"https:\/\/api.w.org\/{rel}","templated":true}]}}