{"id":2270,"date":"2025-04-17T23:50:57","date_gmt":"2025-04-17T21:50:57","guid":{"rendered":"https:\/\/wegeblw.pl\/?post_type=product&#038;p=2270"},"modified":"2026-04-09T21:03:06","modified_gmt":"2026-04-09T19:03:06","slug":"oakley-szyba-jawbreaker-prizm-road-black-101-017-030","status":"publish","type":"product","link":"https:\/\/wegeblw.pl\/index.php\/produkt\/oakley-szyba-jawbreaker-prizm-road-black-101-017-030\/","title":{"rendered":"Oakley Szyba Jawbreaker Prizm Road Black 101-017-030"},"content":{"rendered":"<p>Od\u017cywki bia\u0142kowe<\/p>\n<p>ile soli fizjologicznej do inhalacji, pesto z pomidor\u00f3w, dieta lekkostrawna &#8211; co je\u015b\u0107, majom, kasza jaglana odchudzanie efekty, pasta sezamowa tahini gdzie kupi\u0107, mleka roslinne<\/p>\n<p>yyyyy<\/p>\n","protected":false},"excerpt":{"rendered":"<p>Od\u017cywki bia\u0142kowe ile soli fizjologicznej do inhalacji, pesto z pomidor\u00f3w, dieta lekkostrawna &#8211; co je\u015b\u0107, majom, kasza jaglana odchudzanie efekty,&hellip;<\/p>\n","protected":false},"featured_media":2271,"comment_status":"closed","ping_status":"open","template":"","meta":[],"product_cat":[251],"product_tag":[716,710,750,776],"class_list":["post-2270","product","type-product","status-publish","has-post-thumbnail","hentry","product_cat-akcesoria-do-okularow","product_tag-leckers","product_tag-linda-mccartney-burger","product_tag-pasta-tahini-do-czego","product_tag-zamiennik-miesa"],"_links":{"self":[{"href":"https:\/\/wegeblw.pl\/index.php\/wp-json\/wp\/v2\/product\/2270","targetHints":{"allow":["GET"]}}],"collection":[{"href":"https:\/\/wegeblw.pl\/index.php\/wp-json\/wp\/v2\/product"}],"about":[{"href":"https:\/\/wegeblw.pl\/index.php\/wp-json\/wp\/v2\/types\/product"}],"replies":[{"embeddable":true,"href":"https:\/\/wegeblw.pl\/index.php\/wp-json\/wp\/v2\/comments?post=2270"}],"wp:featuredmedia":[{"embeddable":true,"href":"https:\/\/wegeblw.pl\/index.php\/wp-json\/wp\/v2\/media\/2271"}],"wp:attachment":[{"href":"https:\/\/wegeblw.pl\/index.php\/wp-json\/wp\/v2\/media?parent=2270"}],"wp:term":[{"taxonomy":"product_cat","embeddable":true,"href":"https:\/\/wegeblw.pl\/index.php\/wp-json\/wp\/v2\/product_cat?post=2270"},{"taxonomy":"product_tag","embeddable":true,"href":"https:\/\/wegeblw.pl\/index.php\/wp-json\/wp\/v2\/product_tag?post=2270"}],"curies":[{"name":"wp","href":"https:\/\/api.w.org\/{rel}","templated":true}]}}