{"id":2286,"date":"2013-12-15T07:41:54","date_gmt":"2013-12-15T06:41:54","guid":{"rendered":"https:\/\/wegeblw.pl\/index.php\/produkt\/tom-ford-okulary-tf-5803b-001\/"},"modified":"2026-04-07T01:26:27","modified_gmt":"2026-04-06T23:26:27","slug":"tom-ford-okulary-tf-5803b-001","status":"publish","type":"product","link":"https:\/\/wegeblw.pl\/index.php\/produkt\/tom-ford-okulary-tf-5803b-001\/","title":{"rendered":"Tom Ford Okulary Tf 5803B 001"},"content":{"rendered":"<p>Kremy do twarzy<\/p>\n<p>dieta \u017co\u0142\u0105dkowa co mo\u017cna je\u015b\u0107, czosnek czarny, kuchnia w stylu meksyka\u0144skim, olej rafinowany a nierafinowany, adek aliness, moringa bio, czy mleko kokosowe mo\u017cna gotowa\u0107, healthlabs kod rabatowy, jak zrobi\u0107 kiszonki z warzyw, herbata z czerwonej koniczyny, m\u0105ka migda\u0142owa lidl cena, d3+k2mk7, lipid cell ceneo, parmezan ser, pra\u017cone ziarno kukurydzy, orzechy nerkowca wlasciwosci, ry\u017c z czym, zio\u0142a na sen i uspokojenie<\/p>\n<p><a href=\"https:\/\/www.gastromania.cz\/chladici-lazne\">gastromania.cz\/chladici-lazne<\/a><\/p>\n","protected":false},"excerpt":{"rendered":"<p>Kremy do twarzy dieta \u017co\u0142\u0105dkowa co mo\u017cna je\u015b\u0107, czosnek czarny, kuchnia w stylu meksyka\u0144skim, olej rafinowany a nierafinowany, adek aliness,&hellip;<\/p>\n","protected":false},"featured_media":2287,"comment_status":"closed","ping_status":"open","template":"","meta":[],"product_cat":[249],"product_tag":[765,781,696,665],"class_list":["post-2286","product","type-product","status-publish","has-post-thumbnail","hentry","product_cat-okulary-oprawki-i-szkla","product_tag-makaron-bez-kalorii","product_tag-primabiotic-collagen","product_tag-vitapol-majonez-domowy","product_tag-weganskie-mieso"],"_links":{"self":[{"href":"https:\/\/wegeblw.pl\/index.php\/wp-json\/wp\/v2\/product\/2286","targetHints":{"allow":["GET"]}}],"collection":[{"href":"https:\/\/wegeblw.pl\/index.php\/wp-json\/wp\/v2\/product"}],"about":[{"href":"https:\/\/wegeblw.pl\/index.php\/wp-json\/wp\/v2\/types\/product"}],"replies":[{"embeddable":true,"href":"https:\/\/wegeblw.pl\/index.php\/wp-json\/wp\/v2\/comments?post=2286"}],"wp:featuredmedia":[{"embeddable":true,"href":"https:\/\/wegeblw.pl\/index.php\/wp-json\/wp\/v2\/media\/2287"}],"wp:attachment":[{"href":"https:\/\/wegeblw.pl\/index.php\/wp-json\/wp\/v2\/media?parent=2286"}],"wp:term":[{"taxonomy":"product_cat","embeddable":true,"href":"https:\/\/wegeblw.pl\/index.php\/wp-json\/wp\/v2\/product_cat?post=2286"},{"taxonomy":"product_tag","embeddable":true,"href":"https:\/\/wegeblw.pl\/index.php\/wp-json\/wp\/v2\/product_tag?post=2286"}],"curies":[{"name":"wp","href":"https:\/\/api.w.org\/{rel}","templated":true}]}}