{"id":2288,"date":"2012-11-28T09:16:52","date_gmt":"2012-11-28T08:16:52","guid":{"rendered":"https:\/\/wegeblw.pl\/index.php\/produkt\/okulary-prada-eyewear-spr-19w-1bo-0b7\/"},"modified":"2026-04-10T09:01:15","modified_gmt":"2026-04-10T07:01:15","slug":"okulary-prada-eyewear-spr-19w-1bo-0b7","status":"publish","type":"product","link":"https:\/\/wegeblw.pl\/index.php\/produkt\/okulary-prada-eyewear-spr-19w-1bo-0b7\/","title":{"rendered":"Okulary Prada Eyewear SPR 19W 1BO-0B7"},"content":{"rendered":"<p>Fotelik samochodowy Britax R\u00f6mer KIDFIX III M | 15-36kg | Storm Grey<\/p>\n<p>Stylowy i wygodny KIDFIX III M rozszerza nasz\u0105 popularn\u0105 i cenion\u0105 lini\u0119 KIDFIX. Dzi\u0119ki nowemu projektowi i powi\u0119kszonemu miejscu do siedzenia zapewnia dodatkowy komfort ma\u0142ym i wy\u017cszym dzieciom nawet podczas d\u0142u\u017cszych podr\u00f3\u017cy. Ponadto \u0142\u0105czy nasze sprawdzone rozwi\u0105zania, SICT i SecureGuard daj\u0105c maksymaln\u0105 ochron\u0119 i pewno\u015b\u0107, \u017ce dzieci w wieku od 3.5 do 12 lat podr\u00f3\u017cuj\u0105 bezpiecznie i wygodnie.Warto wiedzie\u0107: KIDFIX III M zosta\u0142 przetestowany przez ADAC (ADAC Motorwelt 06\/2019) otrzymuj\u0105c opini\u0119 \u201cDOBRY\u201d oraz ocen\u0119 1.7.Wygoda zapewniona wszystkimKIDFIX III M zosta\u0142 zaprojektowany tak, by by\u0107 najwygodniejszym siedziskiem z wysokim oparciem na rynku. Jego ergonomiczny design zapewnia podwy\u017cszony komfort Twojemu dziecku nawet podczas d\u0142u\u017cszych podr\u00f3\u017cy. Przed\u0142u\u017cona przestrze\u0144 do siedzenia z mi\u0119kk\u0105 przedni\u0105 stref\u0105 sprawia, \u017ce pozycja n\u00f3g jest jeszcze wygodniejsza nawet dla wy\u017cszych dzieci. Jednocze\u015bnie poszerzone oparcie w kszta\u0142cie litery V pozwala na wygodne dopasowanie dla mniejszych dzieci i zapewnia wi\u0119cej przestrzeni gdy dziecko ro\u015bnie.\u00a0Zadbaj o bezpiecze\u0144stwoBazuj\u0105cy na naszej nagradzanej linii KIDFIX, model KIDFIX III M zosta\u0142 wyposa\u017cony w wyj\u0105tkowe systemy bezpiecze\u0144stwa. Pierwszy w bran\u017cy SecureGuard utrzymuje dolny pas w optymalnej pozycji na ko\u015bciach miednicy Twojego dziecka, a SICT zapewnia ulepszon\u0105 ochron\u0119 przed uderzeniem z boku. W po\u0142\u0105czeniu z du\u017cymi skrzyd\u0142ami bocznymi zapewnia Twojemu dziecku kompletn\u0105 ochron\u0119.\u00a0Elegancki wygl\u0105dNowoczesny design i czarna pow\u0142oka KIDFIX III M wygl\u0105da \u015bwietnie w ka\u017cdym samochodzie. Dodatkowo stylowa pokrywa i wyko\u0144czenie nadaje fotelikowi sportowy wygl\u0105d. W ca\u0142o\u015bci zaprojektowany, opracowany i wyprodukowany w Niemczech KIDFIX III M sprawia, \u017ce dziecko podr\u00f3\u017cuje nie tylko bezpiecznie, ale r\u00f3wnie\u017c w dobrym stylu.                            <\/p>\n<p>Ergonomicznie zoptymalizowana przestrze\u0144 do siedzeniaBy zapewni\u0107 najwy\u017cszy poziom komfortu nawet dla wy\u017cszych dzieci, przestrze\u0144 do siedzenia jest oko\u0142o 20% wi\u0119ksza ni\u017c w podobnych modelach. Ulepszony kszta\u0142t i ekstra mi\u0119kkie wy\u015bcie\u0142anie pozwalaj\u0105 na wygodn\u0105 i ergonomiczn\u0105 pozycj\u0119 siedz\u0105c\u0105 podczas d\u0142u\u017cszych podr\u00f3\u017cy.                            <\/p>\n<p>SecureGuardSecureGuard pomaga chroni\u0107 delikatne okolice brzucha Twojego dziecka poprzez dodatkowy \u2013 czwarty punkt zaczepienia standardowego 3-punktowego pasa bezpiecze\u0144stwa. Utrzymuj\u0105c pas biodrowy w optymalnym po\u0142o\u017ceniu ponad ko\u015b\u0107mi biodrowymi dziecka, SecureGuard pomaga zredukowa\u0107 si\u0142y oddzia\u0142uj\u0105ce na brzuch w sytuacji kolizji czo\u0142owej a\u017c do 35 %*, daj\u0105c dziecku jednocze\u015bnie swobod\u0119 ruch\u00f3w podczas jazdy.*Wewn\u0119trzne testy Britax R\u00f6mer z u\u017cyciem manekina Q6, reprezentuj\u0105cego przeci\u0119tnego sze\u015bciolatkaZaawansowana ochrona w przypadku zderze\u0144 bocznych \u2013 SICTTechnologia SICT daje dziecku ulepszon\u0105 ochron\u0119 w przypadku uderze\u0144 bocznych. Redukuje ona si\u0142y uderzenia poprzez zmniejszenie odleg\u0142o\u015bci mi\u0119dzy wn\u0119trzem samochodu a fotelikiem i poch\u0142oni\u0119cie energii, zanim ta dotrze do dziecka. Aby skorzysta\u0107 z tej ochrony, wystarczy wyregulowa\u0107 SICT z boku fotelika samochodowego znajduj\u0105cego si\u0119 najbli\u017cej drzwi.                            <\/p>\n<p>\u0141atwo regulowany, ergonomiczny zag\u0142\u00f3wekZag\u0142\u00f3wek jest zaprojektowany specjalnie dla starszych dzieci, by zapewni\u0107 im bezpieczn\u0105 pozycj\u0119 w foteliku podczas korzystania z tr\u00f3jpunktowych pas\u00f3w bezpiecze\u0144stwa. Mo\u017cesz \u0142atwo dostosowa\u0107 je do w\u0142a\u015bciwej pozycji nad ramionami Twojego dziecka u\u017cywaj\u0105c jednej r\u0119ki, nawet je\u017celi dziecko siedzi ju\u017c w foteliku. Dodatkowo, zag\u0142\u00f3wek zosta\u0142 ergonomicznie zaprojektowany tak, by podtrzyma\u0107 g\u0142ow\u0119 Twojego dziecka, kiedy za\u015bnie.Oparcie typu V z \u0142atw\u0105 regulacj\u0105Zaprojektowane oparcie w kszta\u0142cie litery V pozwala zyska\u0107 wi\u0119cej miejsca na plecy i ramiona, zapewniaj\u0105c optymalny poziom bezpiecze\u0144stwa. Co wi\u0119cej, oparcie automatycznie dostosowuje si\u0119 do k\u0105ta nachylenia siedzenia, zapewniaj\u0105c lepsze dopasowanie fotelika i wygodn\u0105 pozycj\u0119 dla Twojego dziecka.                            <\/p>\n<p>Ochrona fotelika z wysokim oparciemNasze foteliki z wysokim oparciem chroni\u0105 dziecko na 3 sposoby: wymodelowany kszta\u0142t siedziska zapewnia ochron\u0119 korpusu dziecka od g\u0142owy do bioder \u2013 zw\u0142aszcza w przypadku zderzenia bocznego \u2013 g\u00f3rne i dolne prowadnice pasa umo\u017cliwiaj\u0105 jego prawid\u0142owe umiejscowienie, a wy\u015bcie\u0142any zag\u0142\u00f3wek zapewnia bezpiecze\u0144stwo i komfort dla g\u0142owy i szyi dziecka.                            <\/p>\n<p>Zdejmowany pokrowiecW samochodzie mo\u017ce by\u0107 r\u00f3\u017cnie \u2013 napoje si\u0119 wylewaj\u0105, a dzieci mog\u0105 dosta\u0107 choroby lokomocyjnej. Dlatego zadbali\u015bmy o pokrowiec na fotelik, kt\u00f3ry mo\u017cesz pra\u0107 w pralce. \u0141atwo si\u0119 go zdejmuje, wi\u0119c mo\u017cesz szybko posprz\u0105ta\u0107 i rusza\u0107 w dalsz\u0105 drog\u0119.SpecyfikacjePrzodem do kierunku jazdy 15 &#8211; 36 kgWymiary (W x S x G)67 \u2013 85 x 54 x 43 cmWaga produktu7,5 kg                            <\/p>\n<p>Regulacja: R44 Group 2\/3Ten fotelik powinien by\u0107 zainstalowany zar\u00f3wno za pomoc\u0105 tr\u00f3jpunktowych pas\u00f3w bezpiecze\u0144stwa samochodu, jak i za pomoc\u0105 punkt\u00f3w mocowania ISOFIX. Zapewnia to bezpieczne i trwa\u0142e po\u0142\u0105czenie fotelika z samochodem, nawet je\u017celi dziecko nie siedzi w foteliku.\u00a0Ten fotelik mo\u017ce by\u0107 zainstalowany za pomoc\u0105 tr\u00f3jpunktowych pas\u00f3w bezpiecze\u0144stwa samochodu. To wygodny wyb\u00f3r, je\u017celi zamierzasz przenosi\u0107 fotelik pomi\u0119dzy samochodami, kt\u00f3re mog\u0105 nie mie\u0107 punkt\u00f3w mocowania ISOFIX. Prowadnice pasa na foteliku pomog\u0105 w prawid\u0142owej jego instalacji. Zanim kupisz fotelik, zajrzyj do podr\u0119cznika u\u017cytkowania samochodu i sprawd\u017a zatwierdzone pozycje, popro\u015b te\u017c sprzedawc\u0119 o monta\u017c testowy w Twoim samochodzie (popro\u015b, by przeprowadzi\u0142 go pracownik wyszkolony przez Britax R\u00f6mer).Fotelik w kolorze Storm Grey<\/p>\n<p>Foteliki samochodowe<\/p>\n<p>dere\u0144 jadalny przepisy, pepsyna lub lipaza, boczniaki bia\u0142y nalot, kawa z mniszka, czekolada 99 kakao, glinka egipska, kapusta kiszona sk\u0142ad, myoinozytol, olejek mi\u0119ta pieprzowa, maka orkiszowa, sorgo cena za ton\u0119, siarczan chondroityny i kwas hialuronowy, cytryniec, sok z kiszonej kapusty lidl, mielona czarnuszka<\/p>\n<p><a href=\"https:\/\/wellispolska.com.pl\/flavia\/\">https:\/\/wellispolska.com.pl\/flavia\/<\/a><\/p>\n","protected":false},"excerpt":{"rendered":"<p>Fotelik samochodowy Britax R\u00f6mer KIDFIX III M | 15-36kg | Storm Grey Stylowy i wygodny KIDFIX III M rozszerza nasz\u0105&hellip;<\/p>\n","protected":false},"featured_media":2289,"comment_status":"closed","ping_status":"open","template":"","meta":[],"product_cat":[250],"product_tag":[627,634,642,797,649,654],"class_list":["post-2288","product","type-product","status-publish","has-post-thumbnail","hentry","product_cat-okulary-przeciwsloneczne-damskie","product_tag-agnieszka-cegielska-blog","product_tag-amarantus","product_tag-granat","product_tag-organic-farma-zdrowia","product_tag-organic24","product_tag-plastik-w-oceanach"],"_links":{"self":[{"href":"https:\/\/wegeblw.pl\/index.php\/wp-json\/wp\/v2\/product\/2288","targetHints":{"allow":["GET"]}}],"collection":[{"href":"https:\/\/wegeblw.pl\/index.php\/wp-json\/wp\/v2\/product"}],"about":[{"href":"https:\/\/wegeblw.pl\/index.php\/wp-json\/wp\/v2\/types\/product"}],"replies":[{"embeddable":true,"href":"https:\/\/wegeblw.pl\/index.php\/wp-json\/wp\/v2\/comments?post=2288"}],"wp:featuredmedia":[{"embeddable":true,"href":"https:\/\/wegeblw.pl\/index.php\/wp-json\/wp\/v2\/media\/2289"}],"wp:attachment":[{"href":"https:\/\/wegeblw.pl\/index.php\/wp-json\/wp\/v2\/media?parent=2288"}],"wp:term":[{"taxonomy":"product_cat","embeddable":true,"href":"https:\/\/wegeblw.pl\/index.php\/wp-json\/wp\/v2\/product_cat?post=2288"},{"taxonomy":"product_tag","embeddable":true,"href":"https:\/\/wegeblw.pl\/index.php\/wp-json\/wp\/v2\/product_tag?post=2288"}],"curies":[{"name":"wp","href":"https:\/\/api.w.org\/{rel}","templated":true}]}}