{"id":2306,"date":"2017-11-08T20:36:36","date_gmt":"2017-11-08T19:36:36","guid":{"rendered":"https:\/\/wegeblw.pl\/index.php\/produkt\/guess-bransoletka-damska-queen-of-heart-ubb79009-s\/"},"modified":"2026-04-10T11:32:31","modified_gmt":"2026-04-10T09:32:31","slug":"guess-bransoletka-damska-queen-of-heart-ubb79009-s","status":"publish","type":"product","link":"https:\/\/wegeblw.pl\/index.php\/produkt\/guess-bransoletka-damska-queen-of-heart-ubb79009-s\/","title":{"rendered":"Guess Bransoletka damska Queen Of Heart UBB79009-S"},"content":{"rendered":"<p>Suplementy na odchudzanie<\/p>\n<p>mleka ro\u015blinne, tortilla pszenna, babalski sklep, zepsuty ocet jab\u0142kowy, chrupki pizza, kostki roso\u0142owe bio<\/p>\n<p>yyyyy<\/p>\n","protected":false},"excerpt":{"rendered":"<p>Suplementy na odchudzanie mleka ro\u015blinne, tortilla pszenna, babalski sklep, zepsuty ocet jab\u0142kowy, chrupki pizza, kostki roso\u0142owe bio yyyyy<\/p>\n","protected":false},"featured_media":2307,"comment_status":"closed","ping_status":"open","template":"","meta":[],"product_cat":[257],"product_tag":[744,692,697,727],"class_list":["post-2306","product","type-product","status-publish","has-post-thumbnail","hentry","product_cat-bransoletki","product_tag-haagen-dazs","product_tag-jelito-drazliwe","product_tag-osteoporoza-a-banany","product_tag-sok-plus"],"_links":{"self":[{"href":"https:\/\/wegeblw.pl\/index.php\/wp-json\/wp\/v2\/product\/2306","targetHints":{"allow":["GET"]}}],"collection":[{"href":"https:\/\/wegeblw.pl\/index.php\/wp-json\/wp\/v2\/product"}],"about":[{"href":"https:\/\/wegeblw.pl\/index.php\/wp-json\/wp\/v2\/types\/product"}],"replies":[{"embeddable":true,"href":"https:\/\/wegeblw.pl\/index.php\/wp-json\/wp\/v2\/comments?post=2306"}],"wp:featuredmedia":[{"embeddable":true,"href":"https:\/\/wegeblw.pl\/index.php\/wp-json\/wp\/v2\/media\/2307"}],"wp:attachment":[{"href":"https:\/\/wegeblw.pl\/index.php\/wp-json\/wp\/v2\/media?parent=2306"}],"wp:term":[{"taxonomy":"product_cat","embeddable":true,"href":"https:\/\/wegeblw.pl\/index.php\/wp-json\/wp\/v2\/product_cat?post=2306"},{"taxonomy":"product_tag","embeddable":true,"href":"https:\/\/wegeblw.pl\/index.php\/wp-json\/wp\/v2\/product_tag?post=2306"}],"curies":[{"name":"wp","href":"https:\/\/api.w.org\/{rel}","templated":true}]}}