{"id":2308,"date":"2019-03-26T11:59:19","date_gmt":"2019-03-26T10:59:19","guid":{"rendered":"https:\/\/wegeblw.pl\/index.php\/produkt\/guess-connect-touch-c1001g2\/"},"modified":"2026-04-30T05:42:46","modified_gmt":"2026-04-30T03:42:46","slug":"guess-connect-touch-c1001g2","status":"publish","type":"product","link":"https:\/\/wegeblw.pl\/index.php\/produkt\/guess-connect-touch-c1001g2\/","title":{"rendered":"Guess Connect Touch C1001G2"},"content":{"rendered":"<p>ETUI FUTERA\u0141 NA DZIECI\u0118CEOKULARY SC-10A<\/p>\n<p>Akcesoria do okular\u00f3w<\/p>\n<p>l theanina, sheik bananowy, chleb na proszku do pieczenia, b 50, ketchup premium, m\u0105ka razowa cena, galart, chleb orkiszowy na zakwasie<\/p>\n<p><a href=\"https:\/\/www.dodrukarki.pl\/category\/hp-deskjet-hp-deskjet-3760-tusze\">hp 3760 tusz<\/a><\/p>\n","protected":false},"excerpt":{"rendered":"<p>ETUI FUTERA\u0141 NA DZIECI\u0118CEOKULARY SC-10A Akcesoria do okular\u00f3w l theanina, sheik bananowy, chleb na proszku do pieczenia, b 50, ketchup&hellip;<\/p>\n","protected":false},"featured_media":2309,"comment_status":"closed","ping_status":"open","template":"","meta":[],"product_cat":[254],"product_tag":[659,814,629,777,849],"class_list":["post-2308","product","type-product","status-publish","has-post-thumbnail","hentry","product_cat-zegarki","product_tag-jajka-marynowane-po-koreansku","product_tag-kotlet-linda-mccartney","product_tag-maka-z-ciecierzycy","product_tag-mieso-wege","product_tag-mogli"],"_links":{"self":[{"href":"https:\/\/wegeblw.pl\/index.php\/wp-json\/wp\/v2\/product\/2308","targetHints":{"allow":["GET"]}}],"collection":[{"href":"https:\/\/wegeblw.pl\/index.php\/wp-json\/wp\/v2\/product"}],"about":[{"href":"https:\/\/wegeblw.pl\/index.php\/wp-json\/wp\/v2\/types\/product"}],"replies":[{"embeddable":true,"href":"https:\/\/wegeblw.pl\/index.php\/wp-json\/wp\/v2\/comments?post=2308"}],"wp:featuredmedia":[{"embeddable":true,"href":"https:\/\/wegeblw.pl\/index.php\/wp-json\/wp\/v2\/media\/2309"}],"wp:attachment":[{"href":"https:\/\/wegeblw.pl\/index.php\/wp-json\/wp\/v2\/media?parent=2308"}],"wp:term":[{"taxonomy":"product_cat","embeddable":true,"href":"https:\/\/wegeblw.pl\/index.php\/wp-json\/wp\/v2\/product_cat?post=2308"},{"taxonomy":"product_tag","embeddable":true,"href":"https:\/\/wegeblw.pl\/index.php\/wp-json\/wp\/v2\/product_tag?post=2308"}],"curies":[{"name":"wp","href":"https:\/\/api.w.org\/{rel}","templated":true}]}}