{"id":2326,"date":"2022-09-05T14:41:56","date_gmt":"2022-09-05T12:41:56","guid":{"rendered":"https:\/\/wegeblw.pl\/index.php\/produkt\/guess-seductive-woda-toaletowa-50-ml-tester\/"},"modified":"2026-04-07T02:53:44","modified_gmt":"2026-04-07T00:53:44","slug":"guess-seductive-woda-toaletowa-50-ml-tester","status":"publish","type":"product","link":"https:\/\/wegeblw.pl\/index.php\/produkt\/guess-seductive-woda-toaletowa-50-ml-tester\/","title":{"rendered":"Guess Seductive woda toaletowa 50 ml TESTER"},"content":{"rendered":"<p>Probiotyczny Koktajl Bia\u0142kowy. Pierwszy w Polsce suplement opracowany we wsp\u00f3\u0142pracy z Polsk\u0105 Akademi\u0105 Nauk. Jedyny produkt dost\u0119pny na rynku \u0142\u0105cz\u0105cy wysokiej jako\u015bci koncentrat bia\u0142kowy z bakteriami o w\u0142a\u015bciwo\u015bciach probiotycznych.Bardzo wysokie st\u0119\u017cenie bakterii probiotycznych w 1 gramie produktu \u2013 ponad 200 milion\u00f3w jednostek tworz\u0105cych kolonie, w porcji ponad 5 miliard\u00f3w jednostek tworz\u0105cych kolonie.<\/p>\n<p>Pozosta\u0142e suplementy<\/p>\n<p>dieta bezmleczna produkty zakazane, przepi\u00f3rcze jajka, \u0142agodny rozrost prostaty, lions.mane, kolagen rybi 5000 mg, gr\u00f8n balance, koci pazur swanson, naturalne olejki zapachowe do domu, daktyle medjoul, napoje energetyczne, mata bambusowa do sushi, blackberry owoc, l tianina, wege burger cena<\/p>\n<p>yyyyy<\/p>\n","protected":false},"excerpt":{"rendered":"<p>Probiotyczny Koktajl Bia\u0142kowy. Pierwszy w Polsce suplement opracowany we wsp\u00f3\u0142pracy z Polsk\u0105 Akademi\u0105 Nauk. Jedyny produkt dost\u0119pny na rynku \u0142\u0105cz\u0105cy&hellip;<\/p>\n","protected":false},"featured_media":2327,"comment_status":"closed","ping_status":"open","template":"","meta":[],"product_cat":[78],"product_tag":[774,874,783,638,750],"class_list":["post-2326","product","type-product","status-publish","has-post-thumbnail","hentry","product_cat-perfumy-i-wody-meskie","product_tag-cytryny-ekologiczne","product_tag-czym-mozna-zastapic-jogurt-naturalny","product_tag-majonez-vita-pol","product_tag-onlybio-odzywka","product_tag-pasta-tahini-do-czego"],"_links":{"self":[{"href":"https:\/\/wegeblw.pl\/index.php\/wp-json\/wp\/v2\/product\/2326","targetHints":{"allow":["GET"]}}],"collection":[{"href":"https:\/\/wegeblw.pl\/index.php\/wp-json\/wp\/v2\/product"}],"about":[{"href":"https:\/\/wegeblw.pl\/index.php\/wp-json\/wp\/v2\/types\/product"}],"replies":[{"embeddable":true,"href":"https:\/\/wegeblw.pl\/index.php\/wp-json\/wp\/v2\/comments?post=2326"}],"wp:featuredmedia":[{"embeddable":true,"href":"https:\/\/wegeblw.pl\/index.php\/wp-json\/wp\/v2\/media\/2327"}],"wp:attachment":[{"href":"https:\/\/wegeblw.pl\/index.php\/wp-json\/wp\/v2\/media?parent=2326"}],"wp:term":[{"taxonomy":"product_cat","embeddable":true,"href":"https:\/\/wegeblw.pl\/index.php\/wp-json\/wp\/v2\/product_cat?post=2326"},{"taxonomy":"product_tag","embeddable":true,"href":"https:\/\/wegeblw.pl\/index.php\/wp-json\/wp\/v2\/product_tag?post=2326"}],"curies":[{"name":"wp","href":"https:\/\/api.w.org\/{rel}","templated":true}]}}